{"id":14135,"date":"2025-01-13T16:49:25","date_gmt":"2025-01-13T16:49:25","guid":{"rendered":"https:\/\/deniperez.com\/?page_id=14135"},"modified":"2025-01-23T15:49:09","modified_gmt":"2025-01-23T15:49:09","slug":"kadernicke-sluzby","status":"publish","type":"page","link":"https:\/\/deniperez.com\/?page_id=14135","title":{"rendered":"Kade\u0159nick\u00e9 slu\u017eby"},"content":{"rendered":"<div class=\"wpb-content-wrapper\"><p>[vc_section full_width=&#8221;stretch_row&#8221; pix_over_visibility=&#8221;&#8221; pix_visibility=&#8221;1&#8243; css=&#8221;.vc_custom_1592838840336{padding-top: 80px !important;padding-bottom: 80px !important;background-color: #ffffff !important;}&#8221;][vc_row full_width=&#8221;stretch_row&#8221; pix_particles_check=&#8221;&#8221; css=&#8221;.vc_custom_1591576451470{padding-bottom: 40px !important;}&#8221;][vc_column content_align=&#8221;text-center&#8221; offset=&#8221;vc_col-lg-offset-2 vc_col-lg-8&#8243;]<div id=\"duo-icon-24482694\" class=\"pix-icon text-center \"><div class=\"rounded-circle d-inline-block feature_img bg-gradient-primary-light \"   style=\" width:96px;height:96px;position:relative;line-height:96px;text-align:center;\"><span style=\"display:inline-block;font-size:48px;line-height:48px;\" class=\"text-primary align-middle\">\ud83d\ude4b\ud83c\udffc\u200d\u2640\ufe0f<\/span><\/div><\/div><div id=\"el1736787560955-0f408841-eb7f\" class=\"mb-3 text-center  vc_custom_1736787658980\"><h2 class=\"mb-32 pix-sliding-headline-2 animate-in font-weight-bold secondary-font \" data-anim-type=\"pix-sliding-text\" pix-anim-delay=\"500\" data-class=\"secondary-font text-gradient-primary\" style=\"\"><span class=\"slide-in-container \"><span class=\"pix-sliding-item secondary-font text-gradient-primary\" style=\"transition-delay: 0ms;\">Kade\u0159nick\u00e9&#32;<\/span><\/span> <span class=\"slide-in-container \"><span class=\"pix-sliding-item secondary-font text-gradient-primary\" style=\"transition-delay: 150ms;\">slu\u017eby&#32;<\/span><\/span> <\/h2><\/div><div class=\"pix-el-text w-100   vc_custom_1736787711875\" ><p class=\"text-20  text-gray-8  \" ><span class=\"text-gray-8 animate-in d-inline-block\" data-anim-delay=\"600\" data-anim-type=\"fade-in-up\">Na\u0161e kade\u0159nick\u00e9 studio nab\u00edz\u00ed \u0161irokou \u0161k\u00e1lu profesion\u00e1ln\u00edch slu\u017eeb, kter\u00e9 spln\u00ed o\u010dek\u00e1v\u00e1n\u00ed d\u011btsk\u00fdch, d\u00e1msk\u00fdch i p\u00e1nsk\u00fdch klient\u016f. Na jednom m\u00edst\u011b m\u016f\u017eete naj\u00edt v\u0161e, co pot\u0159ebujete pro dokonal\u00fd vzhled a zdrav\u00e9 vlasy.<\/span><\/p><\/div>[\/vc_column][\/vc_row][vc_row content_placement=&#8221;middle&#8221; pix_particles_check=&#8221;&#8221;][vc_column content_align=&#8221;text-center&#8221;]<div id=\"pix-el-1736787561266-e852616c-4656\" class=\" \"><div class=\"pix_tabs_container pix-waiting\" data-icons-pos=\"\"><div class=\"nav  nav-pills pix_tabs_btns justify-content-center  pix-pills-1 mb-4 \" data-anim-type=\"\" role=\"tablist\" data-anim-delay=\"0\" id=\"v-pills-tab\"  aria-orientation=\"vertical\"><div class=\"nav-item\"><a class=\"nav-link pix-tabs-btn text-24 pix-px-25 py-1 py-md-2 my-2 font-weight-bold\" data-id=\"1591574688547-2bdb8daa-b4b2\" role=\"tab\" id=\"pix-tab-btn-1591574688547-2bdb8daa-b4b2\" data-toggle=\"pill\" href=\"#pix-tab-1591574688547-2bdb8daa-b4b2\"  aria-controls=\"pix-tab-1591574688547-2bdb8daa-b4b2\"><i class=\"pixicon-user-4 mr-1 mr-md-2\"><\/i> O slu\u017eb\u00e1ch<\/a><\/div><div class=\"nav-item\"><a class=\"nav-link pix-tabs-btn text-24 pix-px-25 py-1 py-md-2 my-2 font-weight-bold\" data-id=\"1591574688554-b6aad26d-6aa5\" role=\"tab\" id=\"pix-tab-btn-1591574688554-b6aad26d-6aa5\" data-toggle=\"pill\" href=\"#pix-tab-1591574688554-b6aad26d-6aa5\"  aria-controls=\"pix-tab-1591574688554-b6aad26d-6aa5\"><i class=\"pixicon-photo2 mr-1 mr-md-2\"><\/i> Fotogalerie<\/a><\/div><\/div><div class=\"pix_tabs_content \" data-anim-type=\"\" data-anim-delay=\"0\"><div class=\"tab-content \"><div class=\"tab-pane  show   vc_custom_1736787961478\" role=\"tabpanel\" data-toggle2=\"tab\" id=\"pix-tab-1591574688547-2bdb8daa-b4b2\" data-bold=\"font-weight-bold\" data-italic=\"\" data-secondary=\"\" data-id=\"1591574688547-2bdb8daa-b4b2\" data-icon=\"pixicon-user-4\" data-title=\"O slu\u017eb\u00e1ch\" aria-labelledby=\"pix-tab-1591574688547-2bdb8daa-b4b2\">[vc_row_inner content_placement=&#8221;middle&#8221; css=&#8221;.vc_custom_1591572808956{padding-bottom: 100px !important;}&#8221;][vc_column_inner width=&#8221;1\/2&#8243; offset=&#8221;vc_hidden-sm vc_hidden-xs&#8221;]<div class=\"pix-photo-stack position-relative w-100 d-inline-block pix-img-2  vc_custom_1736792068853\"><div class=\"img-el\" ><div class=\"w-100 pix-bounce-sm \"><div class=\"animate-in d-inline-block w-100\" data-anim-type=\"fade-in-up\" data-anim-delay=\"0\"><div class=\"tilt_small\"><img loading=\"lazy\" decoding=\"async\" width=\"1513\" height=\"2048\" class=\"pix-lazy rounded-lg shadow-lg shadow-hover-lg fly-sm d-inline-block\" loading=\"lazy\" data-srcset=\"https:\/\/deniperez.com\/wp-content\/uploads\/2025\/01\/po2-1-222x300.jpg 222w, https:\/\/deniperez.com\/wp-content\/uploads\/2025\/01\/po2-1-757x1024.jpg 757w, https:\/\/deniperez.com\/wp-content\/uploads\/2025\/01\/po2-1-768x1040.jpg 768w, https:\/\/deniperez.com\/wp-content\/uploads\/2025\/01\/po2-1-1135x1536.jpg 1135w, https:\/\/deniperez.com\/wp-content\/uploads\/2025\/01\/po2-1.jpg 1513w\" src=\"https:\/\/deniperez.com\/wp-content\/plugins\/pixfort-core\/functions\/images\/loading.webp\" data-src=\"https:\/\/deniperez.com\/wp-content\/uploads\/2025\/01\/po2-1.jpg\" alt=\"\" \/><\/div><\/div><\/div><\/div><div class=\"img-el\" ><div class=\"w-100 pix-bounce-sm \"><div class=\"animate-in d-inline-block w-100\" data-anim-type=\"fade-in-up\" data-anim-delay=\"100\"><div class=\"tilt_small\"><img loading=\"lazy\" decoding=\"async\" width=\"1420\" height=\"2048\" class=\"pix-lazy rounded-lg shadow-lg shadow-hover-lg fly-sm d-inline-block\" loading=\"lazy\" data-srcset=\"https:\/\/deniperez.com\/wp-content\/uploads\/2025\/01\/po4-208x300.jpg 208w, https:\/\/deniperez.com\/wp-content\/uploads\/2025\/01\/po4-710x1024.jpg 710w, https:\/\/deniperez.com\/wp-content\/uploads\/2025\/01\/po4-768x1108.jpg 768w, https:\/\/deniperez.com\/wp-content\/uploads\/2025\/01\/po4-1065x1536.jpg 1065w, https:\/\/deniperez.com\/wp-content\/uploads\/2025\/01\/po4.jpg 1420w\" src=\"https:\/\/deniperez.com\/wp-content\/plugins\/pixfort-core\/functions\/images\/loading.webp\" data-src=\"https:\/\/deniperez.com\/wp-content\/uploads\/2025\/01\/po4.jpg\" alt=\"\" \/><\/div><\/div><\/div><\/div><\/div><div class=\"pix-photo-stack position-relative w-100 d-inline-block pix-img-2  vc_custom_1736792125658\"><div class=\"img-el\" ><div class=\"w-100 pix-bounce-sm \"><div class=\"animate-in d-inline-block w-100\" data-anim-type=\"fade-in-up\" data-anim-delay=\"0\"><div class=\"tilt_small\"><img loading=\"lazy\" decoding=\"async\" width=\"1373\" height=\"2048\" class=\"pix-lazy rounded-lg shadow-lg shadow-hover-lg fly-sm d-inline-block\" loading=\"lazy\" data-srcset=\"https:\/\/deniperez.com\/wp-content\/uploads\/2025\/01\/po5-201x300.jpg 201w, https:\/\/deniperez.com\/wp-content\/uploads\/2025\/01\/po5-687x1024.jpg 687w, https:\/\/deniperez.com\/wp-content\/uploads\/2025\/01\/po5-768x1146.jpg 768w, https:\/\/deniperez.com\/wp-content\/uploads\/2025\/01\/po5-1030x1536.jpg 1030w, https:\/\/deniperez.com\/wp-content\/uploads\/2025\/01\/po5.jpg 1373w\" src=\"https:\/\/deniperez.com\/wp-content\/plugins\/pixfort-core\/functions\/images\/loading.webp\" data-src=\"https:\/\/deniperez.com\/wp-content\/uploads\/2025\/01\/po5.jpg\" alt=\"\" \/><\/div><\/div><\/div><\/div><div class=\"img-el\" ><div class=\"w-100 pix-bounce-sm \"><div class=\"animate-in d-inline-block w-100\" data-anim-type=\"fade-in-up\" data-anim-delay=\"100\"><div class=\"tilt_small\"><img loading=\"lazy\" decoding=\"async\" width=\"1878\" height=\"2048\" class=\"pix-lazy rounded-lg shadow-lg shadow-hover-lg fly-sm d-inline-block\" loading=\"lazy\" data-srcset=\"https:\/\/deniperez.com\/wp-content\/uploads\/2025\/01\/po6-275x300.jpg 275w, https:\/\/deniperez.com\/wp-content\/uploads\/2025\/01\/po6-939x1024.jpg 939w, https:\/\/deniperez.com\/wp-content\/uploads\/2025\/01\/po6-768x838.jpg 768w, https:\/\/deniperez.com\/wp-content\/uploads\/2025\/01\/po6-1409x1536.jpg 1409w, https:\/\/deniperez.com\/wp-content\/uploads\/2025\/01\/po6.jpg 1878w\" src=\"https:\/\/deniperez.com\/wp-content\/plugins\/pixfort-core\/functions\/images\/loading.webp\" data-src=\"https:\/\/deniperez.com\/wp-content\/uploads\/2025\/01\/po6.jpg\" alt=\"\" \/><\/div><\/div><\/div><\/div><\/div>[\/vc_column_inner][vc_column_inner width=&#8221;1\/2&#8243; css=&#8221;.vc_custom_1736872389353{margin-bottom: 500px !important;padding-right: 30px !important;padding-left: 30px !important;}&#8221;]<div id=\"1736790853243-a64b69d1-97b6\" class=\"pix-feature-el text-left  vc_custom_1736790879994\"><h3 class=\"font-weight-bold   text-heading-default \" style=\"padding-top:20px;\"  >Na\u0161e slu\u017eby<\/h3><div class=\"text-text-gray      \" style=\"padding-top:20px;\"  ><\/div><\/div><div id=\"1736788180305-937f616b-3fea\" class=\"pix-feature-el text-left \"><h5 class=\"font-weight-bold   text-heading-default \" style=\"padding-top:20px;\"  >D\u011btsk\u00fd st\u0159ih do 10 let<\/h5><div class=\"text-text-gray      \" style=\"padding-top:20px;\"  ><\/div><\/div><div class=\"pix-el-text w-100   vc_custom_1736790019374\" ><p class=\"text-20  text-dark-opacity-6  \" ><span class=\"text-dark-opacity-6 animate-in d-inline-block\" data-anim-delay=\"100\" data-anim-type=\"fade-in-up\">St\u0159\u00edh\u00e1n\u00ed d\u011bt\u00ed je pro n\u00e1s radost\u00ed. Nab\u00edz\u00edme rychlou, pohodlnou a z\u00e1bavnou slu\u017ebu, aby se va\u0161e d\u00edt\u011b c\u00edtilo p\u0159\u00edjemn\u011b a sebev\u011bdom\u011b.<\/span><\/p><\/div><div id=\"1736788369986-579f5d4a-cf53\" class=\"pix-feature-el text-left \"><h5 class=\"font-weight-bold   text-heading-default \" style=\"padding-top:20px;\"  >D\u00e1msk\u00fd st\u0159ih<\/h5><div class=\"text-text-gray      \" style=\"padding-top:20px;\"  ><\/div><\/div><div class=\"pix-el-text w-100   vc_custom_1736790029841\" ><p class=\"text-20  text-dark-opacity-6  \" ><span class=\"text-dark-opacity-6 animate-in d-inline-block\" data-anim-delay=\"100\" data-anim-type=\"fade-in-up\">Na\u0161i stylist\u00e9 jsou specialist\u00e9 na v\u00fdrazn\u00e9 prom\u011bny i jemn\u00e9 \u00fapravy. Nab\u00edz\u00edme konzultace a individu\u00e1ln\u00ed p\u0159\u00edstup pro ka\u017edou klientku.<\/span><\/p><\/div><div id=\"1736789016918-20e29bcd-6b75\" class=\"pix-feature-el text-left \"><h5 class=\"font-weight-bold   text-heading-default \" style=\"padding-top:20px;\"  >P\u00e1nsk\u00fd st\u0159ih<\/h5><div class=\"text-text-gray      \" style=\"padding-top:20px;\"  ><\/div><\/div><div class=\"pix-el-text w-100   vc_custom_1736790038476\" ><p class=\"text-20  text-dark-opacity-6  \" ><span class=\"text-dark-opacity-6 animate-in d-inline-block\" data-anim-delay=\"100\" data-anim-type=\"fade-in-up\">Modern\u00ed, klasick\u00e9 i kreativn\u00ed p\u00e1nsk\u00e9 \u00fapravy vlas\u016f, kter\u00e9 podtrhnou va\u0161i osobnost a styl.<\/span><\/p><\/div><div id=\"1736789071160-0bb289a3-bd6e\" class=\"pix-feature-el text-left \"><h5 class=\"font-weight-bold   text-heading-default \" style=\"padding-top:20px;\"  >Myt\u00ed + foukan\u00e1<\/h5><div class=\"text-text-gray      \" style=\"padding-top:20px;\"  ><\/div><\/div><div class=\"pix-el-text w-100   vc_custom_1736790044716\" ><p class=\"text-20  text-dark-opacity-6  \" ><span class=\"text-dark-opacity-6 animate-in d-inline-block\" data-anim-delay=\"100\" data-anim-type=\"fade-in-up\">Pro perfektn\u00ed vzhled a zdrav\u00e9 vlasy nab\u00edz\u00edme profesion\u00e1ln\u00ed myt\u00ed s kvalitn\u00ed kosmetikou a foukanou pro dlouhotrvaj\u00edc\u00ed efekt.<\/span><\/p><\/div><div id=\"1736789135221-42211702-e124\" class=\"pix-feature-el text-left \"><h5 class=\"font-weight-bold   text-heading-default \" style=\"padding-top:20px;\"  >\u00daprava vous\u016f<\/h5><div class=\"text-text-gray      \" style=\"padding-top:20px;\"  ><\/div><\/div><div class=\"pix-el-text w-100   vc_custom_1736790054781\" ><p class=\"text-20  text-dark-opacity-6  \" ><span class=\"text-dark-opacity-6 animate-in d-inline-block\" data-anim-delay=\"100\" data-anim-type=\"fade-in-up\">Detailn\u00ed tvarov\u00e1n\u00ed a o\u0161et\u0159en\u00ed vous\u016f dle nejnov\u011bj\u0161\u00edch trend\u016f, kter\u00e9 podtrhne va\u0161e rysy a zanech\u00e1 profesion\u00e1ln\u00ed dojem.<\/span><\/p><\/div><div id=\"1736789183250-0470cbc5-740d\" class=\"pix-feature-el text-left \"><h5 class=\"font-weight-bold   text-heading-default \" style=\"padding-top:20px;\"  >Barva<\/h5><div class=\"text-text-gray      \" style=\"padding-top:20px;\"  ><\/div><\/div><div class=\"pix-el-text w-100   vc_custom_1736790061397\" ><p class=\"text-20  text-dark-opacity-6  \" ><span class=\"text-dark-opacity-6 animate-in d-inline-block\" data-anim-delay=\"100\" data-anim-type=\"fade-in-up\">Nab\u00edz\u00edme \u0161irok\u00fd v\u00fdb\u011br barevn\u00fdch odst\u00edn\u016f a technik, kter\u00e9 dodaj\u00ed vlas\u016fm jedine\u010dn\u00fd vzhled.<\/span><\/p><\/div><div id=\"1736788911718-4864acaf-f5e7\" class=\"pix-feature-el text-left \"><h5 class=\"font-weight-bold   text-heading-default \" style=\"padding-top:20px;\"  >Zesv\u011btlovac\u00ed techniky<\/h5><div class=\"text-text-gray      \" style=\"padding-top:20px;\"  ><\/div><\/div><div class=\"pix-el-text w-100   vc_custom_1736790068915\" ><p class=\"text-20  text-dark-opacity-6  \" ><span class=\"text-dark-opacity-6 animate-in d-inline-block\" data-anim-delay=\"100\" data-anim-type=\"fade-in-up\">Od balayage po airtouch \u2013 vytv\u00e1\u0159en\u00ed plynul\u00fdch a p\u0159irozen\u00fdch p\u0159echod\u016f, kter\u00e9 podtrhnou va\u0161i kr\u00e1su.<\/span><\/p><\/div><div id=\"1736789279532-9172af24-1eb6\" class=\"pix-feature-el text-left \"><h5 class=\"font-weight-bold   text-heading-default \" style=\"padding-top:20px;\"  >Stahov\u00e1n\u00ed barvy<\/h5><div class=\"text-text-gray      \" style=\"padding-top:20px;\"  ><\/div><\/div><div class=\"pix-el-text w-100   vc_custom_1736790075375\" ><p class=\"text-20  text-dark-opacity-6  \" ><span class=\"text-dark-opacity-6 animate-in d-inline-block\" data-anim-delay=\"100\" data-anim-type=\"fade-in-up\">Bezpe\u010dn\u00e9 odstran\u011bn\u00ed ne\u017e\u00e1douc\u00ed barvy z vlas\u016f, p\u0159i\u010dem\u017e zachov\u00e1me jejich kvalitu a zdrav\u00ed.<\/span><\/p><\/div><div id=\"1736789315241-070aa324-6f58\" class=\"pix-feature-el text-left \"><h5 class=\"font-weight-bold   text-heading-default \" style=\"padding-top:20px;\"  >\u010ci\u0161t\u011bn\u00ed vlas\u016f<\/h5><div class=\"text-text-gray      \" style=\"padding-top:20px;\"  ><\/div><\/div><div class=\"pix-el-text w-100   vc_custom_1736790085919\" ><p class=\"text-20  text-dark-opacity-6  \" ><span class=\"text-dark-opacity-6 animate-in d-inline-block\" data-anim-delay=\"100\" data-anim-type=\"fade-in-up\">Hloubkov\u00e9 o\u0161et\u0159en\u00ed, kter\u00e9 zbav\u00ed vlasy ne\u010distot, zbytk\u016f kosmetiky a obnov\u00ed jejich p\u0159irozen\u00fd lesk.<\/span><\/p><\/div><div id=\"1736789375678-de6165de-31f8\" class=\"pix-feature-el text-left \"><h5 class=\"font-weight-bold   text-heading-default \" style=\"padding-top:20px;\"  >Trichologick\u00e9 vy\u0161et\u0159en\u00ed<\/h5><div class=\"text-text-gray      \" style=\"padding-top:20px;\"  ><\/div><\/div><div class=\"pix-el-text w-100   vc_custom_1737647338512\" ><p class=\"text-20  text-dark-opacity-6  \" ><span class=\"text-dark-opacity-6 animate-in d-inline-block\" data-anim-delay=\"100\" data-anim-type=\"fade-in-up\">Odborn\u00e1 anal\u00fdza vlas\u016f a poko\u017eky hlavy s c\u00edlem identifikovat probl\u00e9my, jako je pad\u00e1n\u00ed vlas\u016f, l\u00e1mavost, nebo jak\u00fdkoliv jin\u00fd probl\u00e9m, nap\u0159\u00edklad seboreu.<\/span><\/p><\/div><div id=\"1736789441901-2884455a-2d49\" class=\"pix-feature-el text-left \"><h5 class=\"font-weight-bold   text-heading-default \" style=\"padding-top:20px;\"  >Trichologick\u00e9 o\u0161et\u0159en\u00ed<\/h5><div class=\"text-text-gray      \" style=\"padding-top:20px;\"  ><\/div><\/div><div class=\"pix-el-text w-100   vc_custom_1736790098157\" ><p class=\"text-20  text-dark-opacity-6  \" ><span class=\"text-dark-opacity-6 animate-in d-inline-block\" data-anim-delay=\"100\" data-anim-type=\"fade-in-up\">Speci\u00e1ln\u00ed p\u00e9\u010de navr\u017een\u00e1 na m\u00edru pro obnovu zdrav\u00ed va\u0161ich vlas\u016f a poko\u017eky.<\/span><\/p><\/div><div id=\"1736789455176-6d5974b2-5d4f\" class=\"pix-feature-el text-left \"><h5 class=\"font-weight-bold   text-heading-default \" style=\"padding-top:20px;\"  >Spole\u010densk\u00fd \u00fa\u010des<\/h5><div class=\"text-text-gray      \" style=\"padding-top:20px;\"  ><\/div><\/div><div class=\"pix-el-text w-100   vc_custom_1736790104861\" ><p class=\"text-20  text-dark-opacity-6  \" ><span class=\"text-dark-opacity-6 animate-in d-inline-block\" data-anim-delay=\"100\" data-anim-type=\"fade-in-up\">Pro slavnostn\u00ed p\u0159\u00edle\u017eitosti jako jsou plesy, svatby nebo oslavy vytv\u00e1\u0159\u00edm elegantn\u00ed a origin\u00e1ln\u00ed \u00fa\u010desy, kter\u00e9 zaujmou.<\/span><\/p><\/div><div class=\"pix-circles-elem d-inline-block2 d-flex flex-column flex-sm-row w-100 text-center2 align-items-center2 justify-content-center justify-content-sm-start  \"><div class=\"pix-circles pix-sm-circles d-inline-flex align-items-center align-middle justify-content-center justify-content-sm-start\"><\/div><div class=\"pix-ml-5 align-items-center align-items-center d-flex pt-md-0 pt-3 justify-content-center justify-content-sm-start\"><a  href=\"https:\/\/deniperez.com\/?page_id=14120\" class=\"btn mb-0     shadow shadow-hover btn-secondary d-inline-block pix-hover-item       animate-in btn-normal\"   data-anim-type=\"fade-in-left\" data-anim-delay=\"500\" ><span class=\"font-weight-bold \" >Kompletn\u00ed cen\u00edk kade\u0159nick\u00fdch slu\u017eeb<\/span> <i class=\"font-weight-bold pixicon-angle-right  pix-hover-right  ml-1\"><\/i><\/a><\/div><\/div>[\/vc_column_inner][\/vc_row_inner]<\/div><div class=\"tab-pane  show  \" role=\"tabpanel\" data-toggle2=\"tab\" id=\"pix-tab-1591574688554-b6aad26d-6aa5\" data-bold=\"font-weight-bold\" data-italic=\"\" data-secondary=\"\" data-id=\"1591574688554-b6aad26d-6aa5\" data-icon=\"pixicon-photo2\" data-title=\"Fotogalerie\" aria-labelledby=\"pix-tab-1591574688554-b6aad26d-6aa5\"><div  class=\"pix-heading-el text-center \"><div><div class=\"slide-in-container2\"><h1 class=\"text-body-default font-weight-bold heading-text el-title_custom_color mb-12\" style=\"\" data-anim-type=\"\" data-anim-delay=\"0\">P\u0159ed<\/h1><\/div><\/div><\/div>[vc_row_inner content_placement=&#8221;middle&#8221; css=&#8221;.vc_custom_1591575720207{padding-bottom: 80px !important;}&#8221;][vc_column_inner width=&#8221;1\/3&#8243;][\/vc_column_inner][vc_column_inner width=&#8221;1\/3&#8243;]<div class=\"d-inline-block \" ><div class=\"animate-in  d-inline-block\" data-anim-type=\"fade-in-up\" data-anim-delay=\"0\"><div class=\"pix-img-el    shadow-lg shadow-hover-lg fly-sm text-center d-inline-block  w-100 rounded-xl\"  ><img fetchpriority=\"high\" decoding=\"async\" class=\"card-img2 pix-img-elem rounded-xl  h-1002\" style=\"height:auto;\" width=\"451\" height=\"630\" srcset=\"https:\/\/deniperez.com\/wp-content\/uploads\/2025\/01\/pred1.jpg 451w, https:\/\/deniperez.com\/wp-content\/uploads\/2025\/01\/pred1-215x300.jpg 215w\" sizes=\"(max-width: 451px) 100vw, 451px\" src=\"https:\/\/deniperez.com\/wp-content\/uploads\/2025\/01\/pred1.jpg\" alt=\"Image link\" \/><\/div><\/div><\/div>[\/vc_column_inner][vc_column_inner width=&#8221;1\/3&#8243;][\/vc_column_inner][\/vc_row_inner]<div  class=\"pix-heading-el text-center \"><div><div class=\"slide-in-container2\"><h1 class=\"text-body-default font-weight-bold heading-text el-title_custom_color mb-12\" style=\"\" data-anim-type=\"\" data-anim-delay=\"0\">Po<\/h1><\/div><\/div><\/div>[vc_row_inner content_placement=&#8221;middle&#8221; css=&#8221;.vc_custom_1591575720207{padding-bottom: 80px !important;}&#8221;][vc_column_inner width=&#8221;1\/3&#8243;]<div class=\"d-inline-block \" ><div class=\"pix-img-el    text-left d-inline-block  w-100 rounded-0\"  ><img decoding=\"async\" class=\"card-img2 pix-img-elem rounded-0  h-1002\" style=\"height:auto;\" width=\"507\" height=\"698\" srcset=\"https:\/\/deniperez.com\/wp-content\/uploads\/2025\/01\/po3.jpg 507w, https:\/\/deniperez.com\/wp-content\/uploads\/2025\/01\/po3-218x300.jpg 218w\" sizes=\"(max-width: 507px) 100vw, 507px\" src=\"https:\/\/deniperez.com\/wp-content\/uploads\/2025\/01\/po3.jpg\" alt=\"Image link\" \/><\/div><\/div>[\/vc_column_inner][vc_column_inner width=&#8221;1\/3&#8243;]<div class=\"d-inline-block \" ><div class=\"pix-img-el    text-left d-inline-block  w-100 rounded-0\"  ><img decoding=\"async\" class=\"card-img2 pix-img-elem rounded-0  h-1002\" style=\"height:auto;\" width=\"1065\" height=\"2048\" srcset=\"https:\/\/deniperez.com\/wp-content\/uploads\/2025\/01\/po1.jpg 1065w, https:\/\/deniperez.com\/wp-content\/uploads\/2025\/01\/po1-156x300.jpg 156w, https:\/\/deniperez.com\/wp-content\/uploads\/2025\/01\/po1-533x1024.jpg 533w, https:\/\/deniperez.com\/wp-content\/uploads\/2025\/01\/po1-768x1477.jpg 768w, https:\/\/deniperez.com\/wp-content\/uploads\/2025\/01\/po1-799x1536.jpg 799w\" sizes=\"(max-width: 1065px) 100vw, 1065px\" src=\"https:\/\/deniperez.com\/wp-content\/uploads\/2025\/01\/po1.jpg\" alt=\"Image link\" \/><\/div><\/div>[\/vc_column_inner][vc_column_inner width=&#8221;1\/3&#8243;]<div class=\"d-inline-block \" ><div class=\"pix-img-el    text-left d-inline-block  w-100 rounded-0\"  ><img loading=\"lazy\" decoding=\"async\" class=\"card-img2 pix-img-elem rounded-0  h-1002\" style=\"height:auto;\" width=\"1513\" height=\"2048\" srcset=\"https:\/\/deniperez.com\/wp-content\/uploads\/2025\/01\/po2.jpg 1513w, https:\/\/deniperez.com\/wp-content\/uploads\/2025\/01\/po2-222x300.jpg 222w, https:\/\/deniperez.com\/wp-content\/uploads\/2025\/01\/po2-757x1024.jpg 757w, https:\/\/deniperez.com\/wp-content\/uploads\/2025\/01\/po2-768x1040.jpg 768w, https:\/\/deniperez.com\/wp-content\/uploads\/2025\/01\/po2-1135x1536.jpg 1135w\" sizes=\"(max-width: 1513px) 100vw, 1513px\" src=\"https:\/\/deniperez.com\/wp-content\/uploads\/2025\/01\/po2.jpg\" alt=\"Image link\" \/><\/div><\/div>[\/vc_column_inner][\/vc_row_inner]<\/div><\/div><\/div><\/div><\/div>[\/vc_column][\/vc_row][\/vc_section][vc_section full_width=&#8221;stretch_row&#8221; pix_over_visibility=&#8221;&#8221; bottom_divider_select=&#8221;19&#8243; b_has_animation=&#8221;true&#8221; b_2_is_gradient=&#8221;true&#8221; b_2_color=&#8221;rgba(255,255,255,0.7)&#8221; b_2_color_2=&#8221;rgba(255,255,255,0.7)&#8221; b_2_animation=&#8221;fade-in-up&#8221; b_3_is_gradient=&#8221;true&#8221; b_3_color=&#8221;#e9ecef&#8221; b_3_color_2=&#8221;#dee2e6&#8243; b_3_animation=&#8221;fade-in-up&#8221; css=&#8221;.vc_custom_1593125780553{padding-top: 80px !important;padding-bottom: 80px !important;background-color: #f8f9fa !important;}&#8221; b_3_delay=&#8221;200&#8243;][\/vc_section]<\/p>\n<\/div>","protected":false},"excerpt":{"rendered":"[vc_section full_width=&#8221;stretch_row&#8221; pix_over_visibility=&#8221;&#8221; pix_visibility=&#8221;1&#8243; css=&#8221;.vc_custom_1592838840336{padding-top: 80px !important;padding-bottom: 80px !important;background-color: #ffffff !important;}&#8221;][vc_row full_width=&#8221;stretch_row&#8221; pix_particles_check=&#8221;&#8221; css=&#8221;.vc_custom_1591576451470{padding-bottom: 40px !important;}&#8221;][vc_column content_align=&#8221;text-center&#8221; offset=&#8221;vc_col-lg-offset-2 vc_col-lg-8&#8243;][\/vc_column][\/vc_row][vc_row content_placement=&#8221;middle&#8221; pix_particles_check=&#8221;&#8221;][vc_column content_align=&#8221;text-center&#8221;][\/vc_column][\/vc_row][\/vc_section][vc_section full_width=&#8221;stretch_row&#8221; pix_over_visibility=&#8221;&#8221; bottom_divider_select=&#8221;19&#8243; b_has_animation=&#8221;true&#8221; b_2_is_gradient=&#8221;true&#8221; b_2_color=&#8221;rgba(255,255,255,0.7)&#8221; b_2_color_2=&#8221;rgba(255,255,255,0.7)&#8221; b_2_animation=&#8221;fade-in-up&#8221; b_3_is_gradient=&#8221;true&#8221; b_3_color=&#8221;#e9ecef&#8221; b_3_color_2=&#8221;#dee2e6&#8243; b_3_animation=&#8221;fade-in-up&#8221; css=&#8221;.vc_custom_1593125780553{padding-top: 80px !important;padding-bottom: 80px !important;background-color: #f8f9fa&#8230;","protected":false},"author":1,"featured_media":0,"parent":0,"menu_order":0,"comment_status":"closed","ping_status":"closed","template":"","meta":{"om_disable_all_campaigns":false,"_monsterinsights_skip_tracking":false,"_monsterinsights_sitenote_active":false,"_monsterinsights_sitenote_note":"","_monsterinsights_sitenote_category":0,"footnotes":""},"aioseo_notices":[],"_links":{"self":[{"href":"https:\/\/deniperez.com\/index.php?rest_route=\/wp\/v2\/pages\/14135"}],"collection":[{"href":"https:\/\/deniperez.com\/index.php?rest_route=\/wp\/v2\/pages"}],"about":[{"href":"https:\/\/deniperez.com\/index.php?rest_route=\/wp\/v2\/types\/page"}],"author":[{"embeddable":true,"href":"https:\/\/deniperez.com\/index.php?rest_route=\/wp\/v2\/users\/1"}],"replies":[{"embeddable":true,"href":"https:\/\/deniperez.com\/index.php?rest_route=%2Fwp%2Fv2%2Fcomments&post=14135"}],"version-history":[{"count":33,"href":"https:\/\/deniperez.com\/index.php?rest_route=\/wp\/v2\/pages\/14135\/revisions"}],"predecessor-version":[{"id":14182,"href":"https:\/\/deniperez.com\/index.php?rest_route=\/wp\/v2\/pages\/14135\/revisions\/14182"}],"wp:attachment":[{"href":"https:\/\/deniperez.com\/index.php?rest_route=%2Fwp%2Fv2%2Fmedia&parent=14135"}],"curies":[{"name":"wp","href":"https:\/\/api.w.org\/{rel}","templated":true}]}}