{"id":13832,"date":"2024-08-04T14:21:09","date_gmt":"2024-08-04T13:21:09","guid":{"rendered":"https:\/\/deniperez.com\/?page_id=13832"},"modified":"2025-02-12T16:59:49","modified_gmt":"2025-02-12T16:59:49","slug":"kontakty-2","status":"publish","type":"page","link":"https:\/\/deniperez.com\/?page_id=13832","title":{"rendered":"Kontakty"},"content":{"rendered":"<div class=\"wpb-content-wrapper\"><p>[vc_section full_width=&#8221;stretch_row&#8221; pix_over_visibility=&#8221;&#8221; responsive_css=&#8221;{&#8220;pix_res_sm_pt&#8220;:&#8220;60&#8220;,&#8220;pix_res_sm_pb&#8220;:&#8220;40&#8220;,&#8220;pix_res_md_pt&#8220;:&#8220;80&#8220;,&#8220;pix_res_md_pb&#8220;:&#8220;60&#8220;}&#8221; css=&#8221;.vc_custom_1649197333442{padding-top: 80px !important;padding-bottom: 80px !important;background-color: #ffffff !important;}&#8221;][vc_row full_width=&#8221;stretch_row&#8221; pix_particles_check=&#8221;&#8221; css=&#8221;.vc_custom_1636589419767{padding-bottom: 20px !important;}&#8221;][vc_column content_align=&#8221;text-center&#8221;]<div  class=\"pix-heading-el text-center  vc_custom_1722778076050\"><div class=\"d-inline-block\" style=\"max-width:500px;\"><div><div class=\"slide-in-container2\"><h2 class=\"text-heading-default font-weight-bold display-3 animate-in heading-text el-title_custom_color mb-12\" style=\"\" data-anim-type=\"fade-in-up\" data-anim-delay=\"100\">Kontakty a kde n\u00e1s najdete<\/h2><\/div><\/div><\/div><\/div><div class=\"pix-content-box card      vc_custom_1635811932031    rounded-10 fly-sm animate-in bg-  d-inline-flex  \"  data-anim-type=\"fade-in\" data-anim-delay=\"100\"><div class=\"scene scene-over\"><\/div><div class=\"d-inline-flex\" style=\"z-index:30;position:relative;\"><a href=\"mailto:contact@site.com\" ><div id=\"1635808243073-1cde2450-59a6\" class=\"pix-feature-el  media \"><div class=\"mr-3 mw-100 text-gradient-primary animate-in\" data-anim-type=\"fade-in-up\" data-anim-delay=\"100\" style=\"width:43.2px;aspect-ratio:1\/1 !important;position:relative;line-height:43.2px;text-align:center;\"><svg width=\"100%\" height=\"100%\" viewBox=\"0 0 24 24\" version=\"1.1\" xmlns=\"http:\/\/www.w3.org\/2000\/svg\" xmlns:xlink=\"http:\/\/www.w3.org\/1999\/xlink\"> <defs><\/defs> <g stroke=\"none\" stroke-width=\"1\" fill=\"none\" fill-rule=\"evenodd\"> <path d=\"M21,12.0829584 C20.6747915,12.0283988 20.3407122,12 20,12 C16.6862915,12 14,14.6862915 14,18 C14,18.3407122 14.0283988,18.6747915 14.0829584,19 L5,19 C3.8954305,19 3,18.1045695 3,17 L3,8 C3,6.8954305 3.8954305,6 5,6 L19,6 C20.1045695,6 21,6.8954305 21,8 L21,12.0829584 Z M18.1444251,7.83964668 L12,11.1481833 L5.85557487,7.83964668 C5.4908718,7.6432681 5.03602525,7.77972206 4.83964668,8.14442513 C4.6432681,8.5091282 4.77972206,8.96397475 5.14442513,9.16035332 L11.6444251,12.6603533 C11.8664074,12.7798822 12.1335926,12.7798822 12.3555749,12.6603533 L18.8555749,9.16035332 C19.2202779,8.96397475 19.3567319,8.5091282 19.1603533,8.14442513 C18.9639747,7.77972206 18.5091282,7.6432681 18.1444251,7.83964668 Z\" fill=\"#000000\"><\/path> <circle fill=\"#000000\" opacity=\"0.3\" cx=\"19.5\" cy=\"17.5\" r=\"2.5\"><\/circle> <\/g> <\/svg><\/div><div class=\"media-body text-left\"><h6 class=\"font-weight-bold   text-heading-default animate-in \" style=\"padding-top:10px;\" data-anim-type=\"fade-in-up\" data-anim-delay=\"200\">deni.perez@post.cz<\/h6><div class=\"text-text-gray text-xs     animate-in\" style=\"\" data-anim-type=\"fade-in-up\" data-anim-delay=\"300\"><\/div><\/div><\/div><\/a><\/div><\/div><div class=\"pix-content-box card      vc_custom_1635811944073    rounded-10 fly-sm animate-in bg-  d-inline-flex  \"  data-anim-type=\"fade-in\" data-anim-delay=\"200\"><div class=\"scene scene-over\"><\/div><div class=\"d-inline-flex\" style=\"z-index:30;position:relative;\"><a href=\"tel:+420774936618\" ><div id=\"1635808243079-282cb59b-5dc5\" class=\"pix-feature-el  media \"><div class=\"mr-3 mw-100 text-gradient-primary animate-in\" data-anim-type=\"fade-in-up\" data-anim-delay=\"300\" style=\"width:43.2px;aspect-ratio:1\/1 !important;position:relative;line-height:43.2px;text-align:center;\"><svg width=\"100%\" height=\"100%\" viewBox=\"0 0 24 24\" version=\"1.1\" xmlns=\"http:\/\/www.w3.org\/2000\/svg\" xmlns:xlink=\"http:\/\/www.w3.org\/1999\/xlink\"> <defs><\/defs> <g stroke=\"none\" stroke-width=\"1\" fill=\"none\" fill-rule=\"evenodd\"> <path d=\"M8,2.5 C7.30964406,2.5 6.75,3.05964406 6.75,3.75 L6.75,20.25 C6.75,20.9403559 7.30964406,21.5 8,21.5 L16,21.5 C16.6903559,21.5 17.25,20.9403559 17.25,20.25 L17.25,3.75 C17.25,3.05964406 16.6903559,2.5 16,2.5 L8,2.5 Z\" fill=\"#000000\" opacity=\"0.3\"><\/path> <path d=\"M8,2.5 C7.30964406,2.5 6.75,3.05964406 6.75,3.75 L6.75,20.25 C6.75,20.9403559 7.30964406,21.5 8,21.5 L16,21.5 C16.6903559,21.5 17.25,20.9403559 17.25,20.25 L17.25,3.75 C17.25,3.05964406 16.6903559,2.5 16,2.5 L8,2.5 Z M8,1 L16,1 C17.5187831,1 18.75,2.23121694 18.75,3.75 L18.75,20.25 C18.75,21.7687831 17.5187831,23 16,23 L8,23 C6.48121694,23 5.25,21.7687831 5.25,20.25 L5.25,3.75 C5.25,2.23121694 6.48121694,1 8,1 Z M9.5,1.75 L14.5,1.75 C14.7761424,1.75 15,1.97385763 15,2.25 L15,3.25 C15,3.52614237 14.7761424,3.75 14.5,3.75 L9.5,3.75 C9.22385763,3.75 9,3.52614237 9,3.25 L9,2.25 C9,1.97385763 9.22385763,1.75 9.5,1.75 Z\" fill=\"#000000\" fill-rule=\"nonzero\"><\/path> <\/g> <\/svg><\/div><div class=\"media-body text-left\"><h6 class=\"font-weight-bold   text-heading-default animate-in \" style=\"padding-top:10px;\" data-anim-type=\"fade-in-up\" data-anim-delay=\"400\">+420 774 936 618<\/h6><div class=\"text-text-gray text-xs     animate-in\" style=\"\" data-anim-type=\"fade-in-up\" data-anim-delay=\"500\"><\/div><\/div><\/div><\/a><\/div><\/div><div class=\"pix-el-text w-100 text-center  vc_custom_1722778436187\" ><div class=\"d-inline-block\" style=\"max-width:550px;\"><p class=\"text-20  text-gray-8 text-center \" ><span class=\"text-gray-8 animate-in d-inline-block\" data-anim-delay=\"150\" data-anim-type=\"fade-in-up\">Objednat se m\u016f\u017eete prost\u0159ednictv\u00edm t\u011bchto kontakt\u016f. Pro dal\u0161\u00ed dotazy ohledn\u011b m\u00fdch slu\u017eeb nebo objedn\u00e1n\u00ed m\u011b nev\u00e1hejte kontaktovat.<\/span><\/p><\/div><\/div><div class=\"text-heading-default text-center pix-social-icons font-weight-bold d-inline-block w-100  vc_custom_1722778563644\" style=\"font-size:40px;\"><a target=\"_blank\" href=\"https:\/\/www.facebook.com\/beautysalondeniperez\" aria-label=\"pixicon-facebook3\" class=\"text-heading-default animate-in d-inline-block fly-sm  px-3\" data-anim-type=\"pix-3d-up-in\" data-anim-delay=\"400\"><i class=\"pixicon-facebook3\" style=\"\"><\/i><\/a><a target=\"_blank\" href=\"https:\/\/www.instagram.com\/beauty_salon_deni_perez?igsh=MXMzaXFoNHY5dnVkZA==\" aria-label=\"pixicon-instagram2\" class=\"text-heading-default animate-in d-inline-block fly-sm  px-3\" data-anim-type=\"pix-3d-up-in\" data-anim-delay=\"500\"><i class=\"pixicon-instagram2\" style=\"\"><\/i><\/a><\/div>[\/vc_column][\/vc_row][vc_row content_placement=&#8221;middle&#8221; pix_particles_check=&#8221;&#8221; css=&#8221;.vc_custom_1722778859778{padding-top: 40px !important;}&#8221;][vc_column width=&#8221;5\/12&#8243; css=&#8221;.vc_custom_1636588917068{padding-right: 20px !important;padding-left: 20px !important;}&#8221; offset=&#8221;vc_col-md-offset-1&#8243;]<div id=\"1636588673799-815b3261-36b4\" class=\"pix-feature-el  media  vc_custom_1722778645021\"><div class=\"rounded-circle mr-3 d-inline-block2 d-inline-flex align-items-center justify-content-center line-height-0 mw-100 bg-gradient-primary-light animate-in\" data-anim-type=\"pix-3d-right-in\" data-anim-delay=\"100\" style=\" width:86.4px;aspect-ratio:1\/1 !important;position:relative;text-align:center;\"><div class=\"text-gradient-primary\" style=\"display:inline-block;width:48px;height:48px;font-size:48px;\"><svg width=\"100%\" height=\"100%\" viewBox=\"0 0 24 24\" version=\"1.1\" xmlns=\"http:\/\/www.w3.org\/2000\/svg\" xmlns:xlink=\"http:\/\/www.w3.org\/1999\/xlink\"> <defs><\/defs> <g stroke=\"none\" stroke-width=\"1\" fill=\"none\" fill-rule=\"evenodd\"> <path d=\"M5,10.5 C5,6 8,3 12.5,3 C17,3 20,6.75 20,10.5 C20,12.8325623 17.8236613,16.03566 13.470984,20.1092932 C12.9154018,20.6292577 12.0585054,20.6508331 11.4774555,20.1594925 C7.15915182,16.5078313 5,13.2880005 5,10.5 Z M12.5,12 C13.8807119,12 15,10.8807119 15,9.5 C15,8.11928813 13.8807119,7 12.5,7 C11.1192881,7 10,8.11928813 10,9.5 C10,10.8807119 11.1192881,12 12.5,12 Z\" fill=\"#000000\" fill-rule=\"nonzero\"><\/path> <\/g> <\/svg><\/div><\/div><div class=\"media-body text-left\"><h5 class=\"font-weight-bold  secondary-font text-heading-default animate-in \" style=\"padding-top:10px;\" data-anim-type=\"pix-3d-right-in\" data-anim-delay=\"200\">N\u00e1m. Starosty Pavla 5, 272 01, Kladno 1<\/h5><div class=\"text-gray-8 text-18     animate-in\" style=\"padding-top:10px;\" data-anim-type=\"pix-3d-right-in\" data-anim-delay=\"300\">Otev\u0159eno dle objedn\u00e1n\u00ed<\/div><\/div><\/div>[\/vc_column][vc_column width=&#8221;5\/12&#8243;]<div class=\"pix-content-box card      vc_custom_1648592025886    rounded-10 shadow-lg shadow-hover-lg fly-sm animate-in bg- w-100 overflow-hidden \"  data-anim-type=\"pix-3d-down-in\" data-anim-delay=\"0\"><div class=\"scene scene-over\"><\/div><div class=\"\" style=\"z-index:30;position:relative;\">[vc_gmaps link=&#8221;#E-8_JTNDaWZyYW1lJTIwc3JjJTNEJTIyaHR0cHMlM0ElMkYlMkZ3d3cuZ29vZ2xlLmNvbSUyRm1hcHMlMkZlbWJlZCUzRnBiJTNEJTIxMW0xOCUyMTFtMTIlMjExbTMlMjExZDkwMy45NTAzNjIxNTY0NTMlMjEyZDE0LjEwMjE3MDI4NDYwNjUwNiUyMTNkNTAuMTQ2OTY0MDQwMTE2ODU2JTIxMm0zJTIxMWYwJTIxMmYwJTIxM2YwJTIxM20yJTIxMWkxMDI0JTIxMmk3NjglMjE0ZjEzLjElMjEzbTMlMjExbTIlMjExczB4NDcwYmI3MGZlZTg0YjUzMSUyNTNBMHhhOWNjZDgzYmZlMmFmOWZiJTIxMnNCZWF1dHklMjUyMFNhbG9uJTI1MjBEZW5pJTI1MjBQZXJleiUyMTVlMCUyMTNtMiUyMTFzY3MlMjEyc2N6JTIxNHYxNzM2ODcxOTQ0ODIwJTIxNW0yJTIxMXNjcyUyMTJzY3olMjIlMjB3aWR0aCUzRCUyMjYwMCUyMiUyMGhlaWdodCUzRCUyMjQ1MCUyMiUyMHN0eWxlJTNEJTIyYm9yZGVyJTNBMCUzQiUyMiUyMGFsbG93ZnVsbHNjcmVlbiUzRCUyMiUyMiUyMGxvYWRpbmclM0QlMjJsYXp5JTIyJTIwcmVmZXJyZXJwb2xpY3klM0QlMjJuby1yZWZlcnJlci13aGVuLWRvd25ncmFkZSUyMiUzRSUzQyUyRmlmcmFtZSUzRQ==&#8221; size=&#8221;500&#8243; css=&#8221;.vc_custom_1736872013775{margin-bottom: 0px !important;}&#8221;]<\/div><\/div>[\/vc_column][\/vc_row][\/vc_section][vc_section full_width=&#8221;stretch_row&#8221; pix_over_visibility=&#8221;&#8221; css=&#8221;.vc_custom_1592852566040{padding-top: 80px !important;padding-bottom: 80px !important;background-color: #ffffff !important;}&#8221;][vc_row pix_particles_check=&#8221;&#8221;][vc_column width=&#8221;1\/2&#8243;]<div class=\"item-inner pix-img-box  shadow-lg shadow-hover-sm fly-sm text-left w-100 d-inline-block animate-in  vc_custom_1736786610365 w-100 h-1002 bg-body-default shadow2 pix-hover-item mb-32  rounded-lg position-relative overflow-hidden\"  data-anim-type=\"fade-in-up\" data-anim-delay=\"400\"><img decoding=\"async\" class=\"pix-bg-image pix-img-scale pix-hover-opacity-8\" src=\"https:\/\/deniperez.com\/wp-content\/uploads\/2025\/01\/salon1.jpg\" alt=\"\">\n\n\t\t<div class=\"pix-img-overlay pix-p-30 w-100\">\n\t\t<div class=\"slide-in-container d-inline-block \"><h2 class=\"font-weight-bold text-white pix-slide-up\" style=\"\"><\/h2><\/div>\n\t\t<div class=\"slide-in-container d-inline-block w-100\"><p class=\"text-light-opacity-7  mb-0 pix-fade-in\" ><\/p><\/div>\n\t\t<\/div>\n\t\t<\/div><div class=\"item-inner pix-img-box  shadow-lg shadow-hover-sm fly-sm text-left w-100 d-inline-block animate-in  vc_custom_1736786587023 w-100 h-1002 bg-body-default shadow2 pix-hover-item mb-32  rounded-lg position-relative overflow-hidden\"  data-anim-type=\"fade-in-up\" data-anim-delay=\"400\"><img decoding=\"async\" class=\"pix-bg-image pix-img-scale pix-hover-opacity-8\" src=\"https:\/\/deniperez.com\/wp-content\/uploads\/2025\/01\/salon3.jpg\" alt=\"\">\n\n\t\t<div class=\"pix-img-overlay pix-p-30 w-100\">\n\t\t<div class=\"slide-in-container d-inline-block \"><h2 class=\"font-weight-bold text-white pix-slide-up\" style=\"\"><\/h2><\/div>\n\t\t<div class=\"slide-in-container d-inline-block w-100\"><p class=\"text-light-opacity-7  mb-0 pix-fade-in\" ><\/p><\/div>\n\t\t<\/div>\n\t\t<\/div>[\/vc_column][vc_column width=&#8221;1\/2&#8243;]<div class=\"item-inner pix-img-box  shadow-lg shadow-hover-lg fly-sm text-left w-100 d-inline-block animate-in  vc_custom_1736786599264 w-100 h-1002 bg-body-default shadow2 pix-hover-item mb-32  rounded-lg position-relative overflow-hidden\"  data-anim-type=\"fade-in-up\" data-anim-delay=\"400\"><img decoding=\"async\" class=\"pix-bg-image pix-img-scale pix-hover-opacity-8\" src=\"https:\/\/deniperez.com\/wp-content\/uploads\/2025\/01\/salon2.jpg\" alt=\"\">\n\n\t\t<div class=\"pix-img-overlay pix-p-30 w-100\">\n\t\t<div class=\"slide-in-container d-inline-block \"><h2 class=\"font-weight-bold text-white pix-slide-up\" style=\"\"><\/h2><\/div>\n\t\t<div class=\"slide-in-container d-inline-block w-100\"><p class=\"text-light-opacity-7  mb-0 pix-fade-in\" ><\/p><\/div>\n\t\t<\/div>\n\t\t<\/div><div class=\"item-inner pix-img-box  shadow-lg shadow-hover-lg fly-sm text-left w-100 d-inline-block animate-in  vc_custom_1736786575276 w-100 h-1002 bg-body-default shadow2 pix-hover-item mb-32  rounded-lg position-relative overflow-hidden\"  data-anim-type=\"fade-in-up\" data-anim-delay=\"400\"><img decoding=\"async\" class=\"pix-bg-image pix-img-scale pix-hover-opacity-8\" src=\"https:\/\/deniperez.com\/wp-content\/uploads\/2025\/01\/salon4.jpg\" alt=\"\">\n\n\t\t<div class=\"pix-img-overlay pix-p-30 w-100\">\n\t\t<div class=\"slide-in-container d-inline-block \"><h2 class=\"font-weight-bold text-white pix-slide-up\" style=\"\"><\/h2><\/div>\n\t\t<div class=\"slide-in-container d-inline-block w-100\"><p class=\"text-light-opacity-7  mb-0 pix-fade-in\" ><\/p><\/div>\n\t\t<\/div>\n\t\t<\/div><div class=\"item-inner pix-img-box  shadow-lg shadow-hover-lg fly-sm text-left w-100 d-inline-block animate-in  vc_custom_1739379583795 w-100 h-1002 bg-body-default shadow2 pix-hover-item mb-32  rounded-lg position-relative overflow-hidden\"  data-anim-type=\"fade-in-up\" data-anim-delay=\"400\"><img decoding=\"async\" class=\"pix-bg-image pix-img-scale pix-hover-opacity-8\" src=\"https:\/\/deniperez.com\/wp-content\/uploads\/2025\/02\/salon111232.jpg\" alt=\"\">\n\n\t\t<div class=\"pix-img-overlay pix-p-30 w-100\">\n\t\t<div class=\"slide-in-container d-inline-block \"><h2 class=\"font-weight-bold text-white pix-slide-up\" style=\"\"><\/h2><\/div>\n\t\t<div class=\"slide-in-container d-inline-block w-100\"><p class=\"text-light-opacity-7  mb-0 pix-fade-in\" ><\/p><\/div>\n\t\t<\/div>\n\t\t<\/div>[\/vc_column][\/vc_row][\/vc_section]<\/p>\n<\/div>","protected":false},"excerpt":{"rendered":"[vc_section full_width=&#8221;stretch_row&#8221; pix_over_visibility=&#8221;&#8221; responsive_css=&#8221;{&#8220;pix_res_sm_pt&#8220;:&#8220;60&#8220;,&#8220;pix_res_sm_pb&#8220;:&#8220;40&#8220;,&#8220;pix_res_md_pt&#8220;:&#8220;80&#8220;,&#8220;pix_res_md_pb&#8220;:&#8220;60&#8220;}&#8221; css=&#8221;.vc_custom_1649197333442{padding-top: 80px !important;padding-bottom: 80px !important;background-color: #ffffff !important;}&#8221;][vc_row full_width=&#8221;stretch_row&#8221; pix_particles_check=&#8221;&#8221; css=&#8221;.vc_custom_1636589419767{padding-bottom: 20px !important;}&#8221;][vc_column content_align=&#8221;text-center&#8221;][\/vc_column][\/vc_row][vc_row content_placement=&#8221;middle&#8221; pix_particles_check=&#8221;&#8221; css=&#8221;.vc_custom_1722778859778{padding-top: 40px !important;}&#8221;][vc_column width=&#8221;5\/12&#8243; css=&#8221;.vc_custom_1636588917068{padding-right: 20px !important;padding-left: 20px !important;}&#8221; offset=&#8221;vc_col-md-offset-1&#8243;][\/vc_column][vc_column width=&#8221;5\/12&#8243;][\/vc_column][\/vc_row][\/vc_section][vc_section full_width=&#8221;stretch_row&#8221; pix_over_visibility=&#8221;&#8221; css=&#8221;.vc_custom_1592852566040{padding-top: 80px !important;padding-bottom: 80px !important;background-color: #ffffff !important;}&#8221;][vc_row pix_particles_check=&#8221;&#8221;][vc_column&#8230;","protected":false},"author":1,"featured_media":0,"parent":0,"menu_order":0,"comment_status":"closed","ping_status":"closed","template":"","meta":{"om_disable_all_campaigns":false,"_monsterinsights_skip_tracking":false,"_monsterinsights_sitenote_active":false,"_monsterinsights_sitenote_note":"","_monsterinsights_sitenote_category":0,"footnotes":""},"aioseo_notices":[],"_links":{"self":[{"href":"https:\/\/deniperez.com\/index.php?rest_route=\/wp\/v2\/pages\/13832"}],"collection":[{"href":"https:\/\/deniperez.com\/index.php?rest_route=\/wp\/v2\/pages"}],"about":[{"href":"https:\/\/deniperez.com\/index.php?rest_route=\/wp\/v2\/types\/page"}],"author":[{"embeddable":true,"href":"https:\/\/deniperez.com\/index.php?rest_route=\/wp\/v2\/users\/1"}],"replies":[{"embeddable":true,"href":"https:\/\/deniperez.com\/index.php?rest_route=%2Fwp%2Fv2%2Fcomments&post=13832"}],"version-history":[{"count":7,"href":"https:\/\/deniperez.com\/index.php?rest_route=\/wp\/v2\/pages\/13832\/revisions"}],"predecessor-version":[{"id":14189,"href":"https:\/\/deniperez.com\/index.php?rest_route=\/wp\/v2\/pages\/13832\/revisions\/14189"}],"wp:attachment":[{"href":"https:\/\/deniperez.com\/index.php?rest_route=%2Fwp%2Fv2%2Fmedia&parent=13832"}],"curies":[{"name":"wp","href":"https:\/\/api.w.org\/{rel}","templated":true}]}}