{"id":13776,"date":"2024-08-04T11:38:46","date_gmt":"2024-08-04T10:38:46","guid":{"rendered":"https:\/\/deniperez.com\/?page_id=13776"},"modified":"2025-02-12T18:19:52","modified_gmt":"2025-02-12T18:19:52","slug":"cenik-prodluzovani-ras","status":"publish","type":"page","link":"https:\/\/deniperez.com\/?page_id=13776","title":{"rendered":"Cen\u00edk-prodluzovani-ras"},"content":{"rendered":"<div class=\"wpb-content-wrapper\"><p>[vc_section full_width=&#8221;stretch_row&#8221; pix_over_visibility=&#8221;&#8221; css=&#8221;.vc_custom_1637546448325{padding-top: 80px !important;padding-bottom: 80px !important;background-color: #f8f9fa !important;}&#8221; el_id=&#8221;pix_section_comparison_table&#8221;][vc_row full_width=&#8221;stretch_row&#8221; pix_particles_check=&#8221;&#8221; css=&#8221;.vc_custom_1637538770783{padding-bottom: 40px !important;}&#8221;][vc_column]<div class=\"pix-element-div w-100 text-center\"><span class=\"pix-badge-element h6 d-inline-flex mr-1 \"  ><span class=\"badge font-weight-bold badge-pill bg-orange  vc_custom_1712586800810  \" style=\" \"><span class=\"text-black\" style=\"\">Cen\u00edky<\/span><\/span><\/span><\/div><div id=\"el1644529294767-d7ec4725-ff26\" class=\"mb-3 text-center  vc_custom_1722769478403\"><div class=\"d-inline-block\" style=\"max-width:500px;\"><h2 class=\"mb-32 pix-sliding-headline-2 animate-in font-weight-bold secondary-font \" data-anim-type=\"pix-sliding-text\" pix-anim-delay=\"500\" data-class=\"secondary-font text-heading-default\" style=\"\"><span class=\"slide-in-container \"><span class=\"pix-sliding-item secondary-font text-heading-default\" style=\"transition-delay: 0ms;\">Cen\u00edk&#32;<\/span><\/span> <span class=\"slide-in-container \"><span class=\"pix-sliding-item secondary-font text-heading-default\" style=\"transition-delay: 50ms;\">slu\u017eeb&#32;<\/span><\/span> <span class=\"slide-in-container \"><span class=\"pix-sliding-item secondary-font text-heading-default\" style=\"transition-delay: 100ms;\">prodlu\u017eov\u00e1n\u00ed&#32;<\/span><\/span> <span class=\"slide-in-container \"><span class=\"pix-sliding-item secondary-font text-heading-default\" style=\"transition-delay: 150ms;\">\u0159as&#32;<\/span><\/span> <\/h2><\/div><\/div><div class=\"pix-el-text w-100 text-center \" ><div class=\"d-inline-block\" style=\"max-width:600px;\"><p class=\"text-18  text-gray-8 text-center \" ><span class=\"text-gray-8 animate-in d-inline-block\" data-anim-delay=\"200\" data-anim-type=\"fade-in-up\">Zde najdete kompletn\u00ed cen\u00edk slu\u017eeb prodlu\u017eov\u00e1n\u00ed \u0159as<\/span><\/p><\/div><\/div>[\/vc_column][\/vc_row][vc_row pix_particles_check=&#8221;&#8221; css=&#8221;.vc_custom_1637546502411{padding-bottom: 20px !important;}&#8221;][vc_column offset=&#8221;vc_col-md-offset-1 vc_col-md-10&#8243;]<div class=\"w-100 \" ><div class=\"container\" id=\"pix-event-2882969\"><div class=\"sticky-top pix-sticky-top-adjust \"><div class=\"row pix-py-20 pix-comparison-head bg-white rounded-xl shadow-sm animate-in\" data-anim-type=\"fade-in\" data-anim-delay=\"0\" ><div class=\"col-12 col-md-4 col-lg-6 d-flex align-items-center font-weight-bold text-heading-default\"><div class=\"pix-px-15\"><div  class=\"pix-heading-el text-left \"><div><div class=\"slide-in-container2\"><h6 class=\"text-black font-weight-bold heading-text el-title_custom_color mb-12\" style=\"\" data-anim-type=\"\" data-anim-delay=\"0\">Slu\u017eba<\/h6><\/div><\/div><\/div><\/div><\/div><div class=\"col justify-content-center d-none d-md-flex align-items-center\"><div class=\"mb-0  font-weight-bold  secondary-font h6 text-black\" >Cena<\/div><\/div><\/div><\/div><div class=\"row pix-py-20 pix-my-10 pix-bottom-line shadow-hover-none animate-in rounded-lg\" data-anim-type=\"fade-in\" data-anim-delay=\"0\"><div class=\"col-12 col-md-4 col-lg-6 mb-2 mb-sm-0 pb-2 pb-md-0\"><div class=\"pix-px-15\"><div class=\"d-flex align-items-center\"><div  class=\"pix-heading-el text-left \"><div><div class=\"slide-in-container2\"><h6 class=\"text-heading-default font-weight-bold heading-text el-title_custom_color mb-12\" style=\"\" data-anim-type=\"\" data-anim-delay=\"0\">Klasik, nov\u00fd set<\/h6><\/div><\/div><\/div><\/div><\/div><\/div><div class=\"col mt-2 mt-sm-0 text-center pix_comparison_1_title d-md-flex align-items-center justify-content-center\"><div class=\"text-center  font-weight-bold    d-flex align-items-center justify-content-center text-black\" data-toggle=\"tooltip\" data-placement=\"bottom\" title=\"This is a tooltip\">1800,-<\/div><\/div><\/div><div class=\"row pix-py-20 pix-my-10 pix-bottom-line shadow-hover-none animate-in rounded-lg\" data-anim-type=\"fade-in\" data-anim-delay=\"0\"><div class=\"col-12 col-md-4 col-lg-6 mb-2 mb-sm-0 pb-2 pb-md-0\"><div class=\"pix-px-15\"><div class=\"d-flex align-items-center\"><div  class=\"pix-heading-el text-left \"><div><div class=\"slide-in-container2\"><h6 class=\"text-heading-default font-weight-bold heading-text el-title_custom_color mb-12\" style=\"\" data-anim-type=\"\" data-anim-delay=\"0\">dopln\u011bn\u00ed klasik, 2-3 t\u00fddny<\/h6><\/div><\/div><\/div><\/div><\/div><\/div><div class=\"col mt-2 mt-sm-0 text-center pix_comparison_1_title d-md-flex align-items-center justify-content-center\"><div class=\"text-center  font-weight-bold    d-flex align-items-center justify-content-center text-black\" data-toggle=\"tooltip\" data-placement=\"bottom\" title=\"This is a tooltip\"><i class=\"pixicon-question-circle mr-2 text-black\"><\/i>od 800,-<\/div><\/div><\/div><div class=\"row pix-py-20 pix-my-10 pix-bottom-line shadow-hover-none animate-in rounded-lg\" data-anim-type=\"fade-in\" data-anim-delay=\"0\"><div class=\"col-12 col-md-4 col-lg-6 mb-2 mb-sm-0 pb-2 pb-md-0\"><div class=\"pix-px-15\"><div class=\"d-flex align-items-center\"><div  class=\"pix-heading-el text-left \"><div><div class=\"slide-in-container2\"><h6 class=\"text-heading-default font-weight-bold heading-text el-title_custom_color mb-12\" style=\"\" data-anim-type=\"\" data-anim-delay=\"0\">Light volume 2-3D, nov\u00fd set<\/h6><\/div><\/div><\/div><\/div><\/div><\/div><div class=\"col mt-2 mt-sm-0 text-center pix_comparison_1_title d-md-flex align-items-center justify-content-center\"><div class=\"text-center  font-weight-bold    d-flex align-items-center justify-content-center text-black\" >2300,-<\/div><\/div><\/div><div class=\"row pix-py-20 pix-my-10 pix-bottom-line shadow-hover-none animate-in rounded-lg\" data-anim-type=\"fade-in\" data-anim-delay=\"0\"><div class=\"col-12 col-md-4 col-lg-6 mb-2 mb-sm-0 pb-2 pb-md-0\"><div class=\"pix-px-15\"><div class=\"d-flex align-items-center\"><div  class=\"pix-heading-el text-left \"><div><div class=\"slide-in-container2\"><h6 class=\"text-heading-default font-weight-bold heading-text el-title_custom_color mb-12\" style=\"\" data-anim-type=\"\" data-anim-delay=\"0\">dopln\u011bn\u00ed Light volume 2-3D, 2-3 t\u00fddny<\/h6><\/div><\/div><\/div><\/div><\/div><\/div><div class=\"col mt-2 mt-sm-0 text-center pix_comparison_1_title d-md-flex align-items-center justify-content-center\"><div class=\"text-center  font-weight-bold    d-flex align-items-center justify-content-center text-black\" ><i class=\"pixicon-question-circle mr-2 text-black\"><\/i>od 1000,-<\/div><\/div><\/div><div class=\"row pix-py-20 pix-my-10 pix-bottom-line shadow-hover-none animate-in rounded-lg\" data-anim-type=\"fade-in\" data-anim-delay=\"0\"><div class=\"col-12 col-md-4 col-lg-6 mb-2 mb-sm-0 pb-2 pb-md-0\"><div class=\"pix-px-15\"><div class=\"d-flex align-items-center\"><div  class=\"pix-heading-el text-left \"><div><div class=\"slide-in-container2\"><h6 class=\"text-heading-default font-weight-bold heading-text el-title_custom_color mb-12\" style=\"\" data-anim-type=\"\" data-anim-delay=\"0\">Volume 4-5D, nov\u00fd set<\/h6><\/div><\/div><\/div><\/div><\/div><\/div><div class=\"col mt-2 mt-sm-0 text-center pix_comparison_1_title d-md-flex align-items-center justify-content-center\"><div class=\"text-center  font-weight-bold    d-flex align-items-center justify-content-center text-black\" >2700,-<\/div><\/div><\/div><div class=\"row pix-py-20 pix-my-10 pix-bottom-line shadow-hover-none animate-in rounded-lg\" data-anim-type=\"fade-in\" data-anim-delay=\"0\"><div class=\"col-12 col-md-4 col-lg-6 mb-2 mb-sm-0 pb-2 pb-md-0\"><div class=\"pix-px-15\"><div class=\"d-flex align-items-center\"><div  class=\"pix-heading-el text-left \"><div><div class=\"slide-in-container2\"><h6 class=\"text-heading-default font-weight-bold heading-text el-title_custom_color mb-12\" style=\"\" data-anim-type=\"\" data-anim-delay=\"0\">dopln\u011bn\u00ed Volume 4-5D, 2-3 t\u00fddny<\/h6><\/div><\/div><\/div><\/div><\/div><\/div><div class=\"col mt-2 mt-sm-0 text-center pix_comparison_1_title d-md-flex align-items-center justify-content-center\"><div class=\"text-center  font-weight-bold    d-flex align-items-center justify-content-center text-black\" ><i class=\"pixicon-question-circle mr-2 text-black\"><\/i>od 1200,-<\/div><\/div><\/div><div class=\"row pix-py-20 pix-my-10 pix-bottom-line shadow-hover-none animate-in rounded-lg\" data-anim-type=\"fade-in\" data-anim-delay=\"0\"><div class=\"col-12 col-md-4 col-lg-6 mb-2 mb-sm-0 pb-2 pb-md-0\"><div class=\"pix-px-15\"><div class=\"d-flex align-items-center\"><div  class=\"pix-heading-el text-left \"><div><div class=\"slide-in-container2\"><h6 class=\"text-heading-default font-weight-bold heading-text el-title_custom_color mb-12\" style=\"\" data-anim-type=\"\" data-anim-delay=\"0\">Mega volume 6D - 8D, nov\u00fd set<\/h6><\/div><\/div><\/div><\/div><\/div><\/div><div class=\"col mt-2 mt-sm-0 text-center pix_comparison_1_title d-md-flex align-items-center justify-content-center\"><div class=\"text-center  font-weight-bold    d-flex align-items-center justify-content-center text-black\" >4200,-<\/div><\/div><\/div><div class=\"row pix-py-20 pix-my-10 pix-bottom-line shadow-hover-none animate-in rounded-lg\" data-anim-type=\"fade-in\" data-anim-delay=\"0\"><div class=\"col-12 col-md-4 col-lg-6 mb-2 mb-sm-0 pb-2 pb-md-0\"><div class=\"pix-px-15\"><div class=\"d-flex align-items-center\"><div  class=\"pix-heading-el text-left \"><div><div class=\"slide-in-container2\"><h6 class=\"text-heading-default font-weight-bold heading-text el-title_custom_color mb-12\" style=\"\" data-anim-type=\"\" data-anim-delay=\"0\">dopln\u011bn\u00ed Mega volume 6D- 8D, 2-3 t\u00fddny<\/h6><\/div><\/div><\/div><\/div><\/div><\/div><div class=\"col mt-2 mt-sm-0 text-center pix_comparison_1_title d-md-flex align-items-center justify-content-center\"><div class=\"text-center  font-weight-bold    d-flex align-items-center justify-content-center text-black\" ><i class=\"pixicon-question-circle mr-2 text-black\"><\/i>od 1450,-<\/div><\/div><\/div><div class=\"row pix-py-20 pix-my-10 pix-bottom-line shadow-hover-none animate-in rounded-lg\" data-anim-type=\"fade-in\" data-anim-delay=\"0\"><div class=\"col-12 col-md-4 col-lg-6 mb-2 mb-sm-0 pb-2 pb-md-0\"><div class=\"pix-px-15\"><div class=\"d-flex align-items-center\"><div  class=\"pix-heading-el text-left \"><div><div class=\"slide-in-container2\"><h6 class=\"text-heading-default font-weight-bold heading-text el-title_custom_color mb-12\" style=\"\" data-anim-type=\"\" data-anim-delay=\"0\">Eye liner, nov\u00fd set<\/h6><\/div><\/div><\/div><\/div><\/div><\/div><div class=\"col mt-2 mt-sm-0 text-center pix_comparison_1_title d-md-flex align-items-center justify-content-center\"><div class=\"text-center  font-weight-bold    d-flex align-items-center justify-content-center text-black\" >3000,-<\/div><\/div><\/div><div class=\"row pix-py-20 pix-my-10 pix-bottom-line shadow-hover-none animate-in rounded-lg\" data-anim-type=\"fade-in\" data-anim-delay=\"0\"><div class=\"col-12 col-md-4 col-lg-6 mb-2 mb-sm-0 pb-2 pb-md-0\"><div class=\"pix-px-15\"><div class=\"d-flex align-items-center\"><div  class=\"pix-heading-el text-left \"><div><div class=\"slide-in-container2\"><h6 class=\"text-heading-default font-weight-bold heading-text el-title_custom_color mb-12\" style=\"\" data-anim-type=\"\" data-anim-delay=\"0\">dopln\u011bn\u00ed Eye liner, 2-3 t\u00fddny<\/h6><\/div><\/div><\/div><\/div><\/div><\/div><div class=\"col mt-2 mt-sm-0 text-center pix_comparison_1_title d-md-flex align-items-center justify-content-center\"><div class=\"text-center  font-weight-bold    d-flex align-items-center justify-content-center text-black\" ><i class=\"pixicon-question-circle mr-2 text-black\"><\/i>od 1500,-<\/div><\/div><\/div><div class=\"row pix-py-20 pix-my-10 pix-bottom-line shadow-hover-none animate-in rounded-lg\" data-anim-type=\"fade-in\" data-anim-delay=\"0\"><div class=\"col-12 col-md-4 col-lg-6 mb-2 mb-sm-0 pb-2 pb-md-0\"><div class=\"pix-px-15\"><div class=\"d-flex align-items-center\"><div  class=\"pix-heading-el text-left \"><div><div class=\"slide-in-container2\"><h6 class=\"text-heading-default font-weight-bold heading-text el-title_custom_color mb-12\" style=\"\" data-anim-type=\"\" data-anim-delay=\"0\">Glamour look, nov\u00fd set<\/h6><\/div><\/div><\/div><\/div><\/div><\/div><div class=\"col mt-2 mt-sm-0 text-center pix_comparison_1_title d-md-flex align-items-center justify-content-center\"><div class=\"text-center  font-weight-bold    d-flex align-items-center justify-content-center text-black\" >3600,-<\/div><\/div><\/div><div class=\"row pix-py-20 pix-my-10 pix-bottom-line shadow-hover-none animate-in rounded-lg\" data-anim-type=\"fade-in\" data-anim-delay=\"0\"><div class=\"col-12 col-md-4 col-lg-6 mb-2 mb-sm-0 pb-2 pb-md-0\"><div class=\"pix-px-15\"><div class=\"d-flex align-items-center\"><div  class=\"pix-heading-el text-left \"><div><div class=\"slide-in-container2\"><h6 class=\"text-heading-default font-weight-bold heading-text el-title_custom_color mb-12\" style=\"\" data-anim-type=\"\" data-anim-delay=\"0\">dopln\u011bn\u00ed Glamour look, 2-3 t\u00fddny<\/h6><\/div><\/div><\/div><\/div><\/div><\/div><div class=\"col mt-2 mt-sm-0 text-center pix_comparison_1_title d-md-flex align-items-center justify-content-center\"><div class=\"text-center  font-weight-bold    d-flex align-items-center justify-content-center text-black\" ><i class=\"pixicon-question-circle mr-2 text-black\"><\/i>od 1800,-<\/div><\/div><\/div><div class=\"row pix-py-20 pix-my-10 pix-bottom-line shadow-hover-none animate-in rounded-lg\" data-anim-type=\"fade-in\" data-anim-delay=\"0\"><div class=\"col-12 col-md-4 col-lg-6 mb-2 mb-sm-0 pb-2 pb-md-0\"><div class=\"pix-px-15\"><div class=\"d-flex align-items-center\"><div  class=\"pix-heading-el text-left \"><div><div class=\"slide-in-container2\"><h6 class=\"text-heading-default font-weight-bold heading-text el-title_custom_color mb-12\" style=\"\" data-anim-type=\"\" data-anim-delay=\"0\">Wet effect (mokr\u00fd efekt), nov\u00fd set<\/h6><\/div><\/div><\/div><\/div><\/div><\/div><div class=\"col mt-2 mt-sm-0 text-center pix_comparison_1_title d-md-flex align-items-center justify-content-center\"><div class=\"text-center  font-weight-bold    d-flex align-items-center justify-content-center text-black\" >2800,-<\/div><\/div><\/div><div class=\"row pix-py-20 pix-my-10 pix-bottom-line shadow-hover-none animate-in rounded-lg\" data-anim-type=\"fade-in\" data-anim-delay=\"0\"><div class=\"col-12 col-md-4 col-lg-6 mb-2 mb-sm-0 pb-2 pb-md-0\"><div class=\"pix-px-15\"><div class=\"d-flex align-items-center\"><div  class=\"pix-heading-el text-left \"><div><div class=\"slide-in-container2\"><h6 class=\"text-heading-default font-weight-bold heading-text el-title_custom_color mb-12\" style=\"\" data-anim-type=\"\" data-anim-delay=\"0\">dopln\u011bn\u00ed Wet effect (mokr\u00fd efekt), 2-3 t\u00fddny<\/h6><\/div><\/div><\/div><\/div><\/div><\/div><div class=\"col mt-2 mt-sm-0 text-center pix_comparison_1_title d-md-flex align-items-center justify-content-center\"><div class=\"text-center  font-weight-bold    d-flex align-items-center justify-content-center text-black\" ><i class=\"pixicon-question-circle mr-2 text-black\"><\/i>od 1300,-<\/div><\/div><\/div><div class=\"row pix-py-20 pix-my-10 pix-bottom-line shadow-hover-none animate-in rounded-lg\" data-anim-type=\"fade-in\" data-anim-delay=\"0\"><div class=\"col-12 col-md-4 col-lg-6 mb-2 mb-sm-0 pb-2 pb-md-0\"><div class=\"pix-px-15\"><div class=\"d-flex align-items-center\"><div  class=\"pix-heading-el text-left \"><div><div class=\"slide-in-container2\"><h6 class=\"text-heading-default font-weight-bold heading-text el-title_custom_color mb-12\" style=\"\" data-anim-type=\"\" data-anim-delay=\"0\">Henna brow<\/h6><\/div><\/div><\/div><\/div><\/div><\/div><div class=\"col mt-2 mt-sm-0 text-center pix_comparison_1_title d-md-flex align-items-center justify-content-center\"><div class=\"text-center  font-weight-bold    d-flex align-items-center justify-content-center text-black\" >900,-<\/div><\/div><\/div><div class=\"row pix-py-20 pix-my-10 pix-bottom-line shadow-hover-none animate-in rounded-lg\" data-anim-type=\"fade-in\" data-anim-delay=\"0\"><div class=\"col-12 col-md-4 col-lg-6 mb-2 mb-sm-0 pb-2 pb-md-0\"><div class=\"pix-px-15\"><div class=\"d-flex align-items-center\"><div  class=\"pix-heading-el text-left \"><div><div class=\"slide-in-container2\"><h6 class=\"text-heading-default font-weight-bold heading-text el-title_custom_color mb-12\" style=\"\" data-anim-type=\"\" data-anim-delay=\"0\">Lash lifting - tint<\/h6><\/div><\/div><\/div><\/div><\/div><\/div><div class=\"col mt-2 mt-sm-0 text-center pix_comparison_1_title d-md-flex align-items-center justify-content-center\"><div class=\"text-center  font-weight-bold    d-flex align-items-center justify-content-center text-black\" >1600,-<\/div><\/div><\/div><div class=\"row pix-py-20 pix-my-10 pix-bottom-line shadow-hover-none animate-in rounded-lg\" data-anim-type=\"fade-in\" data-anim-delay=\"0\"><div class=\"col-12 col-md-4 col-lg-6 mb-2 mb-sm-0 pb-2 pb-md-0\"><div class=\"pix-px-15\"><div class=\"d-flex align-items-center\"><div  class=\"pix-heading-el text-left \"><div><div class=\"slide-in-container2\"><h6 class=\"text-heading-default font-weight-bold heading-text el-title_custom_color mb-12\" style=\"\" data-anim-type=\"\" data-anim-delay=\"0\">Laminace obo\u010d\u00ed<\/h6><\/div><\/div><\/div><\/div><\/div><\/div><div class=\"col mt-2 mt-sm-0 text-center pix_comparison_1_title d-md-flex align-items-center justify-content-center\"><div class=\"text-center  font-weight-bold    d-flex align-items-center justify-content-center text-black\" >1100,-<\/div><\/div><\/div><div class=\"row pix-py-20 pix-my-10 pix-bottom-line shadow-hover-none animate-in rounded-lg\" data-anim-type=\"fade-in\" data-anim-delay=\"0\"><div class=\"col-12 col-md-4 col-lg-6 mb-2 mb-sm-0 pb-2 pb-md-0\"><div class=\"pix-px-15\"><div class=\"d-flex align-items-center\"><div  class=\"pix-heading-el text-left \"><div><div class=\"slide-in-container2\"><h6 class=\"text-heading-default font-weight-bold heading-text el-title_custom_color mb-12\" style=\"\" data-anim-type=\"\" data-anim-delay=\"0\">Barevn\u00e9 \u0159asy<\/h6><\/div><\/div><\/div><\/div><\/div><\/div><div class=\"col mt-2 mt-sm-0 text-center pix_comparison_1_title d-md-flex align-items-center justify-content-center\"><div class=\"text-center  font-weight-bold    d-flex align-items-center justify-content-center text-black\" ><i class=\"pixicon-question-circle mr-2 text-black\"><\/i>od 300,-<\/div><\/div><\/div><div class=\"row pix-py-20 pix-my-10 pix-bottom-line shadow-hover-none animate-in rounded-lg\" data-anim-type=\"fade-in\" data-anim-delay=\"0\"><div class=\"col-12 col-md-4 col-lg-6 mb-2 mb-sm-0 pb-2 pb-md-0\"><div class=\"pix-px-15\"><div class=\"d-flex align-items-center\"><div  class=\"pix-heading-el text-left \"><div><div class=\"slide-in-container2\"><h6 class=\"text-heading-default font-weight-bold heading-text el-title_custom_color mb-12\" style=\"\" data-anim-type=\"\" data-anim-delay=\"0\">Konzultace<\/h6><\/div><\/div><\/div><\/div><\/div><\/div><div class=\"col mt-2 mt-sm-0 text-center pix_comparison_1_title d-md-flex align-items-center justify-content-center\"><div class=\"text-center  font-weight-bold    d-flex align-items-center justify-content-center text-black\" >zdarma<\/div><\/div><\/div><\/div><\/div><div class=\"pix-el-text w-100 text-center  vc_custom_1712588676761\" ><p class=\"  text-body-default text-center font-weight-bold\" >Cena od se odv\u00edj\u00ed od n\u00e1ro\u010dnosti a spot\u0159eb\u011b materi\u00e1lu.<\/p><\/div><div class=\"pix-el-text w-100 text-center  vc_custom_1728209175175\" ><p class=\"  text-body-default text-center font-weight-bold\" >Term\u00edn je mo\u017en\u011b zru\u0161it maxim\u00e1ln\u011b 48 hodin p\u0159edem.<\/p><\/div><div class=\"pix-el-text w-100 text-center  vc_custom_1728209259290\" ><p class=\"  text-body-default text-center font-weight-bold\" >V p\u0159\u00edpad\u011b velk\u00e9ho zne\u010di\u0161t\u011bn\u00ed \u0159as se k cen\u011b za dopln\u011bn\u00ed p\u0159ipo\u010dte 100,-<\/p><\/div><div class=\"pix-el-text w-100 text-center  vc_custom_1728209535445\" ><p class=\"  text-body-default text-center font-weight-bold\" >Za opakovan\u011b zru\u0161en\u00e9 term\u00edny se plat\u00ed z\u00e1loha 50% z ceny slu\u017eby p\u0159edem. (z\u00e1loha je nevratn\u00e1)<\/p><\/div><div class=\"pix-el-text w-100 text-center  vc_custom_1722856722199\" ><p class=\"text-18  text-gray-7 text-center font-weight-bold\" >M\u00e1te dal\u0161\u00ed ot\u00e1zky ohledn\u011b m\u00fdch slu\u017eeb? Nev\u00e1hejte m\u011b kontaktovat.<\/p><\/div><div class=\"d-block w-100 text-center\"><a  href=\"https:\/\/deniperez.com\/?page_id=13832\" class=\"btn mb-2     btn-blue d-inline-block pix-hover-item      btn-rounded pix-btn-div btn-md\"     ><i class=\"font-weight-bold pixicon-email-1  pix-hover-left  mr-1\"><\/i> <span class=\"font-weight-bold \" >Kontakty<\/span><\/a><\/div>[\/vc_column][\/vc_row][\/vc_section]<\/p>\n<\/div>","protected":false},"excerpt":{"rendered":"[vc_section full_width=&#8221;stretch_row&#8221; pix_over_visibility=&#8221;&#8221; css=&#8221;.vc_custom_1637546448325{padding-top: 80px !important;padding-bottom: 80px !important;background-color: #f8f9fa !important;}&#8221; el_id=&#8221;pix_section_comparison_table&#8221;][vc_row full_width=&#8221;stretch_row&#8221; pix_particles_check=&#8221;&#8221; css=&#8221;.vc_custom_1637538770783{padding-bottom: 40px !important;}&#8221;][vc_column][\/vc_column][\/vc_row][vc_row pix_particles_check=&#8221;&#8221; css=&#8221;.vc_custom_1637546502411{padding-bottom: 20px !important;}&#8221;][vc_column offset=&#8221;vc_col-md-offset-1 vc_col-md-10&#8243;][\/vc_column][\/vc_row][\/vc_section]","protected":false},"author":1,"featured_media":0,"parent":0,"menu_order":0,"comment_status":"closed","ping_status":"closed","template":"","meta":{"om_disable_all_campaigns":false,"_monsterinsights_skip_tracking":false,"_monsterinsights_sitenote_active":false,"_monsterinsights_sitenote_note":"","_monsterinsights_sitenote_category":0,"footnotes":""},"aioseo_notices":[],"_links":{"self":[{"href":"https:\/\/deniperez.com\/index.php?rest_route=\/wp\/v2\/pages\/13776"}],"collection":[{"href":"https:\/\/deniperez.com\/index.php?rest_route=\/wp\/v2\/pages"}],"about":[{"href":"https:\/\/deniperez.com\/index.php?rest_route=\/wp\/v2\/types\/page"}],"author":[{"embeddable":true,"href":"https:\/\/deniperez.com\/index.php?rest_route=\/wp\/v2\/users\/1"}],"replies":[{"embeddable":true,"href":"https:\/\/deniperez.com\/index.php?rest_route=%2Fwp%2Fv2%2Fcomments&post=13776"}],"version-history":[{"count":13,"href":"https:\/\/deniperez.com\/index.php?rest_route=\/wp\/v2\/pages\/13776\/revisions"}],"predecessor-version":[{"id":14190,"href":"https:\/\/deniperez.com\/index.php?rest_route=\/wp\/v2\/pages\/13776\/revisions\/14190"}],"wp:attachment":[{"href":"https:\/\/deniperez.com\/index.php?rest_route=%2Fwp%2Fv2%2Fmedia&parent=13776"}],"curies":[{"name":"wp","href":"https:\/\/api.w.org\/{rel}","templated":true}]}}