{"id":13754,"date":"2024-04-08T15:28:59","date_gmt":"2024-04-08T14:28:59","guid":{"rendered":"https:\/\/deniperez.com\/?page_id=13754"},"modified":"2025-02-12T15:42:29","modified_gmt":"2025-02-12T15:42:29","slug":"cenik-kosmeticke-sluzby","status":"publish","type":"page","link":"https:\/\/deniperez.com\/?page_id=13754","title":{"rendered":"Cen\u00edk-kosmeticke-sluzby"},"content":{"rendered":"<div class=\"wpb-content-wrapper\"><p>[vc_section full_width=&#8221;stretch_row&#8221; pix_over_visibility=&#8221;&#8221; css=&#8221;.vc_custom_1637546448325{padding-top: 80px !important;padding-bottom: 80px !important;background-color: #f8f9fa !important;}&#8221; el_id=&#8221;pix_section_comparison_table&#8221;][vc_row full_width=&#8221;stretch_row&#8221; pix_particles_check=&#8221;&#8221; css=&#8221;.vc_custom_1637538770783{padding-bottom: 40px !important;}&#8221;][vc_column]<div class=\"pix-element-div w-100 text-center\"><span class=\"pix-badge-element h6 d-inline-flex mr-1 \"  ><span class=\"badge font-weight-bold badge-pill bg-orange  vc_custom_1712586800810  \" style=\" \"><span class=\"text-black\" style=\"\">Cen\u00edky<\/span><\/span><\/span><\/div><div id=\"el1644529294767-d7ec4725-ff26\" class=\"mb-3 text-center  vc_custom_1712586744843\"><div class=\"d-inline-block\" style=\"max-width:500px;\"><h2 class=\"mb-32 pix-sliding-headline-2 animate-in font-weight-bold secondary-font \" data-anim-type=\"pix-sliding-text\" pix-anim-delay=\"500\" data-class=\"secondary-font text-heading-default\" style=\"\"><span class=\"slide-in-container \"><span class=\"pix-sliding-item secondary-font text-heading-default\" style=\"transition-delay: 0ms;\">Cen\u00edk&#32;<\/span><\/span> <span class=\"slide-in-container \"><span class=\"pix-sliding-item secondary-font text-heading-default\" style=\"transition-delay: 50ms;\">kosmetick\u00fdch&#32;<\/span><\/span> <span class=\"slide-in-container \"><span class=\"pix-sliding-item secondary-font text-heading-default\" style=\"transition-delay: 100ms;\">slu\u017eeb&#32;<\/span><\/span> <\/h2><\/div><\/div><div class=\"pix-el-text w-100 text-center \" ><div class=\"d-inline-block\" style=\"max-width:600px;\"><p class=\"text-18  text-gray-8 text-center \" ><span class=\"text-gray-8 animate-in d-inline-block\" data-anim-delay=\"200\" data-anim-type=\"fade-in-up\">Zde najdete kompletn\u00ed cen\u00edk kosmetick\u00fdch slu\u017eeb<\/span><\/p><\/div><\/div>[\/vc_column][\/vc_row][vc_row pix_particles_check=&#8221;&#8221; css=&#8221;.vc_custom_1637546502411{padding-bottom: 20px !important;}&#8221;][vc_column offset=&#8221;vc_col-md-offset-1 vc_col-md-10&#8243;]<div class=\"w-100 \" ><div class=\"container\" id=\"pix-event-8367079\"><div class=\"sticky-top pix-sticky-top-adjust \"><div class=\"row pix-py-20 pix-comparison-head bg-white rounded-xl shadow-sm animate-in\" data-anim-type=\"fade-in\" data-anim-delay=\"0\" ><div class=\"col-12 col-md-4 col-lg-6 d-flex align-items-center font-weight-bold text-heading-default\"><div class=\"pix-px-15\"><div  class=\"pix-heading-el text-left \"><div><div class=\"slide-in-container2\"><h6 class=\"text-black font-weight-bold heading-text el-title_custom_color mb-12\" style=\"\" data-anim-type=\"\" data-anim-delay=\"0\">Slu\u017eba<\/h6><\/div><\/div><\/div><\/div><\/div><div class=\"col justify-content-center d-none d-md-flex align-items-center\"><div class=\"mb-0  font-weight-bold  secondary-font h6 text-black\" >Cena<\/div><\/div><\/div><\/div><div class=\"row pix-py-20 pix-my-10 pix-bottom-line shadow-hover-none animate-in rounded-lg\" data-anim-type=\"fade-in\" data-anim-delay=\"0\"><div class=\"col-12 col-md-4 col-lg-6 mb-2 mb-sm-0 pb-2 pb-md-0\"><div class=\"pix-px-15\"><div class=\"d-flex align-items-center\"><div  class=\"pix-heading-el text-left \"><div><div class=\"slide-in-container2\"><h6 class=\"text-heading-default font-weight-bold heading-text el-title_custom_color mb-12\" style=\"\" data-anim-type=\"\" data-anim-delay=\"0\">Kosmetick\u00e9 o\u0161et\u0159en\u00ed KLASIK<\/h6><\/div><\/div><\/div><\/div><div class=\"pix-el-text w-100  \" ><p class=\" m-0 text-body-default  \" >(odl\u00ed\u010den\u00ed, diagnostika pleti, peeling, \u00faprava obo\u010d\u00ed, maska, mas\u00e1\u017e, z\u00e1v\u011bre\u010dn\u00e1 p\u00e9\u010de - d\u011blka o\u0161et\u0159en\u00ed 60 min)<\/p><\/div><\/div><\/div><div class=\"col mt-2 mt-sm-0 text-center pix_comparison_1_title d-md-flex align-items-center justify-content-center\"><div class=\"text-center  font-weight-bold    d-flex align-items-center justify-content-center text-black\" data-toggle=\"tooltip\" data-placement=\"bottom\" title=\"This is a tooltip\">1100,-<\/div><\/div><\/div><div class=\"row pix-py-20 pix-my-10 pix-bottom-line shadow-hover-none animate-in rounded-lg\" data-anim-type=\"fade-in\" data-anim-delay=\"0\"><div class=\"col-12 col-md-4 col-lg-6 mb-2 mb-sm-0 pb-2 pb-md-0\"><div class=\"pix-px-15\"><div class=\"d-flex align-items-center\"><div  class=\"pix-heading-el text-left \"><div><div class=\"slide-in-container2\"><h6 class=\"text-heading-default font-weight-bold heading-text el-title_custom_color mb-12\" style=\"\" data-anim-type=\"\" data-anim-delay=\"0\">Kosmetick\u00e9 o\u0161et\u0159en\u00ed v\u010detn\u011b ultrazvukov\u00e9 \u0161pachtle<\/h6><\/div><\/div><\/div><\/div><div class=\"pix-el-text w-100  \" ><p class=\" m-0 text-body-default  \" >d\u00e9lka o\u0161et\u0159en\u00ed 90 min<\/p><\/div><\/div><\/div><div class=\"col mt-2 mt-sm-0 text-center pix_comparison_1_title d-md-flex align-items-center justify-content-center\"><div class=\"text-center  font-weight-bold    d-flex align-items-center justify-content-center text-black\" data-toggle=\"tooltip\" data-placement=\"bottom\" title=\"This is a tooltip\">1700,-<\/div><\/div><\/div><div class=\"row pix-py-20 pix-my-10 pix-bottom-line shadow-hover-none animate-in rounded-lg\" data-anim-type=\"fade-in\" data-anim-delay=\"0\"><div class=\"col-12 col-md-4 col-lg-6 mb-2 mb-sm-0 pb-2 pb-md-0\"><div class=\"pix-px-15\"><div class=\"d-flex align-items-center\"><div  class=\"pix-heading-el text-left \"><div><div class=\"slide-in-container2\"><h6 class=\"text-heading-default font-weight-bold heading-text el-title_custom_color mb-12\" style=\"\" data-anim-type=\"\" data-anim-delay=\"0\">Liftingov\u00e1 procedura<\/h6><\/div><\/div><\/div><\/div><div class=\"pix-el-text w-100  \" ><p class=\" m-0 text-body-default  \" >(odl\u00ed\u010den\u00ed, diagnostika pleti, liftingov\u00e9 s\u00e9rum, mikromas\u00e1\u017e o\u010dn\u00edho okol\u00ed, z\u00e1v\u011bre\u010dn\u00e1 p\u00e9\u010de - d\u00e9lka o\u0161et\u0159en\u00ed 40 min)<\/p><\/div><\/div><\/div><div class=\"col mt-2 mt-sm-0 text-center pix_comparison_1_title d-md-flex align-items-center justify-content-center\"><div class=\"text-center  font-weight-bold    d-flex align-items-center justify-content-center text-black\" data-toggle=\"tooltip\" data-placement=\"bottom\" title=\"This is a tooltip\">od 900,-<\/div><\/div><\/div><div class=\"row pix-py-20 pix-my-10 pix-bottom-line shadow-hover-none animate-in rounded-lg\" data-anim-type=\"fade-in\" data-anim-delay=\"0\"><div class=\"col-12 col-md-4 col-lg-6 mb-2 mb-sm-0 pb-2 pb-md-0\"><div class=\"pix-px-15\"><div class=\"d-flex align-items-center\"><div  class=\"pix-heading-el text-left \"><div><div class=\"slide-in-container2\"><h6 class=\"text-heading-default font-weight-bold heading-text el-title_custom_color mb-12\" style=\"\" data-anim-type=\"\" data-anim-delay=\"0\">Kosmetick\u00e9 o\u0161et\u0159en\u00ed - rozs\u00e1hl\u00e9<\/h6><\/div><\/div><\/div><\/div><div class=\"pix-el-text w-100  \" ><p class=\" m-0 text-body-default  \" >(odl\u00ed\u010den\u00ed, diagnostika pleti, peeling, \u00faprava obo\u010d\u00ed, rozs\u00e1hl\u00e1 p\u00e9\u010de dle pot\u0159eby pleti,\nmas\u00e1\u017e, z\u00e1v\u011bre\u010dn\u00e1 p\u00e9\u010de - d\u00e9lka o\u0161et\u0159en\u00ed 120 min)<\/p><\/div><\/div><\/div><div class=\"col mt-2 mt-sm-0 text-center pix_comparison_1_title d-md-flex align-items-center justify-content-center\"><div class=\"text-center  font-weight-bold    d-flex align-items-center justify-content-center text-black\" ><i class=\"pixicon-question-circle mr-2 text-black\"><\/i>od 2000,-<\/div><\/div><\/div><div class=\"row pix-py-20 pix-my-10 pix-bottom-line shadow-hover-none animate-in rounded-lg\" data-anim-type=\"fade-in\" data-anim-delay=\"0\"><div class=\"col-12 col-md-4 col-lg-6 mb-2 mb-sm-0 pb-2 pb-md-0\"><div class=\"pix-px-15\"><div class=\"d-flex align-items-center\"><div  class=\"pix-heading-el text-left \"><div><div class=\"slide-in-container2\"><h6 class=\"text-heading-default font-weight-bold heading-text el-title_custom_color mb-12\" style=\"\" data-anim-type=\"\" data-anim-delay=\"0\">\u00daprava obo\u010d\u00ed pinzetou<\/h6><\/div><\/div><\/div><\/div><\/div><\/div><div class=\"col mt-2 mt-sm-0 text-center pix_comparison_1_title d-md-flex align-items-center justify-content-center\"><div class=\"text-center  font-weight-bold    d-flex align-items-center justify-content-center text-black\" ><i class=\"pixicon-question-circle mr-2 text-black\"><\/i>od 200,-<\/div><\/div><\/div><div class=\"row pix-py-20 pix-my-10 pix-bottom-line shadow-hover-none animate-in rounded-lg\" data-anim-type=\"fade-in\" data-anim-delay=\"0\"><div class=\"col-12 col-md-4 col-lg-6 mb-2 mb-sm-0 pb-2 pb-md-0\"><div class=\"pix-px-15\"><div class=\"d-flex align-items-center\"><div  class=\"pix-heading-el text-left \"><div><div class=\"slide-in-container2\"><h6 class=\"text-heading-default font-weight-bold heading-text el-title_custom_color mb-12\" style=\"\" data-anim-type=\"\" data-anim-delay=\"0\">\u00daprava obo\u010d\u00ed voskem<\/h6><\/div><\/div><\/div><\/div><\/div><\/div><div class=\"col mt-2 mt-sm-0 text-center pix_comparison_1_title d-md-flex align-items-center justify-content-center\"><div class=\"text-center  font-weight-bold    d-flex align-items-center justify-content-center text-black\" ><i class=\"pixicon-question-circle mr-2 text-black\"><\/i>od 400,-<\/div><\/div><\/div><div class=\"row pix-py-20 pix-my-10 pix-bottom-line shadow-hover-none animate-in rounded-lg\" data-anim-type=\"fade-in\" data-anim-delay=\"0\"><div class=\"col-12 col-md-4 col-lg-6 mb-2 mb-sm-0 pb-2 pb-md-0\"><div class=\"pix-px-15\"><div class=\"d-flex align-items-center\"><div  class=\"pix-heading-el text-left \"><div><div class=\"slide-in-container2\"><h6 class=\"text-heading-default font-weight-bold heading-text el-title_custom_color mb-12\" style=\"\" data-anim-type=\"\" data-anim-delay=\"0\">Konzultace<\/h6><\/div><\/div><\/div><\/div><\/div><\/div><div class=\"col mt-2 mt-sm-0 text-center pix_comparison_1_title d-md-flex align-items-center justify-content-center\"><div class=\"text-center  font-weight-bold    d-flex align-items-center justify-content-center text-black\" >zdarma<\/div><\/div><\/div><\/div><\/div><div class=\"pix-el-text w-100 text-center  vc_custom_1712588676761\" ><p class=\"  text-body-default text-center font-weight-bold\" >Cena od se odv\u00edj\u00ed od n\u00e1ro\u010dnosti a spot\u0159eb\u011b materi\u00e1lu.<\/p><\/div><div class=\"pix-el-text w-100 text-center  vc_custom_1728209482562\" ><p class=\"  text-body-default text-center font-weight-bold\" >V p\u0159\u00edpad\u011b opakovan\u011b zru\u0161en\u00e9ho term\u00ednu se plat\u00ed z\u00e1loha 50% z ceny slu\u017eby. (z\u00e1loha je nevratn\u00e1)<\/p><\/div><div class=\"pix-el-text w-100 text-center  vc_custom_1722856756254\" ><p class=\"text-18  text-gray-7 text-center font-weight-bold\" >M\u00e1te dal\u0161\u00ed ot\u00e1zky ohledn\u011b m\u00fdch slu\u017eeb? Nev\u00e1hejte m\u011b kontaktovat.<\/p><\/div><div class=\"d-block w-100 text-center\"><a  href=\"https:\/\/deniperez.com\/?page_id=13832\" class=\"btn mb-2     btn-blue d-inline-block pix-hover-item      btn-rounded pix-btn-div btn-md\"     ><i class=\"font-weight-bold pixicon-email-1  pix-hover-left  mr-1\"><\/i> <span class=\"font-weight-bold \" >Kontakty<\/span><\/a><\/div>[\/vc_column][\/vc_row][\/vc_section]<\/p>\n<\/div>","protected":false},"excerpt":{"rendered":"[vc_section full_width=&#8221;stretch_row&#8221; pix_over_visibility=&#8221;&#8221; css=&#8221;.vc_custom_1637546448325{padding-top: 80px !important;padding-bottom: 80px !important;background-color: #f8f9fa !important;}&#8221; el_id=&#8221;pix_section_comparison_table&#8221;][vc_row full_width=&#8221;stretch_row&#8221; pix_particles_check=&#8221;&#8221; css=&#8221;.vc_custom_1637538770783{padding-bottom: 40px !important;}&#8221;][vc_column][\/vc_column][\/vc_row][vc_row pix_particles_check=&#8221;&#8221; css=&#8221;.vc_custom_1637546502411{padding-bottom: 20px !important;}&#8221;][vc_column offset=&#8221;vc_col-md-offset-1 vc_col-md-10&#8243;][\/vc_column][\/vc_row][\/vc_section]","protected":false},"author":1,"featured_media":0,"parent":0,"menu_order":0,"comment_status":"closed","ping_status":"closed","template":"","meta":{"om_disable_all_campaigns":false,"_monsterinsights_skip_tracking":false,"_monsterinsights_sitenote_active":false,"_monsterinsights_sitenote_note":"","_monsterinsights_sitenote_category":0,"footnotes":""},"aioseo_notices":[],"_links":{"self":[{"href":"https:\/\/deniperez.com\/index.php?rest_route=\/wp\/v2\/pages\/13754"}],"collection":[{"href":"https:\/\/deniperez.com\/index.php?rest_route=\/wp\/v2\/pages"}],"about":[{"href":"https:\/\/deniperez.com\/index.php?rest_route=\/wp\/v2\/types\/page"}],"author":[{"embeddable":true,"href":"https:\/\/deniperez.com\/index.php?rest_route=\/wp\/v2\/users\/1"}],"replies":[{"embeddable":true,"href":"https:\/\/deniperez.com\/index.php?rest_route=%2Fwp%2Fv2%2Fcomments&post=13754"}],"version-history":[{"count":22,"href":"https:\/\/deniperez.com\/index.php?rest_route=\/wp\/v2\/pages\/13754\/revisions"}],"predecessor-version":[{"id":14186,"href":"https:\/\/deniperez.com\/index.php?rest_route=\/wp\/v2\/pages\/13754\/revisions\/14186"}],"wp:attachment":[{"href":"https:\/\/deniperez.com\/index.php?rest_route=%2Fwp%2Fv2%2Fmedia&parent=13754"}],"curies":[{"name":"wp","href":"https:\/\/api.w.org\/{rel}","templated":true}]}}