{"id":13749,"date":"2024-04-08T15:05:04","date_gmt":"2024-04-08T14:05:04","guid":{"rendered":"https:\/\/deniperez.com\/?page_id=13749"},"modified":"2025-01-12T19:52:37","modified_gmt":"2025-01-12T19:52:37","slug":"ceniky-2","status":"publish","type":"page","link":"https:\/\/deniperez.com\/?page_id=13749","title":{"rendered":"Cen\u00edky"},"content":{"rendered":"<div class=\"wpb-content-wrapper\"><p>[vc_section full_width=&#8221;stretch_row&#8221; full_height=&#8221;yes&#8221; content_placement=&#8221;middle&#8221; pix_over_visibility=&#8221;&#8221; responsive_css=&#8221;{&#8220;pix_res_sm_pt&#8220;:&#8220;20&#8220;,&#8220;pix_res_sm_pb&#8220;:&#8220;60&#8220;,&#8220;pix_res_md_pt&#8220;:&#8220;40&#8220;,&#8220;pix_res_md_pb&#8220;:&#8220;80&#8220;}&#8221; css=&#8221;.vc_custom_1704552894488{margin-top: -48px !important;padding-bottom: 80px !important;background-color: #212529 !important;}&#8221; el_class=&#8221;bg-intro&#8221; section_name=&#8221;prehled sluzeb&#8221;][vc_row full_width=&#8221;stretch_row&#8221; content_placement=&#8221;middle&#8221; pix_particles_check=&#8221;&#8221;][vc_column content_align=&#8221;text-center&#8221; css=&#8221;.vc_custom_1643757636071{padding-top: 40px !important;padding-bottom: 40px !important;}&#8221; offset=&#8221;vc_col-lg-offset-2 vc_col-lg-8 vc_col-md-offset-1 vc_col-md-10&#8243;]<span class=\"pix-badge-element h6 d-inline-flex mr-1 animate-in\" data-anim-type=\"fade-in-left\" data-anim-delay=\"0\"><span class=\"badge font-weight-bold secondary-font badge-pill shadow bg-white  vc_custom_1712585166557  \" style=\" \"><span class=\"text-heading-default\" style=\"\">Cen\u00edky<\/span><\/span><\/span><div id=\"el1643063248650-0a14a926-70a7\" class=\"pix-highlighted-element text-center  vc_custom_1712586158859\"><div class=\"d-inline-block\" style=\"max-width:700px;\"><h2 class=\"pix-highlighted-items animate-in\" style=\"\" data-anim-type=\"fade-in-up\" data-anim-delay=\"100\"><span id=\"el1643063248650-0a14a926-70a7-0\" class=\"\"><span class=\"pix-highlighted-text pix-highlight-item font-weight-normal  font-weight-bold heading-font text-gradient-primary\">Cen\u00edky slu\u017eeb<\/span><\/span><\/h2><\/div><\/div>[\/vc_column][\/vc_row][vc_row equal_height=&#8221;yes&#8221; pix_particles_check=&#8221;&#8221; css=&#8221;.vc_custom_1649286056109{padding-top: 40px !important;}&#8221;][vc_column width=&#8221;1\/2&#8243;]<div class=\"pix-content-box card      vc_custom_1649286242951 custom-responsive-154994350   rounded-10 shadow shadow-hover-lg fly-sm animate-in bg- w-100  \"  data-anim-type=\"fade-in-up\" data-anim-delay=\"0\"><div class=\"\" style=\"z-index:30;position:relative;\"><span class=\"pix-badge-element h6 d-inline-flex mr-1 animate-in\" data-anim-type=\"fade-in-up\" data-anim-delay=\"300\"><span class=\"badge font-weight-bold secondary-font bg-orange  vc_custom_1712585250578  \" style=\" \"><span class=\"text-white\" style=\"\">Cen\u00edky<\/span><\/span><\/span><div id=\"1643071775632-f8d9ca4d-0597\" class=\"pix-feature-el text-left  vc_custom_1712585360115\"><h5 class=\"font-weight-bold  secondary-font text-heading-default animate-in\" style=\"\" data-anim-type=\"fade-in-up\" data-anim-delay=\"150\">Cen\u00edk prodlu\u017eov\u00e1n\u00ed \u0159as<\/h5><div class=\"text-text-gray text-18     animate-in\" style=\"padding-top:10px;\" data-anim-type=\"fade-in-up\" data-anim-delay=\"250\"><\/div><\/div><a  href=\"https:\/\/deniperez.com\/?page_id=13776\" class=\"btn mb-2     btn-gray-7 d-inline-block pix-hover-item       animate-in btn-normal\"   data-anim-type=\"fade-in-up\" data-anim-delay=\"150\" ><i class=\"font-weight-bold pixicon-angle-circle-right  pix-hover-left  mr-1\"><\/i> <span class=\"font-weight-bold \" >Otev\u0159\u00edt<\/span><\/a><\/div><\/div><div class=\"pix-content-box card      vc_custom_1649286242951 custom-responsive-101030156   rounded-10 shadow shadow-hover-lg fly-sm animate-in bg- w-100  \"  data-anim-type=\"fade-in-up\" data-anim-delay=\"0\"><div class=\"\" style=\"z-index:30;position:relative;\"><span class=\"pix-badge-element h6 d-inline-flex mr-1 animate-in\" data-anim-type=\"fade-in-up\" data-anim-delay=\"300\"><span class=\"badge font-weight-bold secondary-font bg-orange  vc_custom_1712585250578  \" style=\" \"><span class=\"text-white\" style=\"\">Cen\u00edky<\/span><\/span><\/span><div id=\"1736710799657-9e08d28d-2b76\" class=\"pix-feature-el text-left  vc_custom_1736710818859\"><h5 class=\"font-weight-bold  secondary-font text-heading-default animate-in\" style=\"\" data-anim-type=\"fade-in-up\" data-anim-delay=\"150\">Cen\u00edk kade\u0159nick\u00fdch slu\u017eeb<\/h5><div class=\"text-text-gray text-18     animate-in\" style=\"padding-top:10px;\" data-anim-type=\"fade-in-up\" data-anim-delay=\"250\"><\/div><\/div><a  href=\"https:\/\/deniperez.com\/?page_id=14120\" class=\"btn mb-2     btn-gray-7 d-inline-block pix-hover-item       animate-in btn-normal\"   data-anim-type=\"fade-in-up\" data-anim-delay=\"150\" ><i class=\"font-weight-bold pixicon-angle-circle-right  pix-hover-left  mr-1\"><\/i> <span class=\"font-weight-bold \" >Otev\u0159\u00edt<\/span><\/a><\/div><\/div>[\/vc_column][vc_column width=&#8221;1\/2&#8243;]<div class=\"pix-content-box card      vc_custom_1649286236875 custom-responsive-93717656   rounded-10 shadow shadow-hover-lg fly-sm animate-in bg- w-100  \"  data-anim-type=\"fade-in-up\" data-anim-delay=\"0\"><div class=\"\" style=\"z-index:30;position:relative;\"><span class=\"pix-badge-element h6 d-inline-flex mr-1 animate-in\" data-anim-type=\"fade-in-up\" data-anim-delay=\"300\"><span class=\"badge font-weight-bold secondary-font bg-orange  vc_custom_1712585343099  \" style=\" \"><span class=\"text-white\" style=\"\">Cen\u00edky<\/span><\/span><\/span><div id=\"1644703589060-14c0621b-1964\" class=\"pix-feature-el text-left  vc_custom_1712585410228\"><h5 class=\"font-weight-bold  secondary-font text-heading-default animate-in\" style=\"\" data-anim-type=\"fade-in-up\" data-anim-delay=\"150\">Cen\u00edk slu\u017eeb permanentn\u00ed make-up<\/h5><div class=\"text-text-gray text-18     animate-in\" style=\"padding-top:10px;\" data-anim-type=\"fade-in-up\" data-anim-delay=\"250\"><\/div><\/div><a  href=\"https:\/\/deniperez.com\/?page_id=13772\" class=\"btn mb-2     btn-gray-7 d-inline-block pix-hover-item       animate-in btn-normal\"   data-anim-type=\"fade-in-up\" data-anim-delay=\"150\" ><i class=\"font-weight-bold pixicon-angle-circle-right  pix-hover-left  mr-1\"><\/i> <span class=\"font-weight-bold \" >Otev\u0159\u00edt<\/span><\/a><\/div><\/div><div class=\"pix-content-box card      vc_custom_1649286249644 custom-responsive-159749735   rounded-10 shadow shadow-hover-lg fly-sm animate-in bg- w-100  \"  data-anim-type=\"fade-in-up\" data-anim-delay=\"0\"><div class=\"\" style=\"z-index:30;position:relative;\"><span class=\"pix-badge-element h6 d-inline-flex mr-1 animate-in\" data-anim-type=\"fade-in-up\" data-anim-delay=\"300\"><span class=\"badge font-weight-bold secondary-font bg-orange  vc_custom_1712585334507  \" style=\" \"><span class=\"text-white\" style=\"\">Cen\u00edky<\/span><\/span><\/span><div id=\"1643068410233-a340a3bc-d94c\" class=\"pix-feature-el text-left  vc_custom_1712585430358\"><h5 class=\"font-weight-bold  secondary-font text-heading-default animate-in\" style=\"\" data-anim-type=\"fade-in-up\" data-anim-delay=\"150\">Cen\u00edk kosmetick\u00fdch slu\u017eeb<\/h5><div class=\"text-text-gray text-18     animate-in\" style=\"padding-top:10px;\" data-anim-type=\"fade-in-up\" data-anim-delay=\"250\"><\/div><\/div><a  href=\"https:\/\/deniperez.com\/?page_id=13754\" class=\"btn mb-2     btn-gray-7 d-inline-block pix-hover-item       animate-in btn-normal\"   data-anim-type=\"fade-in-up\" data-anim-delay=\"150\" ><i class=\"font-weight-bold pixicon-angle-circle-right  pix-hover-left  mr-1\"><\/i> <span class=\"font-weight-bold \" >Otev\u0159\u00edt<\/span><\/a><\/div><\/div>[\/vc_column][\/vc_row][\/vc_section]<\/p>\n<\/div>","protected":false},"excerpt":{"rendered":"[vc_section full_width=&#8221;stretch_row&#8221; full_height=&#8221;yes&#8221; content_placement=&#8221;middle&#8221; pix_over_visibility=&#8221;&#8221; responsive_css=&#8221;{&#8220;pix_res_sm_pt&#8220;:&#8220;20&#8220;,&#8220;pix_res_sm_pb&#8220;:&#8220;60&#8220;,&#8220;pix_res_md_pt&#8220;:&#8220;40&#8220;,&#8220;pix_res_md_pb&#8220;:&#8220;80&#8220;}&#8221; css=&#8221;.vc_custom_1704552894488{margin-top: -48px !important;padding-bottom: 80px !important;background-color: #212529 !important;}&#8221; el_class=&#8221;bg-intro&#8221; section_name=&#8221;prehled sluzeb&#8221;][vc_row full_width=&#8221;stretch_row&#8221; content_placement=&#8221;middle&#8221; pix_particles_check=&#8221;&#8221;][vc_column content_align=&#8221;text-center&#8221; css=&#8221;.vc_custom_1643757636071{padding-top: 40px !important;padding-bottom: 40px !important;}&#8221; offset=&#8221;vc_col-lg-offset-2 vc_col-lg-8 vc_col-md-offset-1 vc_col-md-10&#8243;][\/vc_column][\/vc_row][vc_row equal_height=&#8221;yes&#8221; pix_particles_check=&#8221;&#8221; css=&#8221;.vc_custom_1649286056109{padding-top: 40px !important;}&#8221;][vc_column width=&#8221;1\/2&#8243;][\/vc_column][vc_column width=&#8221;1\/2&#8243;][\/vc_column][\/vc_row][\/vc_section]","protected":false},"author":1,"featured_media":0,"parent":0,"menu_order":0,"comment_status":"closed","ping_status":"closed","template":"","meta":{"om_disable_all_campaigns":false,"_monsterinsights_skip_tracking":false,"_monsterinsights_sitenote_active":false,"_monsterinsights_sitenote_note":"","_monsterinsights_sitenote_category":0,"footnotes":""},"aioseo_notices":[],"_links":{"self":[{"href":"https:\/\/deniperez.com\/index.php?rest_route=\/wp\/v2\/pages\/13749"}],"collection":[{"href":"https:\/\/deniperez.com\/index.php?rest_route=\/wp\/v2\/pages"}],"about":[{"href":"https:\/\/deniperez.com\/index.php?rest_route=\/wp\/v2\/types\/page"}],"author":[{"embeddable":true,"href":"https:\/\/deniperez.com\/index.php?rest_route=\/wp\/v2\/users\/1"}],"replies":[{"embeddable":true,"href":"https:\/\/deniperez.com\/index.php?rest_route=%2Fwp%2Fv2%2Fcomments&post=13749"}],"version-history":[{"count":8,"href":"https:\/\/deniperez.com\/index.php?rest_route=\/wp\/v2\/pages\/13749\/revisions"}],"predecessor-version":[{"id":14123,"href":"https:\/\/deniperez.com\/index.php?rest_route=\/wp\/v2\/pages\/13749\/revisions\/14123"}],"wp:attachment":[{"href":"https:\/\/deniperez.com\/index.php?rest_route=%2Fwp%2Fv2%2Fmedia&parent=13749"}],"curies":[{"name":"wp","href":"https:\/\/api.w.org\/{rel}","templated":true}]}}