{"id":13637,"date":"2024-03-11T16:52:21","date_gmt":"2024-03-11T16:52:21","guid":{"rendered":"https:\/\/deniperez.com\/?page_id=13637"},"modified":"2024-09-15T09:55:37","modified_gmt":"2024-09-15T08:55:37","slug":"uprava-oboci-voskem","status":"publish","type":"page","link":"https:\/\/deniperez.com\/?page_id=13637","title":{"rendered":"\u00daprava obo\u010d\u00ed voskem"},"content":{"rendered":"<div class=\"wpb-content-wrapper\"><p>[vc_section full_width=&#8221;stretch_row&#8221; pix_over_visibility=&#8221;&#8221; css=&#8221;.vc_custom_1710154664317{margin-top: -50px !important;padding-top: 60px !important;padding-bottom: 80px !important;background-color: #ffffff !important;}&#8221;][vc_row full_width=&#8221;stretch_row&#8221; content_placement=&#8221;middle&#8221; pix_particles_check=&#8221;&#8221; css=&#8221;.vc_custom_1590194617797{padding-top: 40px !important;padding-bottom: 40px !important;background-color: #ffffff !important;}&#8221;][vc_column width=&#8221;1\/2&#8243; responsive_css=&#8221;{&#8220;pix_res_sm_pb&#8220;:&#8220;50&#8220;}&#8221; css=&#8221;.vc_custom_1712560204525{padding-right: 20px !important;padding-bottom: 1000px !important;padding-left: 20px !important;}&#8221;]<div class=\"d-inline-block \" style=\"width:100%;\"><div class=\"animate-in w-100 d-inline-block\" data-anim-type=\"fade-in-right\" data-anim-delay=\"200\"><div class=\"pix-img-el  vc_custom_1722793181775   shadow-lg text-left d-inline-block  w-100 rounded-xl\"  ><img fetchpriority=\"high\" decoding=\"async\" class=\"card-img2 pix-img-elem rounded-xl  h-1002\" style=\"width:100%;height:auto;\" width=\"410\" height=\"408\" srcset=\"https:\/\/deniperez.com\/wp-content\/uploads\/2024\/04\/brow_wax.jpg 410w, https:\/\/deniperez.com\/wp-content\/uploads\/2024\/04\/brow_wax-300x300.jpg 300w, https:\/\/deniperez.com\/wp-content\/uploads\/2024\/04\/brow_wax-150x150.jpg 150w, https:\/\/deniperez.com\/wp-content\/uploads\/2024\/04\/brow_wax-75x75.jpg 75w\" sizes=\"(max-width: 410px) 100vw, 410px\" src=\"https:\/\/deniperez.com\/wp-content\/uploads\/2024\/04\/brow_wax.jpg\" alt=\"Image link\" \/><\/div><\/div><\/div>[\/vc_column][vc_column width=&#8221;1\/2&#8243;]<div class=\"text-left \"><div><h1 class=\"pix-headline my-3  loading-bar text-dark-opacity-9 font-weight-bold  secondary-font animate-in\" style=\"\" data-anim-type=\"fade-in-up\" data-anim-delay=\"0\" ><span>\u00daprava obo\u010d\u00ed voskem - Dokonale tvarovan\u00e9 obo\u010d\u00ed pro ka\u017edou p\u0159\u00edle\u017eitost <\/span><span class=\"pix-words-wrapper is-last\"><span class=\"is-visible \" ><\/span> <span class=\"pix-bar bg-dark-opacity-9\" ><\/span><\/span><\/h1><\/div><\/div><div class=\"pix-el-text w-100   vc_custom_1710175977811\" ><p class=\"text-20  text-gray-7  font-weight-bold\" ><span class=\"text-gray-7 animate-in d-inline-block\" data-anim-delay=\"200\" data-anim-type=\"fade-in-up\">\u00daprava obo\u010d\u00ed voskem je rychl\u00fd a efektivn\u00ed zp\u016fsob, jak dos\u00e1hnout dokonal\u00e9ho tvaru a vzhledu va\u0161eho obo\u010d\u00ed. Tato slu\u017eba je ide\u00e1ln\u00ed pro ty, kte\u0159\u00ed hledaj\u00ed precizn\u00ed \u00fapravu s pomoc\u00ed vosku, kter\u00fd rychle a snadno odstran\u00ed ne\u017e\u00e1douc\u00ed chloupky a vytvo\u0159\u00ed definovan\u00fd tvar obo\u010d\u00ed.<\/span><\/p><\/div><div class=\"pix-el-text w-100 text-center  vc_custom_1712560227451\" ><p class=\"text-20  text-gray-8 text-center font-weight-bold\" ><span class=\"text-gray-8 animate-in d-inline-block\" data-anim-delay=\"200\" data-anim-type=\"fade-in-up\">Postup<\/span><\/p><\/div><div class=\"pix-el-text w-100  \" ><p class=\"text-20  text-gray-8  font-weight-bold\" >Konzultace<\/p><\/div><div class=\"pix-el-text w-100  \" ><p class=\"text-18  text-gray-8  \" >Ka\u017ed\u00e1 \u00faprava obo\u010d\u00ed voskem za\u010d\u00edn\u00e1 kr\u00e1tkou konzultac\u00ed, b\u011bhem kter\u00e9 se diskutuje o va\u0161ich p\u0159\u00e1n\u00edch a preferenc\u00edch ohledn\u011b tvaru a stylu obo\u010d\u00ed.<\/p><\/div><div class=\"pix-el-text w-100  \" ><p class=\"text-20  text-gray-8  font-weight-bold\" >N\u00e1vrh tvaru<\/p><\/div><div class=\"pix-el-text w-100  \" ><p class=\"text-18  text-gray-8  \" >Na z\u00e1klad\u011b konzultace se spole\u010dn\u011b navrhne optim\u00e1ln\u00ed tvar obo\u010d\u00ed, kter\u00fd bude nejl\u00e9pe ladit s va\u0161\u00edm obli\u010dejem a podtrhne va\u0161i p\u0159irozenou kr\u00e1su.<\/p><\/div><div class=\"pix-el-text w-100  \" ><p class=\"text-20  text-gray-8  font-weight-bold\" >Nan\u00e1\u0161en\u00ed vosku<\/p><\/div><div class=\"pix-el-text w-100  \" ><p class=\"text-18  text-gray-8  \" >Vosk se aplikuje na oblasti obo\u010d\u00ed, kter\u00e9 maj\u00ed b\u00fdt upraveny, a pot\u00e9 se rychle a pe\u010dliv\u011b odstran\u00ed spolu s ne\u017e\u00e1douc\u00edmi chloupky, \u010d\u00edm\u017e se vytvo\u0159\u00ed p\u0159esn\u00fd tvar obo\u010d\u00ed.<\/p><\/div><div class=\"pix-el-text w-100  \" ><p class=\"text-20  text-gray-8  font-weight-bold\" >Dokon\u010den\u00ed<\/p><\/div><div class=\"pix-el-text w-100  \" ><p class=\"text-18  text-gray-8  \" >Po dokon\u010den\u00ed \u00fapravy se aplikuje zklid\u0148uj\u00edc\u00ed a hydrata\u010dn\u00ed gel nebo kr\u00e9m, kter\u00fd zanech\u00e1 va\u0161i poko\u017eku pod obo\u010d\u00edm jemnou a hydratovanou.<\/p><\/div><div class=\"pix-el-text w-100  \" ><p class=\"text-20  text-gray-8  font-weight-bold\" >V\u00fdhody<\/p><\/div><div class=\"pix-el-text w-100  \" ><p class=\"text-18  text-gray-8  \" >Rychl\u00fd a efektivn\u00ed zp\u016fsob \u00fapravy obo\u010d\u00ed<br \/>\nP\u0159esn\u00fd tvar obo\u010d\u00ed d\u00edky vosku<br \/>\nOkam\u017eit\u00fd v\u00fdsledek bez doby rekonvalescence<br \/>\nO\u0161et\u0159en\u00ed je vhodn\u00e9 i pro citlivou ple\u0165<\/p><\/div><div class=\"pix-el-text w-100  \" ><p class=\"text-20  text-gray-8  font-weight-bold\" >Kontraindikace<\/p><\/div><div class=\"pix-el-text w-100  \" ><p class=\"text-18  text-gray-8  \" >\u00daprava obo\u010d\u00ed voskem je obvykle bezpe\u010dn\u00e1 pro v\u011bt\u0161inu klient\u016f. Nicm\u00e9n\u011b, existuj\u00ed n\u011bkter\u00e9 kontraindikace, kter\u00e9 by m\u011bli zv\u00e1\u017eit potenci\u00e1ln\u00ed klienti:<\/p><\/div><div class=\"pix-el-text w-100  \" ><p class=\"text-18  text-gray-8  \" >Ko\u017en\u00ed infekce nebo zran\u011bn\u00ed v oblasti obo\u010d\u00ed<br>Ko\u017en\u00ed alergie na pou\u017e\u00edvan\u00e9 produkty<br>citliv\u00e1 nebo podr\u00e1\u017ed\u011bn\u00e1 poko\u017eka v okol\u00ed obo\u010d\u00ed<br>Virov\u00e1 onemocn\u011bn\u00ed<br>Opary<br><\/p><\/div><div class=\"pix-el-text w-100  \" ><p class=\"text-20  text-gray-8  font-weight-bold\" >P\u00e9\u010de<\/p><\/div><div class=\"pix-el-text w-100  \" ><p class=\"text-18  text-gray-8  \" >Pro udr\u017een\u00ed kr\u00e1sn\u00e9ho tvaru obo\u010d\u00ed je d\u016fle\u017eit\u00e9 pravideln\u011b udr\u017eovat jejich tvar pomoc\u00ed dom\u00e1c\u00ed p\u00e9\u010de a pravideln\u00e9 \u00fadr\u017eby.<\/p><\/div><div class=\"pix-el-text w-100  \" ><p class=\"text-18  text-gray-8  \" >Pokud tou\u017e\u00edte po rychl\u00e9m a precizn\u00edm vzhledu obo\u010d\u00ed, \u00faprava obo\u010d\u00ed voskem je pro v\u00e1s ide\u00e1ln\u00ed volbou. Kontaktujte m\u011b pro domluven\u00ed term\u00ednu a rezervujte si svou \u00fapravu obo\u010d\u00ed je\u0161t\u011b dnes!<\/p><\/div>[\/vc_column][\/vc_row][\/vc_section][vc_section full_width=&#8221;stretch_row&#8221; pix_bg_grdient=&#8221;bg-gradient-dark&#8221; pix_over_visibility=&#8221;&#8221; top_divider_select=&#8221;dynamic&#8221; top_moving_divider_color=&#8221;%5B%7B%22d_gradient%22%3A%221%22%2C%22d_color_1%22%3A%22%238209ed%22%2C%22d_color_2%22%3A%22%2312e58d%22%7D%2C%7B%22d_gradient%22%3A%221%22%2C%22d_color_1%22%3A%22%23ff3067%22%2C%22d_color_2%22%3A%22rgba(39%2C145%2C244%2C0.56)%22%7D%2C%7B%22d_color_1%22%3A%22%23ffffff%22%2C%22d_color_2%22%3A%22%23f8f9fa%22%7D%5D&#8221; t_flip_h=&#8221;true&#8221; pix_visibility=&#8221;1&#8243; css=&#8221;.vc_custom_1587702645277{padding-top: 120px !important;padding-bottom: 80px !important;}&#8221; t_custom_height=&#8221;100px&#8221;][vc_row full_width=&#8221;stretch_row&#8221; pix_particles_check=&#8221;&#8221; pix_visibility=&#8221;1&#8243;][vc_column content_align=&#8221;text-center&#8221; offset=&#8221;vc_col-lg-offset-1 vc_col-lg-10&#8243;]<span class=\"pix-badge-element h5 d-inline-flex mr-1 animate-in\" data-anim-type=\"fade-in-up\" data-anim-delay=\"0\"><span class=\"badge font-weight-bold secondary-font badge-pill bg-dark-opacity-8  vc_custom_1710173967290  \" style=\" \"><span class=\"text-white\" style=\"\">Kosmetick\u00e9 o\u0161et\u0159en\u00ed<\/span><\/span><\/span><div id=\"el1709745013958-14767a63-1faa\" class=\"mb-3 text-center  vc_custom_1710176110961\"><h2 class=\"mb-32 pix-sliding-headline-2 animate-in font-weight-bold secondary-font \" data-anim-type=\"pix-sliding-text\" pix-anim-delay=\"500\" data-class=\"secondary-font text-white\" style=\"\"><span class=\"slide-in-container \"><span class=\"pix-sliding-item secondary-font text-white\" style=\"transition-delay: 0ms;\">\u00daprava&#32;<\/span><\/span> <span class=\"slide-in-container \"><span class=\"pix-sliding-item secondary-font text-white\" style=\"transition-delay: 150ms;\">obo\u010d\u00ed&#32;<\/span><\/span> <span class=\"slide-in-container \"><span class=\"pix-sliding-item secondary-font text-white\" style=\"transition-delay: 300ms;\">voskem&#32;<\/span><\/span> <\/h2><\/div>[\/vc_column][\/vc_row][vc_row full_width=&#8221;stretch_row_content&#8221; pix_particles_check=&#8221;&#8221;][vc_column width=&#8221;1\/3&#8243; offset=&#8221;vc_hidden-sm vc_hidden-xs&#8221;][\/vc_column][vc_column width=&#8221;1\/3&#8243;]<div class=\"card w-100 pix_pricing    animate-in  vc_custom_1722793148194\" data-anim-type=\"fade-in-up\" data-anim-delay=\"0\"><div class=\" bg-light-opacity-1 shadow shadow-hover scale-sm rounded-lg pix-p-20 rounded-lg2 pix-mb-20  bg-light-opacity-1\" ><span class=\"pix-badge-element h6 d-inline-flex mr-1 \"  ><span class=\"badge font-weight-bold secondary-font bg-dark-opacity-3  vc_custom_1722793148186  \" style=\" \"><span class=\"text-white\" style=\"\">Kosmetick\u00e9 o\u0161et\u0159en\u00ed<\/span><\/span><\/span><h2 class=\"pt-3 font-weight-bold text-white h2\" ><span class=\"currency\"><\/span><span>300<\/span><sub class=\"text-small\">,- K\u010d<\/sub><\/h2><\/div><div class=\"pix-px-20\"><div id=\"duo-icon-144588340\" class=\"slide-in-container w-100  \" ><div class=\"py-2 \"  ><div class=\"pix-feature-list   font-weight-bold     py-2 d-flex align-items-center\" ><\/div><\/div><\/div><\/div><div class=\"pix-mt-20\"><a  href=\"https:\/\/deniperez.com\/?page_id=13832\" class=\"btn mb-2     shadow-lg shadow-hover-lg fly-sm text-white  bg-light-opacity-1 btn-primary btn-custom-bg  d-block w-100  pix-hover-item       animate-in btn-md\"   data-anim-type=\"fade-in-up\" data-anim-delay=\"400\" ><i class=\"font-weight-bold pixicon-bag-2  pix-hover-left  mr-1\"><\/i> <span class=\"font-weight-bold \" >Objednat se<\/span><\/a><\/div><\/div>\n[\/vc_column][vc_column width=&#8221;1\/3&#8243; offset=&#8221;vc_hidden-sm vc_hidden-xs&#8221;][\/vc_column][\/vc_row][\/vc_section]<\/p>\n<\/div>","protected":false},"excerpt":{"rendered":"[vc_section full_width=&#8221;stretch_row&#8221; pix_over_visibility=&#8221;&#8221; css=&#8221;.vc_custom_1710154664317{margin-top: -50px !important;padding-top: 60px !important;padding-bottom: 80px !important;background-color: #ffffff !important;}&#8221;][vc_row full_width=&#8221;stretch_row&#8221; content_placement=&#8221;middle&#8221; pix_particles_check=&#8221;&#8221; css=&#8221;.vc_custom_1590194617797{padding-top: 40px !important;padding-bottom: 40px !important;background-color: #ffffff !important;}&#8221;][vc_column width=&#8221;1\/2&#8243; responsive_css=&#8221;{&#8220;pix_res_sm_pb&#8220;:&#8220;50&#8220;}&#8221; css=&#8221;.vc_custom_1712560204525{padding-right: 20px !important;padding-bottom: 1000px !important;padding-left: 20px !important;}&#8221;][\/vc_column][vc_column width=&#8221;1\/2&#8243;][\/vc_column][\/vc_row][\/vc_section][vc_section full_width=&#8221;stretch_row&#8221; pix_bg_grdient=&#8221;bg-gradient-dark&#8221; pix_over_visibility=&#8221;&#8221; top_divider_select=&#8221;dynamic&#8221; top_moving_divider_color=&#8221;%5B%7B%22d_gradient%22%3A%221%22%2C%22d_color_1%22%3A%22%238209ed%22%2C%22d_color_2%22%3A%22%2312e58d%22%7D%2C%7B%22d_gradient%22%3A%221%22%2C%22d_color_1%22%3A%22%23ff3067%22%2C%22d_color_2%22%3A%22rgba(39%2C145%2C244%2C0.56)%22%7D%2C%7B%22d_color_1%22%3A%22%23ffffff%22%2C%22d_color_2%22%3A%22%23f8f9fa%22%7D%5D&#8221; t_flip_h=&#8221;true&#8221; pix_visibility=&#8221;1&#8243; css=&#8221;.vc_custom_1587702645277{padding-top:&#8230;","protected":false},"author":1,"featured_media":0,"parent":0,"menu_order":0,"comment_status":"closed","ping_status":"closed","template":"","meta":{"om_disable_all_campaigns":false,"_monsterinsights_skip_tracking":false,"_monsterinsights_sitenote_active":false,"_monsterinsights_sitenote_note":"","_monsterinsights_sitenote_category":0,"footnotes":""},"aioseo_notices":[],"_links":{"self":[{"href":"https:\/\/deniperez.com\/index.php?rest_route=\/wp\/v2\/pages\/13637"}],"collection":[{"href":"https:\/\/deniperez.com\/index.php?rest_route=\/wp\/v2\/pages"}],"about":[{"href":"https:\/\/deniperez.com\/index.php?rest_route=\/wp\/v2\/types\/page"}],"author":[{"embeddable":true,"href":"https:\/\/deniperez.com\/index.php?rest_route=\/wp\/v2\/users\/1"}],"replies":[{"embeddable":true,"href":"https:\/\/deniperez.com\/index.php?rest_route=%2Fwp%2Fv2%2Fcomments&post=13637"}],"version-history":[{"count":10,"href":"https:\/\/deniperez.com\/index.php?rest_route=\/wp\/v2\/pages\/13637\/revisions"}],"predecessor-version":[{"id":14009,"href":"https:\/\/deniperez.com\/index.php?rest_route=\/wp\/v2\/pages\/13637\/revisions\/14009"}],"wp:attachment":[{"href":"https:\/\/deniperez.com\/index.php?rest_route=%2Fwp%2Fv2%2Fmedia&parent=13637"}],"curies":[{"name":"wp","href":"https:\/\/api.w.org\/{rel}","templated":true}]}}