{"id":13628,"date":"2024-03-11T16:39:00","date_gmt":"2024-03-11T16:39:00","guid":{"rendered":"https:\/\/deniperez.com\/?page_id=13628"},"modified":"2024-10-06T11:03:14","modified_gmt":"2024-10-06T10:03:14","slug":"kosmeticke-osetreni-rozsahle","status":"publish","type":"page","link":"https:\/\/deniperez.com\/?page_id=13628","title":{"rendered":"Kosmetick\u00e9 o\u0161et\u0159en\u00ed &#8211; rozs\u00e1hl\u00e9"},"content":{"rendered":"<div class=\"wpb-content-wrapper\"><p>[vc_section full_width=&#8221;stretch_row&#8221; pix_over_visibility=&#8221;&#8221; css=&#8221;.vc_custom_1710154664317{margin-top: -50px !important;padding-top: 60px !important;padding-bottom: 80px !important;background-color: #ffffff !important;}&#8221;][vc_row full_width=&#8221;stretch_row&#8221; content_placement=&#8221;middle&#8221; pix_particles_check=&#8221;&#8221; css=&#8221;.vc_custom_1590194617797{padding-top: 40px !important;padding-bottom: 40px !important;background-color: #ffffff !important;}&#8221;][vc_column width=&#8221;1\/2&#8243; responsive_css=&#8221;{&#8220;pix_res_sm_pb&#8220;:&#8220;50&#8220;}&#8221; css=&#8221;.vc_custom_1712559620272{padding-right: 20px !important;padding-bottom: 1300px !important;padding-left: 20px !important;}&#8221;]<div class=\"d-inline-block \" style=\"width:100%;\"><div class=\"animate-in w-100 d-inline-block\" data-anim-type=\"fade-in-right\" data-anim-delay=\"200\"><div class=\"pix-img-el  vc_custom_1722793056096   shadow-lg text-left d-inline-block  w-100 rounded-xl\"  ><img fetchpriority=\"high\" decoding=\"async\" class=\"card-img2 pix-img-elem rounded-xl  h-1002\" style=\"width:100%;height:auto;\" width=\"1280\" height=\"1280\" srcset=\"https:\/\/deniperez.com\/wp-content\/uploads\/2024\/04\/skin_treat.jpg 1280w, https:\/\/deniperez.com\/wp-content\/uploads\/2024\/04\/skin_treat-300x300.jpg 300w, https:\/\/deniperez.com\/wp-content\/uploads\/2024\/04\/skin_treat-1024x1024.jpg 1024w, https:\/\/deniperez.com\/wp-content\/uploads\/2024\/04\/skin_treat-150x150.jpg 150w, https:\/\/deniperez.com\/wp-content\/uploads\/2024\/04\/skin_treat-768x768.jpg 768w, https:\/\/deniperez.com\/wp-content\/uploads\/2024\/04\/skin_treat-400x400.jpg 400w, https:\/\/deniperez.com\/wp-content\/uploads\/2024\/04\/skin_treat-75x75.jpg 75w, https:\/\/deniperez.com\/wp-content\/uploads\/2024\/04\/skin_treat-460x460.jpg 460w\" sizes=\"(max-width: 1280px) 100vw, 1280px\" src=\"https:\/\/deniperez.com\/wp-content\/uploads\/2024\/04\/skin_treat.jpg\" alt=\"Image link\" \/><\/div><\/div><\/div>[\/vc_column][vc_column width=&#8221;1\/2&#8243;]<div class=\"text-left \"><div><h1 class=\"pix-headline my-3  loading-bar text-dark-opacity-9 font-weight-bold  secondary-font animate-in\" style=\"\" data-anim-type=\"fade-in-up\" data-anim-delay=\"0\" ><span>Kosmetick\u00e9 o\u0161et\u0159en\u00ed - rozs\u00e1hl\u00e9 <\/span><span class=\"pix-words-wrapper is-last\"><span class=\"is-visible \" ><\/span> <span class=\"pix-bar bg-dark-opacity-9\" ><\/span><\/span><\/h1><\/div><\/div><div class=\"pix-el-text w-100   vc_custom_1710175184050\" ><p class=\"text-20  text-gray-7  font-weight-bold\" ><span class=\"text-gray-7 animate-in d-inline-block\" data-anim-delay=\"200\" data-anim-type=\"fade-in-up\">Kosmetick\u00e9 o\u0161et\u0159en\u00ed &#8211; rozs\u00e1hl\u00e9 je komplexn\u00ed p\u00e9\u010de o ple\u0165, kter\u00e1 kombinuje \u0161irokou \u0161k\u00e1lu procedur pro dosa\u017een\u00ed optim\u00e1ln\u00edho zdrav\u00ed a vzhledu va\u0161\u00ed pleti. Tato luxusn\u00ed slu\u017eba zahrnuje odl\u00ed\u010den\u00ed, diagnostiku pleti, peeling, \u00fapravu obo\u010d\u00ed, rozs\u00e1hlou p\u00e9\u010di dle pot\u0159eby va\u0161\u00ed pleti, relaxa\u010dn\u00ed mas\u00e1\u017e a z\u00e1v\u011bre\u010dnou p\u00e9\u010di.<\/span><\/p><\/div><div class=\"pix-el-text w-100 text-center  vc_custom_1712559634679\" ><p class=\"text-20  text-gray-8 text-center font-weight-bold\" ><span class=\"text-gray-8 animate-in d-inline-block\" data-anim-delay=\"200\" data-anim-type=\"fade-in-up\">Postup<\/span><\/p><\/div><div class=\"pix-el-text w-100  \" ><p class=\"text-20  text-gray-8  font-weight-bold\" >Odl\u00ed\u010den\u00ed<\/p><\/div><div class=\"pix-el-text w-100  \" ><p class=\"text-18  text-gray-8  \" >\u00davodn\u00edm krokem je d\u016fkladn\u00e9 odl\u00ed\u010den\u00ed obli\u010deje, kter\u00e9 odstran\u00ed ve\u0161ker\u00fd make-up a ne\u010distoty, \u010d\u00edm\u017e p\u0159iprav\u00ed ple\u0165 na dal\u0161\u00ed kroky o\u0161et\u0159en\u00ed.<\/p><\/div><div class=\"pix-el-text w-100  \" ><p class=\"text-20  text-gray-8  font-weight-bold\" >Diagnostika pleti<\/p><\/div><div class=\"pix-el-text w-100  \" ><p class=\"text-18  text-gray-8  \" >N\u00e1sleduje individu\u00e1ln\u00ed diagnostika pleti, b\u011bhem kter\u00e9 se posoud\u00ed jej\u00ed stav, pot\u0159eby a p\u0159\u00edpadn\u00e9 probl\u00e9my. Na z\u00e1klad\u011b t\u00e9to anal\u00fdzy se vybere vhodn\u00fd program p\u00e9\u010de.<\/p><\/div><div class=\"pix-el-text w-100  \" ><p class=\"text-20  text-gray-8  font-weight-bold\" >Peeling<\/p><\/div><div class=\"pix-el-text w-100  \" ><p class=\"text-18  text-gray-8  \" >Pot\u00e9 n\u00e1sleduje jemn\u00fd peeling, kter\u00fd odstra\u0148uje odum\u0159el\u00e9 bu\u0148ky a zlep\u0161uje texturu pleti, \u010d\u00edm\u017e p\u0159ipravuje poko\u017eku na absorpci dal\u0161\u00edch aktivn\u00edch l\u00e1tek.<\/p><\/div><div class=\"pix-el-text w-100  \" ><p class=\"text-20  text-gray-8  font-weight-bold\" >\u00daprava obo\u010d\u00ed<\/p><\/div><div class=\"pix-el-text w-100  \" ><p class=\"text-18  text-gray-8  \" >Rozs\u00e1hl\u00e1 p\u00e9\u010de dle pot\u0159eby pleti<\/p><\/div><div class=\"pix-el-text w-100  \" ><p class=\"text-18  text-gray-8  \" >Provede se precizn\u00ed \u00faprava obo\u010d\u00ed podle va\u0161ich p\u0159\u00e1n\u00ed a tvaru obli\u010deje, aby va\u0161e obo\u010d\u00ed vypadalo dokonale a p\u0159irozen\u011b.<\/p><\/div><div class=\"pix-el-text w-100  \" ><p class=\"text-18  text-gray-8  \" >N\u00e1sleduje aplikace \u0161irok\u00e9 \u0161k\u00e1ly kosmetick\u00fdch procedur a produkt\u016f, kter\u00e9 jsou p\u0159izp\u016fsobeny pot\u0159eb\u00e1m va\u0161\u00ed pleti. M\u016f\u017ee se jednat o hydrata\u010dn\u00ed masky, s\u00e9ra, ampule nebo speci\u00e1ln\u00ed terapie, kter\u00e9 pom\u00e1haj\u00ed zlep\u0161it stav a vzhled pleti.<\/p><\/div><div class=\"pix-el-text w-100  \" ><p class=\"text-20  text-gray-8  font-weight-bold\" >Mas\u00e1\u017e<\/p><\/div><div class=\"pix-el-text w-100  \" ><p class=\"text-18  text-gray-8  \" >Ple\u0165 je pot\u00e9 o\u0161et\u0159ena relaxa\u010dn\u00ed mas\u00e1\u017e\u00ed obli\u010deje a dekoltu, kter\u00e1 nejen uvoln\u00ed svaly, ale tak\u00e9 zlep\u0161\u00ed cirkulaci krve a dod\u00e1 va\u0161\u00ed pleti zdrav\u00fd a sv\u011b\u017e\u00ed vzhled.<\/p><\/div><div class=\"pix-el-text w-100  \" ><p class=\"text-20  text-gray-8  font-weight-bold\" >Z\u00e1v\u011bre\u010dn\u00e1 p\u00e9\u010de<\/p><\/div><div class=\"pix-el-text w-100  \" ><p class=\"text-18  text-gray-8  \" >O\u0161et\u0159en\u00ed je zakon\u010deno aplikac\u00ed vhodn\u00e9ho hydrata\u010dn\u00edho kr\u00e9mu nebo s\u00e9ra, kter\u00e9 zanech\u00e1 va\u0161i ple\u0165 hebkou, osv\u011b\u017eenou a z\u00e1\u0159ivou.<\/p><\/div><div class=\"pix-el-text w-100  \" ><p class=\"text-20  text-gray-8  font-weight-bold\" >V\u00fdhody<\/p><\/div><div class=\"pix-el-text w-100  \" ><p class=\"text-18  text-gray-8  \" >Kompletn\u00ed p\u00e9\u010de o ple\u0165 s individu\u00e1ln\u00edm p\u0159\u00edstupem<br \/>\nZlep\u0161en\u00ed textury a vzhledu pleti<br \/>\nRelaxace a odpo\u010dinek d\u00edky relaxa\u010dn\u00ed mas\u00e1\u017ei<br \/>\nZdrav\u011b vypadaj\u00edc\u00ed, hydratovan\u00e1 a osv\u011b\u017een\u00e1 ple\u0165<\/p><\/div><div class=\"pix-el-text w-100  \" ><p class=\"text-20  text-gray-8  font-weight-bold\" >Kontraindikace:<\/p><\/div><div class=\"pix-el-text w-100  \" ><p class=\"text-18  text-gray-8  \" >P\u0159esto\u017ee rozs\u00e1hl\u00e9 kosmetick\u00e9 o\u0161et\u0159en\u00ed je obecn\u011b bezpe\u010dn\u00e9, existuj\u00ed ur\u010dit\u00e9 kontraindikace, kter\u00e9 by m\u011bli zv\u00e1\u017eit potenci\u00e1ln\u00ed klienti:<\/p><\/div><div class=\"pix-el-text w-100  \" ><p class=\"text-18  text-gray-8  \" >Akutn\u00ed ko\u017en\u00ed infekce nebo z\u00e1n\u011bty<br \/>\nKo\u017en\u00ed alergie na pou\u017e\u00edvan\u00e9 produkty<br \/>\nVirov\u00e1 onemocn\u011bn\u00ed<br \/>\nOpary<\/p><\/div><div class=\"pix-el-text w-100  \" ><p class=\"text-20  text-gray-8  font-weight-bold\" >P\u00e9\u010de<\/p><\/div><div class=\"pix-el-text w-100  \" ><p class=\"text-18  text-gray-8  \" >Pro udr\u017een\u00ed dlouhodob\u00fdch v\u00fdsledk\u016f je d\u016fle\u017eit\u00e9 pravideln\u011b pe\u010dovat o ple\u0165 doma pomoc\u00ed vhodn\u00fdch produkt\u016f a dodr\u017eovat pokyny poskytnut\u00e9 odborn\u00edkem.<\/p><\/div><div class=\"pix-el-text w-100  \" ><p class=\"text-18  text-gray-8  \" >Pokud tou\u017e\u00edte po komplexn\u00ed p\u00e9\u010di a kr\u00e1sn\u00e9, zdrav\u00e9 pleti, rezervujte si sv\u00e9 rozs\u00e1hl\u00e9 kosmetick\u00e9 o\u0161et\u0159en\u00ed je\u0161t\u011b dnes!<\/p><\/div>[\/vc_column][\/vc_row][\/vc_section][vc_section full_width=&#8221;stretch_row&#8221; pix_bg_grdient=&#8221;bg-gradient-dark&#8221; pix_over_visibility=&#8221;&#8221; top_divider_select=&#8221;dynamic&#8221; top_moving_divider_color=&#8221;%5B%7B%22d_gradient%22%3A%221%22%2C%22d_color_1%22%3A%22%238209ed%22%2C%22d_color_2%22%3A%22%2312e58d%22%7D%2C%7B%22d_gradient%22%3A%221%22%2C%22d_color_1%22%3A%22%23ff3067%22%2C%22d_color_2%22%3A%22rgba(39%2C145%2C244%2C0.56)%22%7D%2C%7B%22d_color_1%22%3A%22%23ffffff%22%2C%22d_color_2%22%3A%22%23f8f9fa%22%7D%5D&#8221; t_flip_h=&#8221;true&#8221; pix_visibility=&#8221;1&#8243; css=&#8221;.vc_custom_1587702645277{padding-top: 120px !important;padding-bottom: 80px !important;}&#8221; t_custom_height=&#8221;100px&#8221;][vc_row full_width=&#8221;stretch_row&#8221; pix_particles_check=&#8221;&#8221; pix_visibility=&#8221;1&#8243;][vc_column content_align=&#8221;text-center&#8221; offset=&#8221;vc_col-lg-offset-1 vc_col-lg-10&#8243;]<span class=\"pix-badge-element h5 d-inline-flex mr-1 animate-in\" data-anim-type=\"fade-in-up\" data-anim-delay=\"0\"><span class=\"badge font-weight-bold secondary-font badge-pill bg-dark-opacity-8  vc_custom_1710173967290  \" style=\" \"><span class=\"text-white\" style=\"\">Kosmetick\u00e9 o\u0161et\u0159en\u00ed<\/span><\/span><\/span><div id=\"el1709745013958-14767a63-1faa\" class=\"mb-3 text-center  vc_custom_1710175400404\"><h2 class=\"mb-32 pix-sliding-headline-2 animate-in font-weight-bold secondary-font \" data-anim-type=\"pix-sliding-text\" pix-anim-delay=\"500\" data-class=\"secondary-font text-white\" style=\"\"><span class=\"slide-in-container \"><span class=\"pix-sliding-item secondary-font text-white\" style=\"transition-delay: 0ms;\">Cen\u00edk&#32;<\/span><\/span> <span class=\"slide-in-container \"><span class=\"pix-sliding-item secondary-font text-white\" style=\"transition-delay: 150ms;\">slu\u017eby&#32;<\/span><\/span> <span class=\"slide-in-container \"><span class=\"pix-sliding-item secondary-font text-white\" style=\"transition-delay: 300ms;\">kosmetick\u00e9&#32;<\/span><\/span> <span class=\"slide-in-container \"><span class=\"pix-sliding-item secondary-font text-white\" style=\"transition-delay: 450ms;\">o\u0161et\u0159en\u00ed&#32;<\/span><\/span> <span class=\"slide-in-container \"><span class=\"pix-sliding-item secondary-font text-white\" style=\"transition-delay: 600ms;\">\u2013&#32;<\/span><\/span> <span class=\"slide-in-container \"><span class=\"pix-sliding-item secondary-font text-white\" style=\"transition-delay: 750ms;\">rozs\u00e1hl\u00e9&#32;<\/span><\/span> <\/h2><\/div>[\/vc_column][\/vc_row][vc_row full_width=&#8221;stretch_row_content&#8221; pix_particles_check=&#8221;&#8221;][vc_column width=&#8221;1\/3&#8243; offset=&#8221;vc_hidden-sm vc_hidden-xs&#8221;][\/vc_column][vc_column width=&#8221;1\/3&#8243;]<div class=\"card w-100 pix_pricing    animate-in  vc_custom_1728208992206\" data-anim-type=\"fade-in-up\" data-anim-delay=\"0\"><div class=\" bg-light-opacity-1 shadow shadow-hover scale-sm rounded-lg pix-p-20 rounded-lg2 pix-mb-20  bg-light-opacity-1\" ><span class=\"pix-badge-element h6 d-inline-flex mr-1 \"  ><span class=\"badge font-weight-bold secondary-font bg-dark-opacity-3  vc_custom_1728208992187  \" style=\" \"><span class=\"text-white\" style=\"\">Kosmetick\u00e9 o\u0161et\u0159en\u00ed<\/span><\/span><\/span><h2 class=\"pt-3 font-weight-bold text-white h2\" ><span class=\"currency\"><\/span><span>od 2000<\/span><sub class=\"text-small\">,- K\u010d<\/sub><\/h2><\/div><div class=\"pix-px-20\"><div id=\"duo-icon-187121238\" class=\"slide-in-container w-100  \" ><div class=\"py-2 \"  ><div class=\"pix-feature-list   font-weight-bold     py-2 d-flex align-items-center\" ><\/div><\/div><\/div><\/div><div class=\"pix-mt-20\"><a  href=\"https:\/\/deniperez.com\/?page_id=13832\" class=\"btn mb-2     shadow-lg shadow-hover-lg fly-sm text-white  bg-light-opacity-1 btn-primary btn-custom-bg  d-block w-100  pix-hover-item       animate-in btn-md\"   data-anim-type=\"fade-in-up\" data-anim-delay=\"400\" ><i class=\"font-weight-bold pixicon-bag-2  pix-hover-left  mr-1\"><\/i> <span class=\"font-weight-bold \" >Objednat se<\/span><\/a><\/div><\/div>\n[\/vc_column][vc_column width=&#8221;1\/3&#8243; offset=&#8221;vc_hidden-sm vc_hidden-xs&#8221;][\/vc_column][\/vc_row][\/vc_section]<\/p>\n<\/div>","protected":false},"excerpt":{"rendered":"[vc_section full_width=&#8221;stretch_row&#8221; pix_over_visibility=&#8221;&#8221; css=&#8221;.vc_custom_1710154664317{margin-top: -50px !important;padding-top: 60px !important;padding-bottom: 80px !important;background-color: #ffffff !important;}&#8221;][vc_row full_width=&#8221;stretch_row&#8221; content_placement=&#8221;middle&#8221; pix_particles_check=&#8221;&#8221; css=&#8221;.vc_custom_1590194617797{padding-top: 40px !important;padding-bottom: 40px !important;background-color: #ffffff !important;}&#8221;][vc_column width=&#8221;1\/2&#8243; responsive_css=&#8221;{&#8220;pix_res_sm_pb&#8220;:&#8220;50&#8220;}&#8221; css=&#8221;.vc_custom_1712559620272{padding-right: 20px !important;padding-bottom: 1300px !important;padding-left: 20px !important;}&#8221;][\/vc_column][vc_column width=&#8221;1\/2&#8243;][\/vc_column][\/vc_row][\/vc_section][vc_section full_width=&#8221;stretch_row&#8221; pix_bg_grdient=&#8221;bg-gradient-dark&#8221; pix_over_visibility=&#8221;&#8221; top_divider_select=&#8221;dynamic&#8221; top_moving_divider_color=&#8221;%5B%7B%22d_gradient%22%3A%221%22%2C%22d_color_1%22%3A%22%238209ed%22%2C%22d_color_2%22%3A%22%2312e58d%22%7D%2C%7B%22d_gradient%22%3A%221%22%2C%22d_color_1%22%3A%22%23ff3067%22%2C%22d_color_2%22%3A%22rgba(39%2C145%2C244%2C0.56)%22%7D%2C%7B%22d_color_1%22%3A%22%23ffffff%22%2C%22d_color_2%22%3A%22%23f8f9fa%22%7D%5D&#8221; t_flip_h=&#8221;true&#8221; pix_visibility=&#8221;1&#8243; css=&#8221;.vc_custom_1587702645277{padding-top:&#8230;","protected":false},"author":1,"featured_media":0,"parent":0,"menu_order":0,"comment_status":"closed","ping_status":"closed","template":"","meta":{"om_disable_all_campaigns":false,"_monsterinsights_skip_tracking":false,"_monsterinsights_sitenote_active":false,"_monsterinsights_sitenote_note":"","_monsterinsights_sitenote_category":0,"footnotes":""},"aioseo_notices":[],"_links":{"self":[{"href":"https:\/\/deniperez.com\/index.php?rest_route=\/wp\/v2\/pages\/13628"}],"collection":[{"href":"https:\/\/deniperez.com\/index.php?rest_route=\/wp\/v2\/pages"}],"about":[{"href":"https:\/\/deniperez.com\/index.php?rest_route=\/wp\/v2\/types\/page"}],"author":[{"embeddable":true,"href":"https:\/\/deniperez.com\/index.php?rest_route=\/wp\/v2\/users\/1"}],"replies":[{"embeddable":true,"href":"https:\/\/deniperez.com\/index.php?rest_route=%2Fwp%2Fv2%2Fcomments&post=13628"}],"version-history":[{"count":11,"href":"https:\/\/deniperez.com\/index.php?rest_route=\/wp\/v2\/pages\/13628\/revisions"}],"predecessor-version":[{"id":14102,"href":"https:\/\/deniperez.com\/index.php?rest_route=\/wp\/v2\/pages\/13628\/revisions\/14102"}],"wp:attachment":[{"href":"https:\/\/deniperez.com\/index.php?rest_route=%2Fwp%2Fv2%2Fmedia&parent=13628"}],"curies":[{"name":"wp","href":"https:\/\/api.w.org\/{rel}","templated":true}]}}