{"id":13596,"date":"2024-03-11T15:33:16","date_gmt":"2024-03-11T15:33:16","guid":{"rendered":"https:\/\/deniperez.com\/?page_id=13596"},"modified":"2024-09-15T10:04:41","modified_gmt":"2024-09-15T09:04:41","slug":"permanentni-make-up-kombinovane-pudrvlaskovani","status":"publish","type":"page","link":"https:\/\/deniperez.com\/?page_id=13596","title":{"rendered":"Permanentn\u00ed make-up &#8211; Kombinovan\u00e9 (pudr+vl\u00e1skov\u00e1n\u00ed)"},"content":{"rendered":"<div class=\"wpb-content-wrapper\"><p>[vc_section full_width=&#8221;stretch_row&#8221; pix_over_visibility=&#8221;&#8221; css=&#8221;.vc_custom_1710154664317{margin-top: -50px !important;padding-top: 60px !important;padding-bottom: 80px !important;background-color: #ffffff !important;}&#8221;][vc_row full_width=&#8221;stretch_row&#8221; content_placement=&#8221;middle&#8221; pix_particles_check=&#8221;&#8221; css=&#8221;.vc_custom_1590194617797{padding-top: 40px !important;padding-bottom: 40px !important;background-color: #ffffff !important;}&#8221;][vc_column width=&#8221;1\/2&#8243; responsive_css=&#8221;{&#8220;pix_res_sm_pb&#8220;:&#8220;50&#8220;}&#8221; css=&#8221;.vc_custom_1712556975267{padding-right: 20px !important;padding-bottom: 1000px !important;padding-left: 20px !important;}&#8221;]<div class=\"d-inline-block \" style=\"width:100%;\"><div class=\"animate-in w-100 d-inline-block\" data-anim-type=\"fade-in-right\" data-anim-delay=\"200\"><div class=\"pix-img-el  vc_custom_1722794752680   shadow-lg text-left d-inline-block  w-100 rounded-xl\"  ><img fetchpriority=\"high\" decoding=\"async\" class=\"card-img2 pix-img-elem rounded-xl  h-1002\" style=\"width:100%;height:auto;\" width=\"1468\" height=\"1852\" srcset=\"https:\/\/deniperez.com\/wp-content\/uploads\/2024\/08\/kombinace-pudr-vlaskovani.jpg 1468w, https:\/\/deniperez.com\/wp-content\/uploads\/2024\/08\/kombinace-pudr-vlaskovani-238x300.jpg 238w, https:\/\/deniperez.com\/wp-content\/uploads\/2024\/08\/kombinace-pudr-vlaskovani-812x1024.jpg 812w, https:\/\/deniperez.com\/wp-content\/uploads\/2024\/08\/kombinace-pudr-vlaskovani-768x969.jpg 768w, https:\/\/deniperez.com\/wp-content\/uploads\/2024\/08\/kombinace-pudr-vlaskovani-1218x1536.jpg 1218w\" sizes=\"(max-width: 1468px) 100vw, 1468px\" src=\"https:\/\/deniperez.com\/wp-content\/uploads\/2024\/08\/kombinace-pudr-vlaskovani.jpg\" alt=\"Image link\" \/><\/div><\/div><\/div>[\/vc_column][vc_column width=&#8221;1\/2&#8243;]<div class=\"text-left \"><div><h1 class=\"pix-headline my-3  loading-bar text-dark-opacity-9 font-weight-bold  secondary-font animate-in\" style=\"\" data-anim-type=\"fade-in-up\" data-anim-delay=\"0\" ><span>Permanentn\u00ed make-up - Kombinovan\u00e9 (pudr+vl\u00e1skov\u00e1n\u00ed) <\/span><span class=\"pix-words-wrapper is-last\"><span class=\"is-visible \" ><\/span> <span class=\"pix-bar bg-dark-opacity-9\" ><\/span><\/span><\/h1><\/div><\/div><div class=\"pix-el-text w-100   vc_custom_1710171254858\" ><p class=\"text-20  text-gray-7  font-weight-bold\" ><span class=\"text-gray-7 animate-in d-inline-block\" data-anim-delay=\"200\" data-anim-type=\"fade-in-up\">Vl\u00e1skov\u00e1n\u00ed a pudrov\u00fd efekt obo\u010d\u00ed jsou dv\u011b \u00fa\u017easn\u00e9 techniky permanentn\u00edho make-upu, kter\u00e9 spole\u010dn\u011b vytv\u00e1\u0159ej\u00ed dokonal\u00fd, p\u0159irozen\u00fd a dlouhotrvaj\u00edc\u00ed vzhled obo\u010d\u00ed. Tato kombinace umo\u017e\u0148uje dos\u00e1hnout pln\u00e9ho a definovan\u00e9ho obo\u010d\u00ed s jemn\u00fdm st\u00ednov\u00e1n\u00edm, co\u017e vytv\u00e1\u0159\u00ed dojem p\u0159irozen\u00fdch chloupk\u016f spolu s matn\u00fdm efektem.<\/span><\/p><\/div><div class=\"pix-el-text w-100 text-center  vc_custom_1712556461620\" ><p class=\"text-20  text-gray-8 text-center font-weight-bold\" ><span class=\"text-gray-8 animate-in d-inline-block\" data-anim-delay=\"200\" data-anim-type=\"fade-in-up\">Postup<\/span><\/p><\/div><div class=\"pix-el-text w-100  \" ><p class=\"text-20  text-gray-8  font-weight-bold\" >Konzultace<\/p><\/div><div class=\"pix-el-text w-100  \" ><p class=\"text-18  text-gray-8  \" >Ka\u017ed\u00fd proces za\u010d\u00edn\u00e1 individu\u00e1ln\u00ed konzultac\u00ed, kde spole\u010dn\u011b diskutujeme o va\u0161ich preferenc\u00edch a o\u010dek\u00e1v\u00e1n\u00edch. Vytvo\u0159\u00edme pl\u00e1n, kter\u00fd nejl\u00e9pe odpov\u00edd\u00e1 va\u0161emu obli\u010deji a osobn\u00edmu stylu.<\/p><\/div><div class=\"pix-el-text w-100  \" ><p class=\"text-20  text-gray-8  font-weight-bold\" >N\u00e1vrh<\/p><\/div><div class=\"pix-el-text w-100  \" ><p class=\"text-18  text-gray-8  \" >Na z\u00e1klad\u011b konzultace navrhuji tvar a barvu obo\u010d\u00ed, kter\u00fd je p\u0159izp\u016fsoben va\u0161im p\u0159\u00e1n\u00edm. Spole\u010dn\u011b najdeme optim\u00e1ln\u00ed design, kter\u00fd zd\u016frazn\u00ed va\u0161i p\u0159irozenou kr\u00e1su.<\/p><\/div><div class=\"pix-el-text w-100  \" ><p class=\"text-20  text-gray-8  font-weight-bold\" >Aplikace vl\u00e1skov\u00e1n\u00ed<\/p><\/div><div class=\"pix-el-text w-100  \" ><p class=\"text-18  text-gray-8  \" >Prvn\u00ed \u010d\u00e1st procedury spo\u010d\u00edv\u00e1 v aplikaci chloupk\u016f pomoc\u00ed jemn\u00fdch mikrojehli\u010dek, kter\u00e9 simuluj\u00ed p\u0159irozen\u00e9 chloupky obo\u010d\u00ed. Tato technika dod\u00e1v\u00e1 obo\u010d\u00ed dokonal\u00fd vzhled a plnost.<\/p><\/div><div class=\"pix-el-text w-100  \" ><p class=\"text-20  text-gray-8  font-weight-bold\" >Aplikace pudrov\u00e9ho efektu:<\/p><\/div><div class=\"pix-el-text w-100  \" ><p class=\"text-18  text-gray-8  \" >Pot\u00e9 pokra\u010dujeme v aplikaci pudrov\u00e9ho efektu, kter\u00fd dod\u00e1 obo\u010d\u00ed jemn\u00fd matn\u00fd vzhled a dokon\u010d\u00ed celkov\u00fd vzhled.<\/p><\/div><div class=\"pix-el-text w-100  \" ><p class=\"text-20  text-gray-8  font-weight-bold\" >Dokon\u010den\u00ed<\/p><\/div><div class=\"pix-el-text w-100  \" ><p class=\"text-18  text-gray-8  \" >Po dokon\u010den\u00ed procedury poskytnu pokyny pro n\u00e1slednou p\u00e9\u010di, abychom zajistili optim\u00e1ln\u00ed v\u00fdsledek a dlouhotrvaj\u00edc\u00ed kr\u00e1su obo\u010d\u00ed.<\/p><\/div><div class=\"pix-el-text w-100  \" ><p class=\"text-20  text-gray-8  font-weight-bold\" >Kontraindikace<\/p><\/div><div class=\"pix-el-text w-100  \" ><p class=\"text-18  text-gray-8  \" >P\u0159esto\u017ee permanentn\u00ed make-up je \u0161iroce akceptov\u00e1nou a bezpe\u010dnou procedurou, existuj\u00ed ur\u010dit\u00e9 kontraindikace, kter\u00e9 by m\u011bli zv\u00e1\u017eit potenci\u00e1ln\u00ed klienti:<\/p><\/div><div class=\"pix-el-text w-100  \" ><p class=\"text-18  text-gray-8  \" >T\u011bhotenstv\u00ed a kojen\u00ed<br>Akutn\u00ed z\u00e1n\u011bty nebo infekce v oblasti obo\u010d\u00ed<br>Ko\u017en\u00ed onemocn\u011bn\u00ed v oblasti obo\u010d\u00ed<br>Pou\u017e\u00edv\u00e1n\u00ed l\u00e9k\u016f, kter\u00e9 mohou ovlivnit sr\u00e1\u017elivost krve<br>Pit\u00ed kofeinov\u00fdch a alkoholick\u00fdch n\u00e1poj\u016f p\u0159ed aplikac\u00ed<br>Onkologick\u00e1 onemocn\u011bn\u00ed<br><\/p><\/div><div class=\"pix-el-text w-100  \" ><p class=\"text-20  text-gray-8  font-weight-bold\" >P\u00e9\u010de<\/p><\/div><div class=\"pix-el-text w-100  \" ><p class=\"text-18  text-gray-8  \" >Po aplikaci permanentn\u00edho make-upu je d\u016fle\u017eit\u00e9 dodr\u017eovat pokyny poskytnut\u00e9 PMU stylistou.<br \/>\nNepo\u0161krab\u00e1vat obo\u010d\u00ed ani si ho nevym\u00fdvat p\u0159\u00edli\u0161 intenzivn\u011b v prvn\u00edch dnech po aplikaci.<br \/>\nPou\u017e\u00edvat speci\u00e1ln\u00ed produkty ur\u010den\u00e9 pro p\u00e9\u010di o permanentn\u00ed make-up.<\/p><\/div><div class=\"pix-el-text w-100  \" ><p class=\"text-18  text-gray-8  \" >Pokud hled\u00e1te zp\u016fsob, jak z\u00edskat trvanliv\u011b kr\u00e1sn\u00e9 obo\u010d\u00ed, pudrov\u00fd efekt permanentn\u00edho make-upu je skv\u011blou volbou. Kontaktujte m\u011b pro konzultaci a objednejte se na svou prom\u011bnu!<\/p><\/div>[\/vc_column][\/vc_row][\/vc_section][vc_section full_width=&#8221;stretch_row&#8221; pix_bg_grdient=&#8221;bg-gradient-primary&#8221; pix_over_visibility=&#8221;&#8221;][vc_row full_width=&#8221;stretch_row&#8221; pix_particles_check=&#8221;&#8221; css=&#8221;.vc_custom_1590711282430{padding-top: 80px !important;}&#8221;][vc_column]<div class=\"pix-element-div w-100 text-center\"><span class=\"pix-badge-element h6 d-inline-flex mr-1 animate-in\" data-anim-type=\"fade-in-left\" data-anim-delay=\"600\"><span class=\"badge font-weight-bold bg-primary  vc_custom_1710170633647  \" style=\" \"><span class=\"text-dark-opacity-5\" style=\"\">Permanentn\u00ed make-up<\/span><\/span><\/span><\/div><div id=\"el1709746388054-b7b22715-ff6e\" class=\"mb-3 text-center  vc_custom_1722854321310\"><div class=\"d-inline-block\" style=\"max-width:800px;\"><h2 class=\"mb-32 pix-sliding-headline-2 animate-in font-weight-bold secondary-font \" data-anim-type=\"pix-sliding-text\" pix-anim-delay=\"500\" data-class=\"secondary-font text-white\" style=\"\"><span class=\"slide-in-container \"><span class=\"pix-sliding-item secondary-font text-white\" style=\"transition-delay: 0ms;\">Fotogalerie&#32;<\/span><\/span> <span class=\"slide-in-container \"><span class=\"pix-sliding-item secondary-font text-white\" style=\"transition-delay: 150ms;\">slu\u017eby&#32;<\/span><\/span> <span class=\"slide-in-container \"><span class=\"pix-sliding-item secondary-font text-white\" style=\"transition-delay: 300ms;\">permanentn\u00ed&#32;<\/span><\/span> <span class=\"slide-in-container \"><span class=\"pix-sliding-item secondary-font text-white\" style=\"transition-delay: 450ms;\">make-up&#32;<\/span><\/span> <span class=\"slide-in-container \"><span class=\"pix-sliding-item secondary-font text-white\" style=\"transition-delay: 600ms;\">\u2013&#32;<\/span><\/span> <span class=\"slide-in-container \"><span class=\"pix-sliding-item secondary-font text-white\" style=\"transition-delay: 750ms;\">kombinovan\u00e9&#32;<\/span><\/span> <span class=\"slide-in-container \"><span class=\"pix-sliding-item secondary-font text-white\" style=\"transition-delay: 900ms;\">(pudr+vl\u00e1skov\u00e1n\u00ed)&#32;<\/span><\/span> <\/h2><\/div><\/div><div class=\"pix-el-text w-100 text-center \" ><div class=\"d-inline-block\" style=\"max-width:600px;\"><p class=\"text-20  text-light-opacity-7 text-center \" ><span class=\"text-light-opacity-7 animate-in d-inline-block\" data-anim-delay=\"1000\" data-anim-type=\"fade-in-up\"><\/span><\/p><\/div><\/div>[\/vc_column][\/vc_row][vc_row full_width=&#8221;stretch_row_content_no_spaces&#8221; bottom_divider_select=&#8221;8&#8243; b_2_is_gradient=&#8221;true&#8221; b_2_color=&#8221;#e9ecef&#8221; b_3_is_gradient=&#8221;true&#8221; b_3_color=&#8221;rgba(233,236,239,0.3)&#8221; b_3_color_2=&#8221;rgba(248,249,250,0.01)&#8221; pix_particles_check=&#8221;&#8221; css=&#8221;.vc_custom_1590711905942{padding-bottom: 60px !important;}&#8221;][vc_column css=&#8221;.vc_custom_1590711921348{margin-top: 40px !important;}&#8221;]<div class=\"\"><div id=\"pix-slider-38489705\" class=\"pix-main-slider pix-fix-x2 pix-overflow-all-visible pix-opacity-slider pix-fade-out-effect  pix-overflow-y-visible pix-slider-3 pix-slider-dots  \" data-flickity='{\"autoPlay\":false,\"freeScroll\":false,\"prevNextButtons\":false,\"wrapAround\":true,\"pageDots\":true,\"adaptiveHeight\":true,\"rightToLeft\":false,\"cellAlign\":\"center\",\"contain\":true,\"slider_effect\":\"pix-fade-out-effect\",\"pix_id\":\"#pix-slider-38489705\"}'><div class=\"carousel-cell\"><div class=\"slide-inner pix-p-20\"><div class=\"pix-slider-effects\"><div class=\"animate-in d-inline-block\" data-anim-type=\"fade-in-up\" data-anim-delay=\"0\"><div class=\"shadow-lg fly-sm text-left w-100 d-inline-block rounded-xl\"  ><img decoding=\"async\" class=\"card-img rounded-xl h-100\" width=\"1559\" height=\"2048\" srcset=\"https:\/\/deniperez.com\/wp-content\/uploads\/2024\/08\/komb-pudr-vlaskovani-1-228x300.jpg 228w, https:\/\/deniperez.com\/wp-content\/uploads\/2024\/08\/komb-pudr-vlaskovani-1-780x1024.jpg 780w, https:\/\/deniperez.com\/wp-content\/uploads\/2024\/08\/komb-pudr-vlaskovani-1-768x1009.jpg 768w, https:\/\/deniperez.com\/wp-content\/uploads\/2024\/08\/komb-pudr-vlaskovani-1-1169x1536.jpg 1169w, https:\/\/deniperez.com\/wp-content\/uploads\/2024\/08\/komb-pudr-vlaskovani-1.jpg 1559w\" sizes=\"(max-width: 1559px) 100vw, 1559px\" src=\"https:\/\/deniperez.com\/wp-content\/uploads\/2024\/08\/komb-pudr-vlaskovani-1.jpg\" alt=\"\" style=\"\"\/><\/div><\/div><\/div><\/div><\/div><div class=\"carousel-cell\"><div class=\"slide-inner pix-p-20\"><div class=\"pix-slider-effects\"><div class=\"animate-in d-inline-block\" data-anim-type=\"fade-in-up\" data-anim-delay=\"0\"><div class=\"shadow-lg fly-sm text-left w-100 d-inline-block rounded-xl\"  ><img decoding=\"async\" class=\"card-img rounded-xl h-100\" width=\"1616\" height=\"2033\" srcset=\"https:\/\/deniperez.com\/wp-content\/uploads\/2024\/08\/komb-pudr-vlaskovani-2-238x300.jpg 238w, https:\/\/deniperez.com\/wp-content\/uploads\/2024\/08\/komb-pudr-vlaskovani-2-814x1024.jpg 814w, https:\/\/deniperez.com\/wp-content\/uploads\/2024\/08\/komb-pudr-vlaskovani-2-768x966.jpg 768w, https:\/\/deniperez.com\/wp-content\/uploads\/2024\/08\/komb-pudr-vlaskovani-2-1221x1536.jpg 1221w, https:\/\/deniperez.com\/wp-content\/uploads\/2024\/08\/komb-pudr-vlaskovani-2.jpg 1616w\" sizes=\"(max-width: 1616px) 100vw, 1616px\" src=\"https:\/\/deniperez.com\/wp-content\/uploads\/2024\/08\/komb-pudr-vlaskovani-2.jpg\" alt=\"\" style=\"\"\/><\/div><\/div><\/div><\/div><\/div><div class=\"carousel-cell\"><div class=\"slide-inner pix-p-20\"><div class=\"pix-slider-effects\"><div class=\"animate-in d-inline-block\" data-anim-type=\"fade-in-up\" data-anim-delay=\"0\"><div class=\"shadow-lg fly-sm text-left w-100 d-inline-block rounded-xl\"  ><img loading=\"lazy\" decoding=\"async\" class=\"card-img rounded-xl h-100\" width=\"1468\" height=\"1852\" srcset=\"https:\/\/deniperez.com\/wp-content\/uploads\/2024\/08\/komb-pudr-vlaskovani-3-238x300.jpg 238w, https:\/\/deniperez.com\/wp-content\/uploads\/2024\/08\/komb-pudr-vlaskovani-3-812x1024.jpg 812w, https:\/\/deniperez.com\/wp-content\/uploads\/2024\/08\/komb-pudr-vlaskovani-3-768x969.jpg 768w, https:\/\/deniperez.com\/wp-content\/uploads\/2024\/08\/komb-pudr-vlaskovani-3-1218x1536.jpg 1218w, https:\/\/deniperez.com\/wp-content\/uploads\/2024\/08\/komb-pudr-vlaskovani-3.jpg 1468w\" sizes=\"(max-width: 1468px) 100vw, 1468px\" src=\"https:\/\/deniperez.com\/wp-content\/uploads\/2024\/08\/komb-pudr-vlaskovani-3.jpg\" alt=\"\" style=\"\"\/><\/div><\/div><\/div><\/div><\/div><\/div><\/div>[\/vc_column][\/vc_row][\/vc_section][vc_section full_width=&#8221;stretch_row&#8221; pix_bg_grdient=&#8221;bg-gradient-dark&#8221; pix_over_visibility=&#8221;&#8221; top_divider_select=&#8221;dynamic&#8221; top_moving_divider_color=&#8221;%5B%7B%22d_gradient%22%3A%221%22%2C%22d_color_1%22%3A%22%238209ed%22%2C%22d_color_2%22%3A%22%2312e58d%22%7D%2C%7B%22d_gradient%22%3A%221%22%2C%22d_color_1%22%3A%22%23ff3067%22%2C%22d_color_2%22%3A%22rgba(39%2C145%2C244%2C0.56)%22%7D%2C%7B%22d_color_1%22%3A%22%23ffffff%22%2C%22d_color_2%22%3A%22%23f8f9fa%22%7D%5D&#8221; t_flip_h=&#8221;true&#8221; pix_visibility=&#8221;1&#8243; css=&#8221;.vc_custom_1587702645277{padding-top: 120px !important;padding-bottom: 80px !important;}&#8221; t_custom_height=&#8221;100px&#8221;][vc_row full_width=&#8221;stretch_row&#8221; pix_particles_check=&#8221;&#8221; pix_visibility=&#8221;1&#8243;][vc_column content_align=&#8221;text-center&#8221; offset=&#8221;vc_col-lg-offset-1 vc_col-lg-10&#8243;]<span class=\"pix-badge-element h5 d-inline-flex mr-1 animate-in\" data-anim-type=\"fade-in-up\" data-anim-delay=\"0\"><span class=\"badge font-weight-bold secondary-font badge-pill bg-dark-opacity-8  vc_custom_1710170507756  \" style=\" \"><span class=\"text-white\" style=\"\">Permanentn\u00ed make-up<\/span><\/span><\/span><div id=\"el1709745013958-14767a63-1faa\" class=\"mb-3 text-center  vc_custom_1710171472164\"><h2 class=\"mb-32 pix-sliding-headline-2 animate-in font-weight-bold secondary-font \" data-anim-type=\"pix-sliding-text\" pix-anim-delay=\"500\" data-class=\"secondary-font text-white\" style=\"\"><span class=\"slide-in-container \"><span class=\"pix-sliding-item secondary-font text-white\" style=\"transition-delay: 0ms;\">Cen\u00edk&#32;<\/span><\/span> <span class=\"slide-in-container \"><span class=\"pix-sliding-item secondary-font text-white\" style=\"transition-delay: 150ms;\">slu\u017eby&#32;<\/span><\/span> <span class=\"slide-in-container \"><span class=\"pix-sliding-item secondary-font text-white\" style=\"transition-delay: 300ms;\">permanentn\u00ed&#32;<\/span><\/span> <span class=\"slide-in-container \"><span class=\"pix-sliding-item secondary-font text-white\" style=\"transition-delay: 450ms;\">make-up&#32;<\/span><\/span> <span class=\"slide-in-container \"><span class=\"pix-sliding-item secondary-font text-white\" style=\"transition-delay: 600ms;\">\u2013&#32;<\/span><\/span> <span class=\"slide-in-container \"><span class=\"pix-sliding-item secondary-font text-white\" style=\"transition-delay: 750ms;\">kombinovan\u00e9&#32;<\/span><\/span> <span class=\"slide-in-container \"><span class=\"pix-sliding-item secondary-font text-white\" style=\"transition-delay: 900ms;\">(pudr+vl\u00e1skov\u00e1n\u00ed)&#32;<\/span><\/span> <\/h2><\/div>[\/vc_column][\/vc_row][vc_row full_width=&#8221;stretch_row_content&#8221; pix_particles_check=&#8221;&#8221;][vc_column width=&#8221;1\/3&#8243; offset=&#8221;vc_hidden-sm vc_hidden-xs&#8221;][\/vc_column][vc_column width=&#8221;1\/3&#8243;]<div class=\"card w-100 pix_pricing    animate-in  vc_custom_1722792050419\" data-anim-type=\"fade-in-up\" data-anim-delay=\"0\"><div class=\" bg-light-opacity-1 shadow shadow-hover scale-sm rounded-lg pix-p-20 rounded-lg2 pix-mb-20  bg-light-opacity-1\" ><span class=\"pix-badge-element h6 d-inline-flex mr-1 \"  ><span class=\"badge font-weight-bold secondary-font bg-dark-opacity-3  vc_custom_1722792050408  \" style=\" \"><span class=\"text-white\" style=\"\">Permanentn\u00ed make-up<\/span><\/span><\/span><h2 class=\"pt-3 font-weight-bold text-white h2\" ><span class=\"currency\"><\/span><span>4800<\/span><sub class=\"text-small\">,- K\u010d<\/sub><\/h2><\/div><div class=\"pix-px-20\"><div id=\"duo-icon-131812066\" class=\"slide-in-container w-100  \" ><div class=\"py-2 \"  ><div class=\"pix-feature-list   font-weight-bold     py-2 d-flex align-items-center\" ><\/div><\/div><\/div><\/div><div class=\"pix-mt-20\"><a  href=\"https:\/\/deniperez.com\/?page_id=13832\" class=\"btn mb-2     shadow-lg shadow-hover-lg fly-sm text-white  bg-light-opacity-1 btn-primary btn-custom-bg  d-block w-100  pix-hover-item       animate-in btn-md\"   data-anim-type=\"fade-in-up\" data-anim-delay=\"400\" ><i class=\"font-weight-bold pixicon-bag-2  pix-hover-left  mr-1\"><\/i> <span class=\"font-weight-bold \" >Objednat se<\/span><\/a><\/div><\/div>\n[\/vc_column][vc_column width=&#8221;1\/3&#8243; offset=&#8221;vc_hidden-sm vc_hidden-xs&#8221;][\/vc_column][\/vc_row][\/vc_section]<\/p>\n<\/div>","protected":false},"excerpt":{"rendered":"[vc_section full_width=&#8221;stretch_row&#8221; pix_over_visibility=&#8221;&#8221; css=&#8221;.vc_custom_1710154664317{margin-top: -50px !important;padding-top: 60px !important;padding-bottom: 80px !important;background-color: #ffffff !important;}&#8221;][vc_row full_width=&#8221;stretch_row&#8221; content_placement=&#8221;middle&#8221; pix_particles_check=&#8221;&#8221; css=&#8221;.vc_custom_1590194617797{padding-top: 40px !important;padding-bottom: 40px !important;background-color: #ffffff !important;}&#8221;][vc_column width=&#8221;1\/2&#8243; responsive_css=&#8221;{&#8220;pix_res_sm_pb&#8220;:&#8220;50&#8220;}&#8221; css=&#8221;.vc_custom_1712556975267{padding-right: 20px !important;padding-bottom: 1000px !important;padding-left: 20px !important;}&#8221;][\/vc_column][vc_column width=&#8221;1\/2&#8243;][\/vc_column][\/vc_row][\/vc_section][vc_section full_width=&#8221;stretch_row&#8221; pix_bg_grdient=&#8221;bg-gradient-primary&#8221; pix_over_visibility=&#8221;&#8221;][vc_row full_width=&#8221;stretch_row&#8221; pix_particles_check=&#8221;&#8221; css=&#8221;.vc_custom_1590711282430{padding-top: 80px !important;}&#8221;][vc_column][\/vc_column][\/vc_row][vc_row&#8230;","protected":false},"author":1,"featured_media":0,"parent":0,"menu_order":0,"comment_status":"closed","ping_status":"closed","template":"","meta":{"om_disable_all_campaigns":false,"_monsterinsights_skip_tracking":false,"_monsterinsights_sitenote_active":false,"_monsterinsights_sitenote_note":"","_monsterinsights_sitenote_category":0,"footnotes":""},"aioseo_notices":[],"_links":{"self":[{"href":"https:\/\/deniperez.com\/index.php?rest_route=\/wp\/v2\/pages\/13596"}],"collection":[{"href":"https:\/\/deniperez.com\/index.php?rest_route=\/wp\/v2\/pages"}],"about":[{"href":"https:\/\/deniperez.com\/index.php?rest_route=\/wp\/v2\/types\/page"}],"author":[{"embeddable":true,"href":"https:\/\/deniperez.com\/index.php?rest_route=\/wp\/v2\/users\/1"}],"replies":[{"embeddable":true,"href":"https:\/\/deniperez.com\/index.php?rest_route=%2Fwp%2Fv2%2Fcomments&post=13596"}],"version-history":[{"count":15,"href":"https:\/\/deniperez.com\/index.php?rest_route=\/wp\/v2\/pages\/13596\/revisions"}],"predecessor-version":[{"id":14016,"href":"https:\/\/deniperez.com\/index.php?rest_route=\/wp\/v2\/pages\/13596\/revisions\/14016"}],"wp:attachment":[{"href":"https:\/\/deniperez.com\/index.php?rest_route=%2Fwp%2Fv2%2Fmedia&parent=13596"}],"curies":[{"name":"wp","href":"https:\/\/api.w.org\/{rel}","templated":true}]}}