{"id":13575,"date":"2024-03-11T12:06:16","date_gmt":"2024-03-11T12:06:16","guid":{"rendered":"https:\/\/deniperez.com\/?page_id=13575"},"modified":"2024-10-06T10:41:31","modified_gmt":"2024-10-06T09:41:31","slug":"prodluzovani-ras-lash-lifting","status":"publish","type":"page","link":"https:\/\/deniperez.com\/?page_id=13575","title":{"rendered":"Prodlu\u017eov\u00e1n\u00ed \u0159as &#8211; Lash lifting"},"content":{"rendered":"<div class=\"wpb-content-wrapper\"><p>[vc_section full_width=&#8221;stretch_row&#8221; pix_over_visibility=&#8221;&#8221; css=&#8221;.vc_custom_1710154664317{margin-top: -50px !important;padding-top: 60px !important;padding-bottom: 80px !important;background-color: #ffffff !important;}&#8221;][vc_row full_width=&#8221;stretch_row&#8221; content_placement=&#8221;middle&#8221; pix_particles_check=&#8221;&#8221; css=&#8221;.vc_custom_1590194617797{padding-top: 40px !important;padding-bottom: 40px !important;background-color: #ffffff !important;}&#8221;][vc_column width=&#8221;1\/2&#8243; responsive_css=&#8221;{&#8220;pix_res_sm_pb&#8220;:&#8220;50&#8220;}&#8221; css=&#8221;.vc_custom_1710261245720{padding-right: 20px !important;padding-bottom: 1500px !important;padding-left: 20px !important;}&#8221;]<div class=\"d-inline-block \" style=\"width:100%;\"><div class=\"animate-in w-100 d-inline-block\" data-anim-type=\"fade-in-right\" data-anim-delay=\"200\"><div class=\"pix-img-el  vc_custom_1722780215553   shadow-lg text-left d-inline-block  w-100 rounded-xl\"  ><img fetchpriority=\"high\" decoding=\"async\" class=\"card-img2 pix-img-elem rounded-xl  h-1002\" style=\"width:100%;height:auto;\" width=\"1080\" height=\"1080\" srcset=\"https:\/\/deniperez.com\/wp-content\/uploads\/2024\/08\/lash-lifting-1.jpg 1080w, https:\/\/deniperez.com\/wp-content\/uploads\/2024\/08\/lash-lifting-1-300x300.jpg 300w, https:\/\/deniperez.com\/wp-content\/uploads\/2024\/08\/lash-lifting-1-1024x1024.jpg 1024w, https:\/\/deniperez.com\/wp-content\/uploads\/2024\/08\/lash-lifting-1-150x150.jpg 150w, https:\/\/deniperez.com\/wp-content\/uploads\/2024\/08\/lash-lifting-1-768x768.jpg 768w, https:\/\/deniperez.com\/wp-content\/uploads\/2024\/08\/lash-lifting-1-400x400.jpg 400w, https:\/\/deniperez.com\/wp-content\/uploads\/2024\/08\/lash-lifting-1-75x75.jpg 75w, https:\/\/deniperez.com\/wp-content\/uploads\/2024\/08\/lash-lifting-1-460x460.jpg 460w\" sizes=\"(max-width: 1080px) 100vw, 1080px\" src=\"https:\/\/deniperez.com\/wp-content\/uploads\/2024\/08\/lash-lifting-1.jpg\" alt=\"Image link\" \/><\/div><\/div><\/div>[\/vc_column][vc_column width=&#8221;1\/2&#8243;]<div class=\"text-left \"><div><h1 class=\"pix-headline my-3  loading-bar text-dark-opacity-9 font-weight-bold  secondary-font animate-in\" style=\"\" data-anim-type=\"fade-in-up\" data-anim-delay=\"0\" ><span>Lash Lifting - Zvednut\u00ed a zv\u00fdrazn\u011bn\u00ed p\u0159irozen\u00fdch \u0159as <\/span><span class=\"pix-words-wrapper is-last\"><span class=\"is-visible \" ><\/span> <span class=\"pix-bar bg-dark-opacity-9\" ><\/span><\/span><\/h1><\/div><\/div><div class=\"pix-el-text w-100   vc_custom_1724665304952\" ><p class=\"text-20  text-gray-7  font-weight-bold\" ><span class=\"text-gray-7 animate-in d-inline-block\" data-anim-delay=\"200\" data-anim-type=\"fade-in-up\">Lash Lifting je revolu\u010dn\u00ed kosmetick\u00e1 procedura, kter\u00e1 umo\u017e\u0148uje zv\u00fdraznit a zvednout p\u0159irozen\u00e9 \u0159asy, \u010d\u00edm\u017e se vytvo\u0159\u00ed efekt dlouh\u00fdch a kr\u00e1sn\u011b zak\u0159iven\u00fdch \u0159as bez pou\u017eit\u00ed um\u011bl\u00fdch \u0159as. Tato bezbolestn\u00e1 technika je ide\u00e1ln\u00ed pro ty, kte\u0159\u00ed cht\u011bj\u00ed zv\u00fdraznit sv\u00e9 p\u0159irozen\u00e9 \u0159asy a dos\u00e1hnout mladistv\u00e9ho a otev\u0159en\u00e9ho vzhledu o\u010d\u00ed.<\/span><\/p><\/div><div class=\"pix-el-text w-100  \" ><p class=\"text-20  text-gray-8  font-weight-bold\" ><span class=\"text-gray-8 animate-in d-inline-block\" data-anim-delay=\"200\" data-anim-type=\"fade-in-up\">Jak prob\u00edh\u00e1 procedura Lash Lifting?<\/span><\/p><\/div><div class=\"pix-el-text w-100  \" ><p class=\"text-20  text-gray-8  font-weight-bold\" ><span class=\"text-gray-8 animate-in d-inline-block\" data-anim-delay=\"200\" data-anim-type=\"fade-in-up\">P\u0159\u00edprava<\/span><\/p><\/div><div class=\"pix-el-text w-100  \" ><p class=\"text-18  text-gray-8  \" >Nejprve se va\u0161e \u0159asy d\u016fkladn\u011b vy\u010dist\u00ed, aby se odstranily ve\u0161ker\u00e9 ne\u010distoty a oleje, kter\u00e9 by mohly ovlivnit v\u00fdsledek procedury.<\/p><\/div><div class=\"pix-el-text w-100  \" ><p class=\"text-20  text-gray-8  font-weight-bold\" >Aplikace lepidla<\/p><\/div><div class=\"pix-el-text w-100  \" ><p class=\"text-18  text-gray-8  \" >Na doln\u00ed a horn\u00ed v\u00ed\u010dko se aplikuje speci\u00e1ln\u00ed lepidlo, kter\u00e9 se pou\u017eije k p\u0159ipevn\u011bn\u00ed va\u0161ich \u0159as k silikonov\u00e9 podlo\u017ece ve spr\u00e1vn\u00e9m tvaru.<\/p><\/div><div class=\"pix-el-text w-100  \" ><p class=\"text-20  text-gray-8  font-weight-bold\" >Formov\u00e1n\u00ed<\/p><\/div><div class=\"pix-el-text w-100  \" ><p class=\"text-18  text-gray-8  \" >Va\u0161e \u0159asy jsou pe\u010dliv\u011b upraveny a fixov\u00e1ny na silikonov\u00e9 podlo\u017ece tak, aby vytvo\u0159ily po\u017eadovan\u00fd tvar a zvednut\u00ed.<\/p><\/div><div class=\"pix-el-text w-100  \" ><p class=\"text-20  text-gray-8  font-weight-bold\" >Aplikace liftingov\u00e9ho roztoku<\/p><\/div><div class=\"pix-el-text w-100  \" ><p class=\"text-18  text-gray-8  \" >Speci\u00e1ln\u00ed liftingov\u00fd roztok se aplikuje na va\u0161e \u0159asy, kter\u00fd pom\u00e1h\u00e1 otev\u0159\u00edt vlasov\u00e9 \u0161upiny a umo\u017enit jim dos\u00e1hnout maxim\u00e1ln\u00edho zak\u0159iven\u00ed.<\/p><\/div><div class=\"pix-el-text w-100  \" ><p class=\"text-20  text-gray-8  font-weight-bold\" >Fixace<\/p><\/div><div class=\"pix-el-text w-100  \" ><p class=\"text-18  text-gray-8  \" >Po ur\u010dit\u00e9 dob\u011b p\u016fsoben\u00ed se aplikuje fixa\u010dn\u00ed roztok, kter\u00fd pom\u00e1h\u00e1 upevnit nov\u00fd tvar a zak\u0159iven\u00ed va\u0161ich \u0159as.<\/p><\/div><div class=\"pix-el-text w-100  \" ><p class=\"text-20  text-gray-8  font-weight-bold\" >Barven\u00ed (voliteln\u00e9)<\/p><\/div><div class=\"pix-el-text w-100  \" ><p class=\"text-18  text-gray-8  \" >Pokud si p\u0159ejete, m\u016f\u017ee b\u00fdt procedura dopln\u011bna barven\u00edm \u0159as, co\u017e je skv\u011bl\u00fd zp\u016fsob, jak dodat va\u0161im nov\u00fdm zvednut\u00fdm \u0159as\u00e1m je\u0161t\u011b v\u00edce intenzity a v\u00fdrazu<\/p><\/div><div class=\"pix-el-text w-100  \" ><p class=\"text-20  text-gray-8  font-weight-bold\" >Lash vitamine bomb<\/p><\/div><div class=\"pix-el-text w-100  \" ><p class=\"text-18  text-gray-8  \" >Po cel\u00e9 proced\u016f\u0159e se na z\u00e1v\u011br aplikuje vitam\u00ednov\u00e1 bomba, kter\u00e1 v\u00e1m p\u0159\u00edrodn\u00ed \u0159asy maxim\u00e1ln\u011b vy\u017eiv\u00ed.<\/p><\/div><div class=\"pix-el-text w-100  \" ><p class=\"text-20  text-gray-8  font-weight-bold\" >P\u00e9\u010de po procedu\u0159e<\/p><\/div><div class=\"pix-el-text w-100  \" ><p class=\"text-18  text-gray-8  \" >Po dokon\u010den\u00ed Lash Liftingu je d\u016fle\u017eit\u00e9 dodr\u017eovat n\u011bkolik z\u00e1kladn\u00edch pravidel pro zachov\u00e1n\u00ed v\u00fdsledk\u016f:<\/p><\/div><div class=\"pix-el-text w-100  \" ><p class=\"text-18  text-gray-8  \" >Prvn\u00edch 48 hodin: Vyhn\u011bte se kontaktu s vodou, p\u00e1rou a make-upem na o\u010d\u00edch, abyste umo\u017enili \u0159\u00e1dn\u00e9mu upevn\u011bn\u00ed a nastaven\u00ed nov\u00e9ho tvaru \u0159as.<br \/>\nPou\u017e\u00edvejte jemn\u00e9 odli\u010dovac\u00ed prost\u0159edky: P\u0159i odli\u010dov\u00e1n\u00ed o\u010d\u00ed pou\u017e\u00edvejte \u0161etrn\u00e9 odli\u010dovac\u00ed prost\u0159edky bez obsahu oleje, aby se minimalizovalo oslaben\u00ed \u00fa\u010dink\u016f Lash Liftingu.<br \/>\nVyhn\u011bte se t\u0159en\u00ed o\u010d\u00ed: Nedot\u00fdkejte se a net\u0159ete o\u010di p\u0159\u00edli\u0161 intenzivn\u011b, abyste p\u0159ede\u0161li po\u0161kozen\u00ed nov\u00e9ho zak\u0159iven\u00ed \u0159as.<\/p><\/div><div class=\"pix-el-text w-100  \" ><p class=\"text-18  text-gray-8  \" >S Lash Liftingem m\u016f\u017eete dos\u00e1hnout dlouhotrvaj\u00edc\u00edho efektu kr\u00e1sn\u011b zvednut\u00fdch \u0159as, kter\u00fd vydr\u017e\u00ed a\u017e 6 a\u017e 8 t\u00fddn\u016f. Tato bezpe\u010dn\u00e1 a efektivn\u00ed procedura je ide\u00e1ln\u00ed pro ka\u017ed\u00e9ho, kdo tou\u017e\u00ed po v\u00fdrazn\u00fdch a p\u0159irozen\u011b kr\u00e1sn\u00fdch \u0159as\u00e1ch. Zarezervujte si svou Lash Lifting slu\u017ebu je\u0161t\u011b dnes a objevte novou \u00farove\u0148 kr\u00e1sy va\u0161ich o\u010d\u00ed!<\/p><\/div>[\/vc_column][\/vc_row][\/vc_section][vc_section full_width=&#8221;stretch_row&#8221; pix_bg_grdient=&#8221;bg-gradient-primary&#8221; pix_over_visibility=&#8221;&#8221;][vc_row full_width=&#8221;stretch_row&#8221; pix_particles_check=&#8221;&#8221; css=&#8221;.vc_custom_1590711282430{padding-top: 80px !important;}&#8221;][vc_column]<div class=\"pix-element-div w-100 text-center\"><span class=\"pix-badge-element h6 d-inline-flex mr-1 animate-in\" data-anim-type=\"fade-in-left\" data-anim-delay=\"600\"><span class=\"badge font-weight-bold bg-primary  vc_custom_1709746433554  \" style=\" \"><span class=\"text-dark-opacity-5\" style=\"\">Prodlu\u017eov\u00e1n\u00ed \u0159as<\/span><\/span><\/span><\/div><div id=\"el1709746388054-b7b22715-ff6e\" class=\"mb-3 text-center  vc_custom_1722853438000\"><div class=\"d-inline-block\" style=\"max-width:800px;\"><h2 class=\"mb-32 pix-sliding-headline-2 animate-in font-weight-bold secondary-font \" data-anim-type=\"pix-sliding-text\" pix-anim-delay=\"500\" data-class=\"secondary-font text-white\" style=\"\"><span class=\"slide-in-container \"><span class=\"pix-sliding-item secondary-font text-white\" style=\"transition-delay: 0ms;\">Fotogalerie&#32;<\/span><\/span> <span class=\"slide-in-container \"><span class=\"pix-sliding-item secondary-font text-white\" style=\"transition-delay: 150ms;\">slu\u017eby&#32;<\/span><\/span> <span class=\"slide-in-container \"><span class=\"pix-sliding-item secondary-font text-white\" style=\"transition-delay: 300ms;\">lash&#32;<\/span><\/span> <span class=\"slide-in-container \"><span class=\"pix-sliding-item secondary-font text-white\" style=\"transition-delay: 450ms;\">lifting&#32;<\/span><\/span> <\/h2><\/div><\/div><div class=\"pix-el-text w-100 text-center \" ><div class=\"d-inline-block\" style=\"max-width:600px;\"><p class=\"text-20  text-light-opacity-7 text-center \" ><span class=\"text-light-opacity-7 animate-in d-inline-block\" data-anim-delay=\"1000\" data-anim-type=\"fade-in-up\"><\/span><\/p><\/div><\/div>[\/vc_column][\/vc_row][vc_row full_width=&#8221;stretch_row_content_no_spaces&#8221; bottom_divider_select=&#8221;8&#8243; b_2_is_gradient=&#8221;true&#8221; b_2_color=&#8221;#e9ecef&#8221; b_3_is_gradient=&#8221;true&#8221; b_3_color=&#8221;rgba(233,236,239,0.3)&#8221; b_3_color_2=&#8221;rgba(248,249,250,0.01)&#8221; pix_particles_check=&#8221;&#8221; css=&#8221;.vc_custom_1590711905942{padding-bottom: 60px !important;}&#8221;][vc_column css=&#8221;.vc_custom_1590711921348{margin-top: 40px !important;}&#8221;]<div class=\"\"><div id=\"pix-slider-33191098\" class=\"pix-main-slider pix-fix-x2 pix-overflow-all-visible pix-opacity-slider pix-fade-out-effect  pix-overflow-y-visible pix-slider-3 pix-slider-dots  \" data-flickity='{\"autoPlay\":false,\"freeScroll\":false,\"prevNextButtons\":false,\"wrapAround\":true,\"pageDots\":true,\"adaptiveHeight\":true,\"rightToLeft\":false,\"cellAlign\":\"center\",\"contain\":true,\"slider_effect\":\"pix-fade-out-effect\",\"pix_id\":\"#pix-slider-33191098\"}'><div class=\"carousel-cell\"><div class=\"slide-inner pix-p-20\"><div class=\"pix-slider-effects\"><div class=\"animate-in d-inline-block\" data-anim-type=\"fade-in-up\" data-anim-delay=\"0\"><div class=\"shadow-lg fly-sm text-left w-100 d-inline-block rounded-xl\"  ><img decoding=\"async\" class=\"card-img rounded-xl h-100\" width=\"1080\" height=\"1080\" srcset=\"https:\/\/deniperez.com\/wp-content\/uploads\/2024\/08\/lash-lifting-1-300x300.jpg 300w, https:\/\/deniperez.com\/wp-content\/uploads\/2024\/08\/lash-lifting-1-1024x1024.jpg 1024w, https:\/\/deniperez.com\/wp-content\/uploads\/2024\/08\/lash-lifting-1-150x150.jpg 150w, https:\/\/deniperez.com\/wp-content\/uploads\/2024\/08\/lash-lifting-1-768x768.jpg 768w, https:\/\/deniperez.com\/wp-content\/uploads\/2024\/08\/lash-lifting-1-400x400.jpg 400w, https:\/\/deniperez.com\/wp-content\/uploads\/2024\/08\/lash-lifting-1-75x75.jpg 75w, https:\/\/deniperez.com\/wp-content\/uploads\/2024\/08\/lash-lifting-1-460x460.jpg 460w, https:\/\/deniperez.com\/wp-content\/uploads\/2024\/08\/lash-lifting-1.jpg 1080w\" sizes=\"(max-width: 1080px) 100vw, 1080px\" src=\"https:\/\/deniperez.com\/wp-content\/uploads\/2024\/08\/lash-lifting-1.jpg\" alt=\"\" style=\"\"\/><\/div><\/div><\/div><\/div><\/div><\/div><\/div>[\/vc_column][\/vc_row][\/vc_section][vc_section full_width=&#8221;stretch_row&#8221; pix_bg_grdient=&#8221;bg-gradient-dark&#8221; pix_over_visibility=&#8221;&#8221; top_divider_select=&#8221;dynamic&#8221; top_moving_divider_color=&#8221;%5B%7B%22d_gradient%22%3A%221%22%2C%22d_color_1%22%3A%22%238209ed%22%2C%22d_color_2%22%3A%22%2312e58d%22%7D%2C%7B%22d_gradient%22%3A%221%22%2C%22d_color_1%22%3A%22%23ff3067%22%2C%22d_color_2%22%3A%22rgba(39%2C145%2C244%2C0.56)%22%7D%2C%7B%22d_color_1%22%3A%22%23ffffff%22%2C%22d_color_2%22%3A%22%23f8f9fa%22%7D%5D&#8221; t_flip_h=&#8221;true&#8221; pix_visibility=&#8221;1&#8243; css=&#8221;.vc_custom_1587702645277{padding-top: 120px !important;padding-bottom: 80px !important;}&#8221; t_custom_height=&#8221;100px&#8221;][vc_row full_width=&#8221;stretch_row&#8221; pix_particles_check=&#8221;&#8221; pix_visibility=&#8221;1&#8243;][vc_column content_align=&#8221;text-center&#8221; offset=&#8221;vc_col-lg-offset-1 vc_col-lg-10&#8243;]<span class=\"pix-badge-element h5 d-inline-flex mr-1 animate-in\" data-anim-type=\"fade-in-up\" data-anim-delay=\"0\"><span class=\"badge font-weight-bold secondary-font badge-pill bg-dark-opacity-8  vc_custom_1710159159123  \" style=\" \"><span class=\"text-white\" style=\"\">Lash lifting<\/span><\/span><\/span><div id=\"el1709745013958-14767a63-1faa\" class=\"mb-3 text-center  vc_custom_1710159101788\"><h2 class=\"mb-32 pix-sliding-headline-2 animate-in font-weight-bold secondary-font \" data-anim-type=\"pix-sliding-text\" pix-anim-delay=\"500\" data-class=\"secondary-font text-white\" style=\"\"><span class=\"slide-in-container \"><span class=\"pix-sliding-item secondary-font text-white\" style=\"transition-delay: 0ms;\">Cen\u00edk&#32;<\/span><\/span> <span class=\"slide-in-container \"><span class=\"pix-sliding-item secondary-font text-white\" style=\"transition-delay: 150ms;\">slu\u017eby&#32;<\/span><\/span> <span class=\"slide-in-container \"><span class=\"pix-sliding-item secondary-font text-white\" style=\"transition-delay: 300ms;\">Lash&#32;<\/span><\/span> <span class=\"slide-in-container \"><span class=\"pix-sliding-item secondary-font text-white\" style=\"transition-delay: 450ms;\">lifting&#32;<\/span><\/span> <\/h2><\/div>[\/vc_column][\/vc_row][vc_row full_width=&#8221;stretch_row_content&#8221; pix_particles_check=&#8221;&#8221;][vc_column width=&#8221;1\/3&#8243; offset=&#8221;vc_hidden-sm vc_hidden-xs&#8221;][\/vc_column][vc_column width=&#8221;1\/3&#8243;]<div class=\"card w-100 pix_pricing    animate-in  vc_custom_1728207689654\" data-anim-type=\"fade-in-up\" data-anim-delay=\"0\"><div class=\" bg-light-opacity-1 shadow shadow-hover scale-sm rounded-lg pix-p-20 rounded-lg2 pix-mb-20  bg-light-opacity-1\" ><span class=\"pix-badge-element h6 d-inline-flex mr-1 \"  ><span class=\"badge font-weight-bold secondary-font bg-dark-opacity-3  vc_custom_1728207689634  \" style=\" \"><span class=\"text-white\" style=\"\">Lash lifting<\/span><\/span><\/span><h2 class=\"pt-3 font-weight-bold text-white h2\" ><span class=\"currency\"><\/span><span>1500<\/span><sub class=\"text-small\">,- K\u010d<\/sub><\/h2><\/div><div class=\"pix-px-20\"><div id=\"duo-icon-82818612\" class=\"slide-in-container w-100  \" ><div class=\"py-2 \"  ><div class=\"pix-feature-list   font-weight-bold     py-2 d-flex align-items-center\" ><\/div><\/div><\/div><\/div><div class=\"pix-mt-20\"><a  href=\"https:\/\/deniperez.com\/?page_id=13832\" class=\"btn mb-2     shadow-lg shadow-hover-lg fly-sm text-white  bg-light-opacity-1 btn-primary btn-custom-bg  d-block w-100  pix-hover-item       animate-in btn-md\"   data-anim-type=\"fade-in-up\" data-anim-delay=\"400\" ><i class=\"font-weight-bold pixicon-bag-2  pix-hover-left  mr-1\"><\/i> <span class=\"font-weight-bold \" >Objednat se<\/span><\/a><\/div><\/div>\n[\/vc_column][vc_column width=&#8221;1\/3&#8243; offset=&#8221;vc_hidden-sm vc_hidden-xs&#8221;][\/vc_column][\/vc_row][\/vc_section]<\/p>\n<\/div>","protected":false},"excerpt":{"rendered":"[vc_section full_width=&#8221;stretch_row&#8221; pix_over_visibility=&#8221;&#8221; css=&#8221;.vc_custom_1710154664317{margin-top: -50px !important;padding-top: 60px !important;padding-bottom: 80px !important;background-color: #ffffff !important;}&#8221;][vc_row full_width=&#8221;stretch_row&#8221; content_placement=&#8221;middle&#8221; pix_particles_check=&#8221;&#8221; css=&#8221;.vc_custom_1590194617797{padding-top: 40px !important;padding-bottom: 40px !important;background-color: #ffffff !important;}&#8221;][vc_column width=&#8221;1\/2&#8243; responsive_css=&#8221;{&#8220;pix_res_sm_pb&#8220;:&#8220;50&#8220;}&#8221; css=&#8221;.vc_custom_1710261245720{padding-right: 20px !important;padding-bottom: 1500px !important;padding-left: 20px !important;}&#8221;][\/vc_column][vc_column width=&#8221;1\/2&#8243;][\/vc_column][\/vc_row][\/vc_section][vc_section full_width=&#8221;stretch_row&#8221; pix_bg_grdient=&#8221;bg-gradient-primary&#8221; pix_over_visibility=&#8221;&#8221;][vc_row full_width=&#8221;stretch_row&#8221; pix_particles_check=&#8221;&#8221; css=&#8221;.vc_custom_1590711282430{padding-top: 80px !important;}&#8221;][vc_column][\/vc_column][\/vc_row][vc_row&#8230;","protected":false},"author":1,"featured_media":0,"parent":0,"menu_order":0,"comment_status":"closed","ping_status":"closed","template":"","meta":{"om_disable_all_campaigns":false,"_monsterinsights_skip_tracking":false,"_monsterinsights_sitenote_active":false,"_monsterinsights_sitenote_note":"","_monsterinsights_sitenote_category":0,"footnotes":""},"aioseo_notices":[],"_links":{"self":[{"href":"https:\/\/deniperez.com\/index.php?rest_route=\/wp\/v2\/pages\/13575"}],"collection":[{"href":"https:\/\/deniperez.com\/index.php?rest_route=\/wp\/v2\/pages"}],"about":[{"href":"https:\/\/deniperez.com\/index.php?rest_route=\/wp\/v2\/types\/page"}],"author":[{"embeddable":true,"href":"https:\/\/deniperez.com\/index.php?rest_route=\/wp\/v2\/users\/1"}],"replies":[{"embeddable":true,"href":"https:\/\/deniperez.com\/index.php?rest_route=%2Fwp%2Fv2%2Fcomments&post=13575"}],"version-history":[{"count":13,"href":"https:\/\/deniperez.com\/index.php?rest_route=\/wp\/v2\/pages\/13575\/revisions"}],"predecessor-version":[{"id":14079,"href":"https:\/\/deniperez.com\/index.php?rest_route=\/wp\/v2\/pages\/13575\/revisions\/14079"}],"wp:attachment":[{"href":"https:\/\/deniperez.com\/index.php?rest_route=%2Fwp%2Fv2%2Fmedia&parent=13575"}],"curies":[{"name":"wp","href":"https:\/\/api.w.org\/{rel}","templated":true}]}}