{"id":13565,"date":"2024-03-11T11:52:49","date_gmt":"2024-03-11T11:52:49","guid":{"rendered":"https:\/\/deniperez.com\/?page_id=13565"},"modified":"2024-10-06T10:59:06","modified_gmt":"2024-10-06T09:59:06","slug":"prodluzovani-ras-glamour-look","status":"publish","type":"page","link":"https:\/\/deniperez.com\/?page_id=13565","title":{"rendered":"Prodlu\u017eov\u00e1n\u00ed \u0159as &#8211; Glamour look"},"content":{"rendered":"<div class=\"wpb-content-wrapper\"><p>[vc_section full_width=&#8221;stretch_row&#8221; pix_over_visibility=&#8221;&#8221; css=&#8221;.vc_custom_1710154664317{margin-top: -50px !important;padding-top: 60px !important;padding-bottom: 80px !important;background-color: #ffffff !important;}&#8221;][vc_row full_width=&#8221;stretch_row&#8221; content_placement=&#8221;middle&#8221; pix_particles_check=&#8221;&#8221; css=&#8221;.vc_custom_1590194617797{padding-top: 40px !important;padding-bottom: 40px !important;background-color: #ffffff !important;}&#8221;][vc_column width=&#8221;1\/2&#8243; responsive_css=&#8221;{&#8220;pix_res_sm_pb&#8220;:&#8220;50&#8220;}&#8221; css=&#8221;.vc_custom_1710260534550{padding-right: 20px !important;padding-bottom: 1200px !important;padding-left: 20px !important;}&#8221;]<div class=\"d-inline-block \" style=\"width:100%;\"><div class=\"animate-in w-100 d-inline-block\" data-anim-type=\"fade-in-right\" data-anim-delay=\"200\"><div class=\"pix-img-el  vc_custom_1728206045281   shadow-lg text-left d-inline-block  w-100 rounded-xl\"  ><img fetchpriority=\"high\" decoding=\"async\" class=\"card-img2 pix-img-elem rounded-xl  h-1002\" style=\"width:100%;height:auto;\" width=\"851\" height=\"851\" srcset=\"https:\/\/deniperez.com\/wp-content\/uploads\/2024\/10\/aaa.jpg 851w, https:\/\/deniperez.com\/wp-content\/uploads\/2024\/10\/aaa-300x300.jpg 300w, https:\/\/deniperez.com\/wp-content\/uploads\/2024\/10\/aaa-150x150.jpg 150w, https:\/\/deniperez.com\/wp-content\/uploads\/2024\/10\/aaa-768x768.jpg 768w, https:\/\/deniperez.com\/wp-content\/uploads\/2024\/10\/aaa-400x400.jpg 400w, https:\/\/deniperez.com\/wp-content\/uploads\/2024\/10\/aaa-75x75.jpg 75w, https:\/\/deniperez.com\/wp-content\/uploads\/2024\/10\/aaa-460x460.jpg 460w\" sizes=\"(max-width: 851px) 100vw, 851px\" src=\"https:\/\/deniperez.com\/wp-content\/uploads\/2024\/10\/aaa.jpg\" alt=\"Image link\" \/><\/div><\/div><\/div>[\/vc_column][vc_column width=&#8221;1\/2&#8243;]<div class=\"text-left \"><div><h1 class=\"pix-headline my-3  loading-bar text-dark-opacity-9 font-weight-bold  secondary-font animate-in\" style=\"\" data-anim-type=\"fade-in-up\" data-anim-delay=\"0\" ><span>Prodlu\u017eov\u00e1n\u00ed \u0159as - Glamour look <\/span><span class=\"pix-words-wrapper is-last\"><span class=\"is-visible \" ><\/span> <span class=\"pix-bar bg-dark-opacity-9\" ><\/span><\/span><\/h1><\/div><\/div><div class=\"pix-el-text w-100   vc_custom_1724664764019\" ><p class=\"text-20  text-gray-7  font-weight-bold\" ><span class=\"text-gray-7 animate-in d-inline-block\" data-anim-delay=\"200\" data-anim-type=\"fade-in-up\">Prodlu\u017eov\u00e1n\u00ed \u0159as glamour look je estetick\u00e1 procedura, kter\u00e1 se zam\u011b\u0159uje na vytvo\u0159en\u00ed luxusn\u00edho a elegantn\u00edho vzhledu \u0159as. Tato slu\u017eba je ide\u00e1ln\u00ed pro ty, kte\u0159\u00ed cht\u011bj\u00ed dos\u00e1hnout dramatick\u00e9ho a sofistikovan\u00e9ho efektu s pomoc\u00ed prodlou\u017een\u00fdch \u0159as.<\/span><\/p><\/div><div class=\"pix-el-text w-100 text-center  vc_custom_1710260305727\" ><p class=\"text-24  text-gray-8 text-center font-weight-bold\" ><span class=\"text-gray-8 animate-in d-inline-block\" data-anim-delay=\"200\" data-anim-type=\"fade-in-up\">Postup procedury<\/span><\/p><\/div><div class=\"pix-el-text w-100  \" ><p class=\"text-20  text-gray-8  font-weight-bold\" ><span class=\"text-gray-8 animate-in d-inline-block\" data-anim-delay=\"200\" data-anim-type=\"fade-in-up\">Konzultace a v\u00fdb\u011br stylu<\/span><\/p><\/div><div class=\"pix-el-text w-100  \" ><p class=\"text-18  text-gray-8  \" >P\u0159ed samotnou procedurou prob\u011bhne konzultace s lash stylistkou na prodlu\u017eov\u00e1n\u00ed \u0159as, kde budete diskutovat o va\u0161ich po\u017eadavc\u00edch a preferenc\u00edch ohledn\u011b d\u00e9lky, objemu a stylu \u0159as.<\/p><\/div><div class=\"pix-el-text w-100  \" ><p class=\"text-20  text-gray-8  font-weight-bold\" >P\u0159\u00edprava a \u010di\u0161t\u011bn\u00ed \u0159as<\/p><\/div><div class=\"pix-el-text w-100  \" ><p class=\"text-18  text-gray-8  \" >P\u0159ed aplikac\u00ed um\u011bl\u00fdch \u0159as je d\u016fle\u017eit\u00e9 o\u010distit p\u0159irozen\u00e9 \u0159asy od jak\u00fdchkoli ne\u010distot, olej\u016f nebo make-upu. To zajist\u00ed lep\u0161\u00ed p\u0159ilnavost a trvanlivost um\u011bl\u00fdch \u0159as.<\/p><\/div><div class=\"pix-el-text w-100  \" ><p class=\"text-18  text-gray-8  font-weight-bold\" >V\u00fdb\u011br um\u011bl\u00fdch \u0159as<\/p><\/div><div class=\"pix-el-text w-100  \" ><p class=\"text-18  text-gray-8  \" >Na z\u00e1klad\u011b va\u0161ich preferenc\u00ed a struktury va\u0161ich p\u0159irozen\u00fdch \u0159as budou vybr\u00e1ny vhodn\u00e9 typy um\u011bl\u00fdch \u0159as, kter\u00e9 budou aplikov\u00e1ny.<\/p><\/div><div class=\"pix-el-text w-100  \" ><p class=\"text-18  text-gray-8  font-weight-bold\" >Aplikace \u0159as<\/p><\/div><div class=\"pix-el-text w-100  \" ><p class=\"text-18  text-gray-8  \" >Um\u011bl\u00e9 \u0159asy budou opatrn\u011b a precizn\u011b p\u0159ipevn\u011bny k va\u0161im p\u0159irozen\u00fdm \u0159as\u00e1m pomoc\u00ed speci\u00e1ln\u00edho lepidla. B\u011bhem t\u00e9to f\u00e1ze budou um\u011bl\u00e9 \u0159asy p\u0159id\u00e1v\u00e1ny tak, aby vytv\u00e1\u0159ely pln\u00fd a luxusn\u00ed vzhled.<\/p><\/div><div class=\"pix-el-text w-100  \" ><p class=\"text-18  text-gray-8  font-weight-bold\" >Dokon\u010den\u00ed a \u00faprava<\/p><\/div><div class=\"pix-el-text w-100  \" ><p class=\"text-18  text-gray-8  \" >Po aplikaci mohou b\u00fdt \u0159asy formov\u00e1ny a upraveny podle va\u0161ich preferenc\u00ed a po\u017eadovan\u00e9ho efektu, aby byl dosa\u017een dokonal\u00fd glamour look.<\/p><\/div><div class=\"pix-el-text w-100  \" ><p class=\"text-18  text-gray-8  font-weight-bold\" >P\u00e9\u010de po procedu\u0159e<\/p><\/div><div class=\"pix-el-text w-100  \" ><p class=\"text-18  text-gray-8  \" >Po aplikaci budou va\u0161e \u0159asy vypadat pln\u011bj\u0161\u00ed a del\u0161\u00ed co\u017e m\u016f\u017ee pos\u00edlit v\u00e1\u0161 celkov\u00fd vzhled. Aby v\u0161ak byl v\u00fdsledek co nejoptim\u00e1ln\u011bj\u0161\u00ed a aby se minimalizovalo riziko po\u0161kozen\u00ed va\u0161ich p\u0159\u00edrodn\u00edch \u0159as, je d\u016fle\u017eit\u00e9 dodr\u017eovat n\u011bkolik bod\u016f v p\u00e9\u010di o n\u011b :<br><br>Vyhn\u011bte se olejov\u00fdm produkt\u016fm. Pou\u017e\u00edv\u00e1n\u00ed olejov\u00fdch produkt\u016f na o\u010dn\u00ed okol\u00ed m\u016f\u017ee oslabit p\u0159ilnavost lepidla a zkr\u00e1tit dobu po kterou um\u011bl\u00e9 \u0159asy vydr\u017e\u00ed.<br>Je d\u016fle\u017eit\u00e9 se vyvarovat t\u0159en\u00ed o\u010d\u00ed, aby jste zabr\u00e1nili po\u0161kozen\u00ed um\u011bl\u00fdch nebo p\u0159irozen\u00fdch \u0159as a uvoln\u011bn\u00ed lepidla.<br>Klientce budou poskytnuty pokyny ohledn\u011b p\u00e9\u010de o nov\u011b prodlou\u017een\u00e9 \u0159asy jako je pravideln\u00e9 \u010di\u0161t\u011bn\u00ed \u0159as a o\u010dn\u00edho okol\u00ed k tomu ur\u010den\u00fdmi p\u0159\u00edpravky, aby se maximalizovala trvanlivost a vzhled um\u011bl\u00fdch \u0159as.<br>Tak\u00e9 se doporu\u010duje v pravideln\u00fdch intervalech dopl\u0148ovat va\u0161e prodlou\u017een\u00e9 \u0159asy. Dopln\u011bn\u00ed va\u0161\u00ed lash stylistkou nejen zajist\u00ed \u017ee v\u00e1\u0161 vzhled prodlou\u017een\u00fdch \u0159as bude st\u00e1le dokonal\u00fd, ale i v\u00e1m odstran\u00ed ji\u017e nevzhledn\u00e9 um\u011bl\u00e9 \u0159asy a nahrad\u00ed nov\u00fdmi.<br \/>\nPot\u00e9 bude v\u00fdsledn\u00fd efekt va\u0161ich prodlou\u017een\u00fdch \u0159as toto\u017en\u00fd jako u nov\u00e9ho setu.<br \/>\nDodr\u017eov\u00e1n\u00ed t\u011bchto z\u00e1sad v p\u00e9\u010di o prodlou\u017een\u00e9 \u0159asy minimalizujete riziko po\u0161kozen\u00ed va\u0161ich p\u0159\u00edrodn\u00edch \u0159as a prodlou\u017e\u00edte trvanlivost va\u0161eho nov\u00e9ho setu u v\u0161ech typ\u016f prodlu\u017eov\u00e1n\u00ed \u0159as.<\/p><\/div>[\/vc_column][\/vc_row][\/vc_section][vc_section full_width=&#8221;stretch_row&#8221; pix_bg_grdient=&#8221;bg-gradient-primary&#8221; pix_over_visibility=&#8221;&#8221;][vc_row full_width=&#8221;stretch_row&#8221; pix_particles_check=&#8221;&#8221; css=&#8221;.vc_custom_1590711282430{padding-top: 80px !important;}&#8221;][vc_column]<div class=\"pix-element-div w-100 text-center\"><span class=\"pix-badge-element h6 d-inline-flex mr-1 animate-in\" data-anim-type=\"fade-in-left\" data-anim-delay=\"600\"><span class=\"badge font-weight-bold bg-primary  vc_custom_1709746433554  \" style=\" \"><span class=\"text-dark-opacity-5\" style=\"\">Prodlu\u017eov\u00e1n\u00ed \u0159as<\/span><\/span><\/span><\/div><div id=\"el1709746388054-b7b22715-ff6e\" class=\"mb-3 text-center  vc_custom_1722855812955\"><div class=\"d-inline-block\" style=\"max-width:800px;\"><h2 class=\"mb-32 pix-sliding-headline-2 animate-in font-weight-bold secondary-font \" data-anim-type=\"pix-sliding-text\" pix-anim-delay=\"500\" data-class=\"secondary-font text-white\" style=\"\"><span class=\"slide-in-container \"><span class=\"pix-sliding-item secondary-font text-white\" style=\"transition-delay: 0ms;\">Fotogalerie&#32;<\/span><\/span> <span class=\"slide-in-container \"><span class=\"pix-sliding-item secondary-font text-white\" style=\"transition-delay: 150ms;\">prodlu\u017eov\u00e1n\u00ed&#32;<\/span><\/span> <span class=\"slide-in-container \"><span class=\"pix-sliding-item secondary-font text-white\" style=\"transition-delay: 300ms;\">\u0159as&#32;<\/span><\/span> <span class=\"slide-in-container \"><span class=\"pix-sliding-item secondary-font text-white\" style=\"transition-delay: 450ms;\">Glamour&#32;<\/span><\/span> <span class=\"slide-in-container \"><span class=\"pix-sliding-item secondary-font text-white\" style=\"transition-delay: 600ms;\">look&#32;<\/span><\/span> <\/h2><\/div><\/div><div class=\"pix-el-text w-100 text-center \" ><div class=\"d-inline-block\" style=\"max-width:600px;\"><p class=\"text-20  text-light-opacity-7 text-center \" ><span class=\"text-light-opacity-7 animate-in d-inline-block\" data-anim-delay=\"1000\" data-anim-type=\"fade-in-up\">ilustra\u010dn\u00ed foto<\/span><\/p><\/div><\/div>[\/vc_column][\/vc_row][vc_row full_width=&#8221;stretch_row_content_no_spaces&#8221; bottom_divider_select=&#8221;8&#8243; b_2_is_gradient=&#8221;true&#8221; b_2_color=&#8221;#e9ecef&#8221; b_3_is_gradient=&#8221;true&#8221; b_3_color=&#8221;rgba(233,236,239,0.3)&#8221; b_3_color_2=&#8221;rgba(248,249,250,0.01)&#8221; pix_particles_check=&#8221;&#8221; css=&#8221;.vc_custom_1590711905942{padding-bottom: 60px !important;}&#8221;][vc_column css=&#8221;.vc_custom_1590711921348{margin-top: 40px !important;}&#8221;]<div class=\"\"><div id=\"pix-slider-57444993\" class=\"pix-main-slider pix-fix-x2 pix-overflow-all-visible pix-opacity-slider pix-fade-out-effect  pix-overflow-y-visible pix-slider-3 pix-slider-dots  \" data-flickity='{\"autoPlay\":false,\"freeScroll\":false,\"prevNextButtons\":false,\"wrapAround\":true,\"pageDots\":true,\"adaptiveHeight\":true,\"rightToLeft\":false,\"cellAlign\":\"center\",\"contain\":true,\"slider_effect\":\"pix-fade-out-effect\",\"pix_id\":\"#pix-slider-57444993\"}'><div class=\"carousel-cell\"><div class=\"slide-inner pix-p-20\"><div class=\"pix-slider-effects\"><div class=\"animate-in d-inline-block\" data-anim-type=\"fade-in-up\" data-anim-delay=\"0\"><div class=\"shadow-lg fly-sm text-left w-100 d-inline-block rounded-xl\"  ><img decoding=\"async\" class=\"card-img rounded-xl h-100\" width=\"851\" height=\"851\" srcset=\"https:\/\/deniperez.com\/wp-content\/uploads\/2024\/10\/aaa-300x300.jpg 300w, https:\/\/deniperez.com\/wp-content\/uploads\/2024\/10\/aaa-150x150.jpg 150w, https:\/\/deniperez.com\/wp-content\/uploads\/2024\/10\/aaa-768x768.jpg 768w, https:\/\/deniperez.com\/wp-content\/uploads\/2024\/10\/aaa-400x400.jpg 400w, https:\/\/deniperez.com\/wp-content\/uploads\/2024\/10\/aaa-75x75.jpg 75w, https:\/\/deniperez.com\/wp-content\/uploads\/2024\/10\/aaa-460x460.jpg 460w, https:\/\/deniperez.com\/wp-content\/uploads\/2024\/10\/aaa.jpg 851w\" sizes=\"(max-width: 851px) 100vw, 851px\" src=\"https:\/\/deniperez.com\/wp-content\/uploads\/2024\/10\/aaa.jpg\" alt=\"\" style=\"\"\/><\/div><\/div><\/div><\/div><\/div><\/div><\/div>[\/vc_column][\/vc_row][\/vc_section][vc_section full_width=&#8221;stretch_row&#8221; pix_bg_grdient=&#8221;bg-gradient-dark&#8221; pix_over_visibility=&#8221;&#8221; top_divider_select=&#8221;dynamic&#8221; top_moving_divider_color=&#8221;%5B%7B%22d_gradient%22%3A%221%22%2C%22d_color_1%22%3A%22%238209ed%22%2C%22d_color_2%22%3A%22%2312e58d%22%7D%2C%7B%22d_gradient%22%3A%221%22%2C%22d_color_1%22%3A%22%23ff3067%22%2C%22d_color_2%22%3A%22rgba(39%2C145%2C244%2C0.56)%22%7D%2C%7B%22d_color_1%22%3A%22%23ffffff%22%2C%22d_color_2%22%3A%22%23f8f9fa%22%7D%5D&#8221; t_flip_h=&#8221;true&#8221; pix_visibility=&#8221;1&#8243; css=&#8221;.vc_custom_1587702645277{padding-top: 120px !important;padding-bottom: 80px !important;}&#8221; t_custom_height=&#8221;100px&#8221;][vc_row full_width=&#8221;stretch_row&#8221; pix_particles_check=&#8221;&#8221; pix_visibility=&#8221;1&#8243;][vc_column content_align=&#8221;text-center&#8221; offset=&#8221;vc_col-lg-offset-1 vc_col-lg-10&#8243;]<span class=\"pix-badge-element h5 d-inline-flex mr-1 animate-in\" data-anim-type=\"fade-in-up\" data-anim-delay=\"0\"><span class=\"badge font-weight-bold secondary-font badge-pill bg-dark-opacity-8  vc_custom_1709745056925  \" style=\" \"><span class=\"text-white\" style=\"\">Prodlu\u017eov\u00e1n\u00ed \u0159as<\/span><\/span><\/span><div id=\"el1709745013958-14767a63-1faa\" class=\"mb-3 text-center  vc_custom_1710159771192\"><h2 class=\"mb-32 pix-sliding-headline-2 animate-in font-weight-bold secondary-font \" data-anim-type=\"pix-sliding-text\" pix-anim-delay=\"500\" data-class=\"secondary-font text-white\" style=\"\"><span class=\"slide-in-container \"><span class=\"pix-sliding-item secondary-font text-white\" style=\"transition-delay: 0ms;\">Cen\u00edk&#32;<\/span><\/span> <span class=\"slide-in-container \"><span class=\"pix-sliding-item secondary-font text-white\" style=\"transition-delay: 150ms;\">prodlu\u017eov\u00e1n\u00ed&#32;<\/span><\/span> <span class=\"slide-in-container \"><span class=\"pix-sliding-item secondary-font text-white\" style=\"transition-delay: 300ms;\">\u0159as&#32;<\/span><\/span> <span class=\"slide-in-container \"><span class=\"pix-sliding-item secondary-font text-white\" style=\"transition-delay: 450ms;\">Glamour&#32;<\/span><\/span> <span class=\"slide-in-container \"><span class=\"pix-sliding-item secondary-font text-white\" style=\"transition-delay: 600ms;\">look&#32;<\/span><\/span> <\/h2><\/div>[\/vc_column][\/vc_row][vc_row full_width=&#8221;stretch_row_content&#8221; pix_particles_check=&#8221;&#8221;][vc_column width=&#8221;1\/4&#8243;][\/vc_column][vc_column width=&#8221;1\/4&#8243;]<div class=\"card w-100 pix_pricing    animate-in  vc_custom_1728207600629\" data-anim-type=\"fade-in-up\" data-anim-delay=\"0\"><div class=\" bg-light-opacity-1 shadow shadow-hover scale-sm rounded-lg pix-p-20 rounded-lg2 pix-mb-20  bg-light-opacity-1\" ><span class=\"pix-badge-element h6 d-inline-flex mr-1 \"  ><span class=\"badge font-weight-bold secondary-font bg-dark-opacity-3  vc_custom_1728207600610  \" style=\" \"><span class=\"text-white\" style=\"\">Prodlu\u017eov\u00e1n\u00ed \u0159as<\/span><\/span><\/span><h2 class=\"pt-3 font-weight-bold text-white h2\" ><span class=\"currency\"><\/span><span>3600<\/span><sub class=\"text-small\">,- K\u010d<\/sub><\/h2><p class=\"m-0 text-24 font-weight-bold secondary-font text-white\" >Nov\u00fd set<\/p><\/div><div class=\"pix-px-20\"><div id=\"duo-icon-10137118\" class=\"slide-in-container w-100  \" ><div class=\"py-2 \"  ><div class=\"pix-feature-list   font-weight-bold     py-2 d-flex align-items-center\" ><\/div><\/div><\/div><\/div><div class=\"pix-mt-20\"><a  href=\"https:\/\/deniperez.com\/?page_id=13832\" class=\"btn mb-2     shadow-lg shadow-hover-lg fly-sm text-white  bg-light-opacity-1 btn-primary btn-custom-bg  d-block w-100  pix-hover-item       animate-in btn-md\"   data-anim-type=\"fade-in-up\" data-anim-delay=\"400\" ><i class=\"font-weight-bold pixicon-bag-2  pix-hover-left  mr-1\"><\/i> <span class=\"font-weight-bold \" >Objednat se<\/span><\/a><\/div><\/div>\n[\/vc_column][vc_column width=&#8221;1\/4&#8243;]<div class=\"card w-100 pix_pricing    animate-in  vc_custom_1728207611327\" data-anim-type=\"fade-in-up\" data-anim-delay=\"0\"><div class=\" bg-light-opacity-2 shadow shadow-hover scale-sm rounded-lg pix-p-20 rounded-lg2 pix-mb-20  bg-light-opacity-2\" ><span class=\"pix-badge-element h6 d-inline-flex mr-1 \"  ><span class=\"badge font-weight-bold secondary-font bg-dark-opacity-3  vc_custom_1728207611299  \" style=\" \"><span class=\"text-white\" style=\"\">Prodlu\u017eov\u00e1n\u00ed \u0159as<\/span><\/span><\/span><h2 class=\"pt-3 font-weight-bold text-white h2\" ><span class=\"currency\"><\/span><span>1700 - 1800<\/span><sub class=\"text-small\">,- K\u010d<\/sub><\/h2><p class=\"m-0 text-24 font-weight-bold secondary-font text-white\" >Dopln\u011bn\u00ed \u0159as<\/p><\/div><div class=\"pix-px-20\"><div id=\"duo-icon-152285204\" class=\"slide-in-container w-100  \" ><div class=\"py-2 \"  ><div class=\"pix-feature-list   font-weight-bold     py-2 d-flex align-items-center\" ><\/div><\/div><\/div><\/div><div class=\"pix-mt-20\"><a  href=\"https:\/\/deniperez.com\/?page_id=13832\" class=\"btn mb-2     shadow-lg shadow-hover-lg fly-sm text-white  bg-light-opacity-1 btn-primary btn-custom-bg  d-block w-100  pix-hover-item       animate-in btn-md\"   data-anim-type=\"fade-in-up\" data-anim-delay=\"400\" ><i class=\"font-weight-bold pixicon-bag-2  pix-hover-left  mr-1\"><\/i> <span class=\"font-weight-bold \" >Objednat se<\/span><\/a><\/div><\/div>\n[\/vc_column][vc_column width=&#8221;1\/4&#8243;][\/vc_column][\/vc_row][\/vc_section]<\/p>\n<\/div>","protected":false},"excerpt":{"rendered":"[vc_section full_width=&#8221;stretch_row&#8221; pix_over_visibility=&#8221;&#8221; css=&#8221;.vc_custom_1710154664317{margin-top: -50px !important;padding-top: 60px !important;padding-bottom: 80px !important;background-color: #ffffff !important;}&#8221;][vc_row full_width=&#8221;stretch_row&#8221; content_placement=&#8221;middle&#8221; pix_particles_check=&#8221;&#8221; css=&#8221;.vc_custom_1590194617797{padding-top: 40px !important;padding-bottom: 40px !important;background-color: #ffffff !important;}&#8221;][vc_column width=&#8221;1\/2&#8243; responsive_css=&#8221;{&#8220;pix_res_sm_pb&#8220;:&#8220;50&#8220;}&#8221; css=&#8221;.vc_custom_1710260534550{padding-right: 20px !important;padding-bottom: 1200px !important;padding-left: 20px !important;}&#8221;][\/vc_column][vc_column width=&#8221;1\/2&#8243;][\/vc_column][\/vc_row][\/vc_section][vc_section full_width=&#8221;stretch_row&#8221; pix_bg_grdient=&#8221;bg-gradient-primary&#8221; pix_over_visibility=&#8221;&#8221;][vc_row full_width=&#8221;stretch_row&#8221; pix_particles_check=&#8221;&#8221; css=&#8221;.vc_custom_1590711282430{padding-top: 80px !important;}&#8221;][vc_column][\/vc_column][\/vc_row][vc_row&#8230;","protected":false},"author":1,"featured_media":0,"parent":0,"menu_order":0,"comment_status":"closed","ping_status":"closed","template":"","meta":{"om_disable_all_campaigns":false,"_monsterinsights_skip_tracking":false,"_monsterinsights_sitenote_active":false,"_monsterinsights_sitenote_note":"","_monsterinsights_sitenote_category":0,"footnotes":""},"aioseo_notices":[],"_links":{"self":[{"href":"https:\/\/deniperez.com\/index.php?rest_route=\/wp\/v2\/pages\/13565"}],"collection":[{"href":"https:\/\/deniperez.com\/index.php?rest_route=\/wp\/v2\/pages"}],"about":[{"href":"https:\/\/deniperez.com\/index.php?rest_route=\/wp\/v2\/types\/page"}],"author":[{"embeddable":true,"href":"https:\/\/deniperez.com\/index.php?rest_route=\/wp\/v2\/users\/1"}],"replies":[{"embeddable":true,"href":"https:\/\/deniperez.com\/index.php?rest_route=%2Fwp%2Fv2%2Fcomments&post=13565"}],"version-history":[{"count":16,"href":"https:\/\/deniperez.com\/index.php?rest_route=\/wp\/v2\/pages\/13565\/revisions"}],"predecessor-version":[{"id":14099,"href":"https:\/\/deniperez.com\/index.php?rest_route=\/wp\/v2\/pages\/13565\/revisions\/14099"}],"wp:attachment":[{"href":"https:\/\/deniperez.com\/index.php?rest_route=%2Fwp%2Fv2%2Fmedia&parent=13565"}],"curies":[{"name":"wp","href":"https:\/\/api.w.org\/{rel}","templated":true}]}}