{"id":13545,"date":"2024-03-11T10:59:57","date_gmt":"2024-03-11T10:59:57","guid":{"rendered":"https:\/\/deniperez.com\/?page_id=13545"},"modified":"2024-10-06T10:56:24","modified_gmt":"2024-10-06T09:56:24","slug":"prodluzovani-ras-light-volume-2d-3d","status":"publish","type":"page","link":"https:\/\/deniperez.com\/?page_id=13545","title":{"rendered":"Prodlu\u017eov\u00e1n\u00ed \u0159as &#8211; light volume 2d-3d"},"content":{"rendered":"<div class=\"wpb-content-wrapper\"><p>[vc_section full_width=&#8221;stretch_row&#8221; pix_over_visibility=&#8221;&#8221; css=&#8221;.vc_custom_1710154664317{margin-top: -50px !important;padding-top: 60px !important;padding-bottom: 80px !important;background-color: #ffffff !important;}&#8221;][vc_row full_width=&#8221;stretch_row&#8221; content_placement=&#8221;middle&#8221; pix_particles_check=&#8221;&#8221; css=&#8221;.vc_custom_1590194617797{padding-top: 40px !important;padding-bottom: 40px !important;background-color: #ffffff !important;}&#8221;][vc_column width=&#8221;1\/2&#8243; responsive_css=&#8221;{&#8220;pix_res_sm_mb&#8220;:&#8220;50&#8220;}&#8221; css=&#8221;.vc_custom_1710258656122{margin-bottom: 1500px !important;padding-right: 20px !important;padding-left: 20px !important;}&#8221;]<div class=\"d-inline-block \" style=\"width:100%;\"><div class=\"animate-in w-100 d-inline-block\" data-anim-type=\"fade-in-right\" data-anim-delay=\"200\"><div class=\"pix-img-el  vc_custom_1728207162810   shadow-lg text-left d-inline-block  w-100 rounded-xl\"  ><img fetchpriority=\"high\" decoding=\"async\" class=\"card-img2 pix-img-elem rounded-xl  h-1002\" style=\"width:100%;height:auto;\" width=\"1455\" height=\"1453\" srcset=\"https:\/\/deniperez.com\/wp-content\/uploads\/2024\/10\/2d-3d.jpg 1455w, https:\/\/deniperez.com\/wp-content\/uploads\/2024\/10\/2d-3d-300x300.jpg 300w, https:\/\/deniperez.com\/wp-content\/uploads\/2024\/10\/2d-3d-1024x1024.jpg 1024w, https:\/\/deniperez.com\/wp-content\/uploads\/2024\/10\/2d-3d-150x150.jpg 150w, https:\/\/deniperez.com\/wp-content\/uploads\/2024\/10\/2d-3d-768x767.jpg 768w, https:\/\/deniperez.com\/wp-content\/uploads\/2024\/10\/2d-3d-400x400.jpg 400w, https:\/\/deniperez.com\/wp-content\/uploads\/2024\/10\/2d-3d-75x75.jpg 75w, https:\/\/deniperez.com\/wp-content\/uploads\/2024\/10\/2d-3d-460x460.jpg 460w\" sizes=\"(max-width: 1455px) 100vw, 1455px\" src=\"https:\/\/deniperez.com\/wp-content\/uploads\/2024\/10\/2d-3d.jpg\" alt=\"Image link\" \/><\/div><\/div><\/div>[\/vc_column][vc_column width=&#8221;1\/2&#8243;]<div class=\"text-left \"><div><h1 class=\"pix-headline my-3  loading-bar text-dark-opacity-9 font-weight-bold  secondary-font animate-in\" style=\"\" data-anim-type=\"fade-in-up\" data-anim-delay=\"0\" ><span>Prodlu\u017eov\u00e1n\u00ed \u0159as - Light volume 2D-3D <\/span><span class=\"pix-words-wrapper is-last\"><span class=\"is-visible \" ><\/span> <span class=\"pix-bar bg-dark-opacity-9\" ><\/span><\/span><\/h1><\/div><\/div><div class=\"pix-el-text w-100   vc_custom_1724663363838\" ><p class=\"text-20  text-gray-7  font-weight-bold\" ><span class=\"text-gray-7 animate-in d-inline-block\" data-anim-delay=\"200\" data-anim-type=\"fade-in-up\">Slu\u017eba prodlu\u017eov\u00e1n\u00ed \u0159as &#8220;light volume 2D-3D&#8221; je estetick\u00e1 procedura, kter\u00e1 m\u00e1 za c\u00edl zv\u00fd\u0161it objem, p\u0159\u00edpadn\u00e9 d\u00e9lku va\u0161ich \u0159as. Tato slu\u017eba je zalo\u017eena na aplikaci 2-3 um\u011bl\u00fdch \u0159as na jednu p\u0159\u00edrodn\u00ed \u0159as s ultratenk\u00fdm a lehk\u00fdch vl\u00e1knem s pomoc\u00ed speci\u00e1ln\u00edho lepidla. Light volume 2D-3D odkazuje na typ techniky prodlou\u017een\u00ed \u0159as, kter\u00e1 vytv\u00e1\u0159\u00ed p\u0159irozen\u011bj\u0161\u00ed a leh\u010d\u00ed vzhled, ne\u017e je tomu u tradi\u010dn\u00edho prodlou\u017een\u00ed \u0159as. Tato tehcnika zajist\u00ed, \u017ee i p\u0159ed dopln\u011bn\u00edm budou \u0159asy kr\u00e1sn\u00e9 a vzhledn\u00e9.<\/span><\/p><\/div><div class=\"pix-el-text w-100 text-center  vc_custom_1710258227637\" ><p class=\"text-24  text-gray-8 text-center font-weight-bold\" ><span class=\"text-gray-8 animate-in d-inline-block\" data-anim-delay=\"200\" data-anim-type=\"fade-in-up\">Postup procedury<\/span><\/p><\/div><div class=\"pix-el-text w-100  \" ><p class=\"text-20  text-gray-8  font-weight-bold\" ><span class=\"text-gray-8 animate-in d-inline-block\" data-anim-delay=\"200\" data-anim-type=\"fade-in-up\">Konzultace a v\u00fdb\u011br stylu<\/span><\/p><\/div><div class=\"pix-el-text w-100  \" ><p class=\"text-18  text-gray-8  \" >Klientka se nejprve setk\u00e1 s profesion\u00e1ln\u00edm lash stylistkou, kter\u00e1 s n\u00ed prozkoum\u00e1 jej\u00ed po\u017eadavky a preferovan\u00fd vzhled. Diskutuj\u00ed spolu o d\u00e9lce, tlou\u0161\u0165ce a tvaru um\u011bl\u00fdch \u0159as, kter\u00e9 by nejl\u00e9pe vyhovovaly klient\u010din\u00fdm p\u0159\u00e1n\u00edm a osobnosti, ale tak\u00e9 stavu jejich p\u0159\u00edrodn\u00edch \u0159as, tak aby jej\u00ed p\u0159\u00edrodn\u00ed \u0159asy byly st\u00e1le i b\u011bhem no\u0161en\u00ed um\u011bl\u00fdch \u0159as zdrav\u00e9 a v nejlep\u0161\u00ed kondici.<\/p><\/div><div class=\"pix-el-text w-100  \" ><p class=\"text-20  text-gray-8  font-weight-bold\" >P\u0159\u00edprava a \u010di\u0161t\u011bn\u00ed \u0159as<\/p><\/div><div class=\"pix-el-text w-100  \" ><p class=\"text-18  text-gray-8  \" >Va\u0161e \u0159asy budou d\u016fkladn\u011b vy\u010di\u0161t\u011bny od make-upu a olej\u016f, aby byla zaji\u0161t\u011bna lep\u0161\u00ed p\u0159ilnavost um\u011bl\u00fdch \u0159as.<\/p><\/div><div class=\"pix-el-text w-100  \" ><p class=\"text-20  text-gray-8  font-weight-bold\" >V\u00fdb\u011br um\u011bl\u00fdch \u0159as<\/p><\/div><div class=\"pix-el-text w-100  \" ><p class=\"text-18  text-gray-8  \" >Na z\u00e1klad\u011b va\u0161ich preferenc\u00ed a po\u017eadovan\u00e9ho vzhledu budou vybr\u00e1ny lash stylistkou vhodn\u00e9 um\u011bl\u00e9 \u0159asy, tak aby se zachovaly zdrav\u00e9 va\u0161e p\u0159\u00edrodn\u00ed \u0159asy. Vzhledem k tomu, \u017ee jde o &#8220;light volume 2D-3D&#8221;, mohou b\u00fdt vybr\u00e1ny \u0159asy r\u016fzn\u00e9 d\u00e9lky a tlou\u0161\u0165ky, aby vytvo\u0159ily p\u0159irozen\u00fd a lehk\u00fd efekt.<\/p><\/div><div class=\"pix-el-text w-100  \" ><p class=\"text-20  text-gray-8  font-weight-bold\" >Aplikace \u0159as<\/p><\/div><div class=\"pix-el-text w-100  \" ><p class=\"text-18  text-gray-8  \" >Jednotliv\u00e9 um\u011bl\u00e9 \u0159asy budou ru\u010dn\u011b vytvo\u0159en\u00e9 do symetrick\u00fdch v\u011bj\u00ed\u0159k\u016f a budou pe\u010dliv\u011b aplikov\u00e1ny na va\u0161i p\u0159\u00edrodn\u00ed \u0159asu pomoc\u00ed speci\u00e1ln\u00ed lepidla. Tento proces b\u00fdv\u00e1 detailn\u00ed a vy\u017eaduje zru\u010dnost, aby v\u00fdsledn\u00fd vzhled byl co nejpevn\u011bj\u0161\u00ed a p\u0159irozen\u00fd.<\/p><\/div><div class=\"pix-el-text w-100  \" ><p class=\"text-20  text-gray-8  font-weight-bold\" >Dokon\u010den\u00ed a \u00faprava<\/p><\/div><div class=\"pix-el-text w-100  \" ><p class=\"text-18  text-gray-8  \" >Po aplikaci m\u016f\u017ee doj\u00edt k dola\u010fov\u00e1n\u00ed a \u00faprav\u011b \u0159as podle va\u0161ich p\u0159\u00e1n\u00ed a korekc\u00ed, pokud je to nutn\u00e9.<\/p><\/div><div class=\"pix-el-text w-100  \" ><p class=\"text-18  text-gray-8  \" >Po dokon\u010den\u00ed aplikace technik prov\u011b\u0159\u00ed symetrii a rovnom\u011brnost um\u011bl\u00fdch \u0159as a provede p\u0159\u00edpadn\u00e9 \u00fapravy, aby zajistil co nejp\u0159irozen\u011bj\u0161\u00ed a esteticky p\u0159\u00edjemn\u00fd vzhled.<\/p><\/div><div class=\"pix-el-text w-100  \" ><p class=\"text-20  text-gray-8  font-weight-bold\" >P\u00e9\u010de po procedu\u0159e<\/p><\/div><div class=\"pix-el-text w-100  \" ><p class=\"text-18  text-gray-8  \" >Po aplikaci budou va\u0161e \u0159asy vypadat pln\u011bj\u0161\u00ed a del\u0161\u00ed co\u017e m\u016f\u017ee pos\u00edlit v\u00e1\u0161 celkov\u00fd vzhled. Aby v\u0161ak byl v\u00fdsledek co nejoptim\u00e1ln\u011bj\u0161\u00ed a aby se minimalizovalo riziko po\u0161kozen\u00ed va\u0161ich p\u0159\u00edrodn\u00edch \u0159as, je d\u016fle\u017eit\u00e9 dodr\u017eovat n\u011bkolik bod\u016f v p\u00e9\u010di o n\u011b :<br><br>Vyhn\u011bte se olejov\u00fdm produkt\u016fm. Pou\u017e\u00edv\u00e1n\u00ed olejov\u00fdch produkt\u016f na o\u010dn\u00ed okol\u00ed m\u016f\u017ee oslabit p\u0159ilnavost lepidla a zkr\u00e1tit dobu po kterou um\u011bl\u00e9 \u0159asy vydr\u017e\u00ed.<br \/>\nJe d\u016fle\u017eit\u00e9 se vyvarovat t\u0159en\u00ed o\u010d\u00ed, aby jste zabr\u00e1nili po\u0161kozen\u00ed um\u011bl\u00fdch nebo p\u0159irozen\u00fdch \u0159as a uvoln\u011bn\u00ed lepidla.<br>Klientce budou poskytnuty pokyny ohledn\u011b p\u00e9\u010de o nov\u011b prodlou\u017een\u00e9 \u0159asy jako je pravideln\u00e9 \u010di\u0161t\u011bn\u00ed \u0159as a o\u010dn\u00edho okol\u00ed k tomu ur\u010den\u00fdmi p\u0159\u00edpravky, aby se maximalizovala trvanlivost a vzhled um\u011bl\u00fdch \u0159as.<br>Tak\u00e9 se doporu\u010duje v pravideln\u00fdch intervalech dopl\u0148ovat va\u0161e prodlou\u017een\u00e9 \u0159asy. Dopln\u011bn\u00ed va\u0161\u00ed lash stylistkou nejen zajist\u00ed \u017ee v\u00e1\u0161 vzhled prodlou\u017een\u00fdch \u0159as bude st\u00e1le dokonal\u00fd, ale i v\u00e1m odstran\u00ed ji\u017e nevzhledn\u00e9 um\u011bl\u00e9 \u0159asy a nahrad\u00ed nov\u00fdmi. Pot\u00e9 bude v\u00fdsledn\u00fd efekt va\u0161ich prodlou\u017een\u00fdch \u0159as toto\u017en\u00fd jako u nov\u00e9ho setu.<br>Dodr\u017eov\u00e1n\u00ed t\u011bchto z\u00e1sad v p\u00e9\u010di o prodlou\u017een\u00e9 \u0159asy minimalizujete riziko po\u0161kozen\u00ed va\u0161ich p\u0159\u00edrodn\u00edch \u0159as a prodlou\u017e\u00edte trvanlivost va\u0161eho nov\u00e9ho setu u v\u0161ech typ\u016f prodlu\u017eov\u00e1n\u00ed \u0159as.<\/p><\/div>[\/vc_column][\/vc_row][\/vc_section][vc_section full_width=&#8221;stretch_row&#8221; pix_bg_grdient=&#8221;bg-gradient-primary&#8221; pix_over_visibility=&#8221;&#8221;][vc_row full_width=&#8221;stretch_row&#8221; pix_particles_check=&#8221;&#8221; css=&#8221;.vc_custom_1590711282430{padding-top: 80px !important;}&#8221;][vc_column]<div class=\"pix-element-div w-100 text-center\"><span class=\"pix-badge-element h6 d-inline-flex mr-1 animate-in\" data-anim-type=\"fade-in-left\" data-anim-delay=\"600\"><span class=\"badge font-weight-bold bg-primary  vc_custom_1709746433554  \" style=\" \"><span class=\"text-dark-opacity-5\" style=\"\">Prodlu\u017eov\u00e1n\u00ed \u0159as<\/span><\/span><\/span><\/div><div id=\"el1709746388054-b7b22715-ff6e\" class=\"mb-3 text-center  vc_custom_1722853172160\"><div class=\"d-inline-block\" style=\"max-width:800px;\"><h2 class=\"mb-32 pix-sliding-headline-2 animate-in font-weight-bold secondary-font \" data-anim-type=\"pix-sliding-text\" pix-anim-delay=\"500\" data-class=\"secondary-font text-white\" style=\"\"><span class=\"slide-in-container \"><span class=\"pix-sliding-item secondary-font text-white\" style=\"transition-delay: 0ms;\">Fotogalerie&#32;<\/span><\/span> <span class=\"slide-in-container \"><span class=\"pix-sliding-item secondary-font text-white\" style=\"transition-delay: 150ms;\">prodlu\u017eov\u00e1n\u00ed&#32;<\/span><\/span> <span class=\"slide-in-container \"><span class=\"pix-sliding-item secondary-font text-white\" style=\"transition-delay: 300ms;\">\u0159as&#32;<\/span><\/span> <span class=\"slide-in-container \"><span class=\"pix-sliding-item secondary-font text-white\" style=\"transition-delay: 450ms;\">\u2013&#32;<\/span><\/span> <span class=\"slide-in-container \"><span class=\"pix-sliding-item secondary-font text-white\" style=\"transition-delay: 600ms;\">light&#32;<\/span><\/span> <span class=\"slide-in-container \"><span class=\"pix-sliding-item secondary-font text-white\" style=\"transition-delay: 750ms;\">volume&#32;<\/span><\/span> <span class=\"slide-in-container \"><span class=\"pix-sliding-item secondary-font text-white\" style=\"transition-delay: 900ms;\">2D&#32;<\/span><\/span> <span class=\"slide-in-container \"><span class=\"pix-sliding-item secondary-font text-white\" style=\"transition-delay: 1050ms;\">\u2013&#32;<\/span><\/span> <span class=\"slide-in-container \"><span class=\"pix-sliding-item secondary-font text-white\" style=\"transition-delay: 1200ms;\">3D&#32;<\/span><\/span> <\/h2><\/div><\/div><div class=\"pix-el-text w-100 text-center \" ><div class=\"d-inline-block\" style=\"max-width:600px;\"><p class=\"text-20  text-light-opacity-7 text-center \" ><span class=\"text-light-opacity-7 animate-in d-inline-block\" data-anim-delay=\"1000\" data-anim-type=\"fade-in-up\"><\/span><\/p><\/div><\/div>[\/vc_column][\/vc_row][vc_row full_width=&#8221;stretch_row_content_no_spaces&#8221; bottom_divider_select=&#8221;8&#8243; b_2_is_gradient=&#8221;true&#8221; b_2_color=&#8221;#e9ecef&#8221; b_3_is_gradient=&#8221;true&#8221; b_3_color=&#8221;rgba(233,236,239,0.3)&#8221; b_3_color_2=&#8221;rgba(248,249,250,0.01)&#8221; pix_particles_check=&#8221;&#8221; css=&#8221;.vc_custom_1590711905942{padding-bottom: 60px !important;}&#8221;][vc_column css=&#8221;.vc_custom_1590711921348{margin-top: 40px !important;}&#8221;]<div class=\"\"><div id=\"pix-slider-85368416\" class=\"pix-main-slider pix-fix-x2 pix-overflow-all-visible pix-opacity-slider pix-fade-out-effect  pix-overflow-y-visible pix-slider-3 pix-slider-dots  \" data-flickity='{\"autoPlay\":false,\"freeScroll\":false,\"prevNextButtons\":false,\"wrapAround\":true,\"pageDots\":true,\"adaptiveHeight\":true,\"rightToLeft\":false,\"cellAlign\":\"center\",\"contain\":true,\"slider_effect\":\"pix-fade-out-effect\",\"pix_id\":\"#pix-slider-85368416\"}'><div class=\"carousel-cell\"><div class=\"slide-inner pix-p-20\"><div class=\"pix-slider-effects\"><div class=\"animate-in d-inline-block\" data-anim-type=\"fade-in-up\" data-anim-delay=\"0\"><div class=\"shadow-lg fly-sm text-left w-100 d-inline-block rounded-xl\"  ><img decoding=\"async\" class=\"card-img rounded-xl h-100\" width=\"1741\" height=\"2048\" srcset=\"https:\/\/deniperez.com\/wp-content\/uploads\/2024\/08\/objem-cokoladove-2-3d-255x300.jpg 255w, https:\/\/deniperez.com\/wp-content\/uploads\/2024\/08\/objem-cokoladove-2-3d-871x1024.jpg 871w, https:\/\/deniperez.com\/wp-content\/uploads\/2024\/08\/objem-cokoladove-2-3d-768x903.jpg 768w, https:\/\/deniperez.com\/wp-content\/uploads\/2024\/08\/objem-cokoladove-2-3d-1306x1536.jpg 1306w, https:\/\/deniperez.com\/wp-content\/uploads\/2024\/08\/objem-cokoladove-2-3d.jpg 1741w\" sizes=\"(max-width: 1741px) 100vw, 1741px\" src=\"https:\/\/deniperez.com\/wp-content\/uploads\/2024\/08\/objem-cokoladove-2-3d.jpg\" alt=\"\" style=\"\"\/><\/div><\/div><\/div><\/div><\/div><div class=\"carousel-cell\"><div class=\"slide-inner pix-p-20\"><div class=\"pix-slider-effects\"><div class=\"animate-in d-inline-block\" data-anim-type=\"fade-in-up\" data-anim-delay=\"0\"><div class=\"shadow-lg fly-sm text-left w-100 d-inline-block rounded-xl\"  ><img decoding=\"async\" class=\"card-img rounded-xl h-100\" width=\"2016\" height=\"1664\" srcset=\"https:\/\/deniperez.com\/wp-content\/uploads\/2024\/08\/lehky-objem-2-3d-1-300x248.jpg 300w, https:\/\/deniperez.com\/wp-content\/uploads\/2024\/08\/lehky-objem-2-3d-1-1024x845.jpg 1024w, https:\/\/deniperez.com\/wp-content\/uploads\/2024\/08\/lehky-objem-2-3d-1-768x634.jpg 768w, https:\/\/deniperez.com\/wp-content\/uploads\/2024\/08\/lehky-objem-2-3d-1-1536x1268.jpg 1536w, https:\/\/deniperez.com\/wp-content\/uploads\/2024\/08\/lehky-objem-2-3d-1.jpg 2016w\" sizes=\"(max-width: 2016px) 100vw, 2016px\" src=\"https:\/\/deniperez.com\/wp-content\/uploads\/2024\/08\/lehky-objem-2-3d-1.jpg\" alt=\"\" style=\"\"\/><\/div><\/div><\/div><\/div><\/div><div class=\"carousel-cell\"><div class=\"slide-inner pix-p-20\"><div class=\"pix-slider-effects\"><div class=\"animate-in d-inline-block\" data-anim-type=\"fade-in-up\" data-anim-delay=\"0\"><div class=\"shadow-lg fly-sm text-left w-100 d-inline-block rounded-xl\"  ><img loading=\"lazy\" decoding=\"async\" class=\"card-img rounded-xl h-100\" width=\"1404\" height=\"1080\" srcset=\"https:\/\/deniperez.com\/wp-content\/uploads\/2024\/08\/objem-2-3d-300x231.jpg 300w, https:\/\/deniperez.com\/wp-content\/uploads\/2024\/08\/objem-2-3d-1024x788.jpg 1024w, https:\/\/deniperez.com\/wp-content\/uploads\/2024\/08\/objem-2-3d-768x591.jpg 768w, https:\/\/deniperez.com\/wp-content\/uploads\/2024\/08\/objem-2-3d.jpg 1404w\" sizes=\"(max-width: 1404px) 100vw, 1404px\" src=\"https:\/\/deniperez.com\/wp-content\/uploads\/2024\/08\/objem-2-3d.jpg\" alt=\"\" style=\"\"\/><\/div><\/div><\/div><\/div><\/div><\/div><\/div>[\/vc_column][\/vc_row][\/vc_section][vc_section full_width=&#8221;stretch_row&#8221; pix_bg_grdient=&#8221;bg-gradient-dark&#8221; pix_over_visibility=&#8221;&#8221; top_divider_select=&#8221;dynamic&#8221; top_moving_divider_color=&#8221;%5B%7B%22d_gradient%22%3A%221%22%2C%22d_color_1%22%3A%22%238209ed%22%2C%22d_color_2%22%3A%22%2312e58d%22%7D%2C%7B%22d_gradient%22%3A%221%22%2C%22d_color_1%22%3A%22%23ff3067%22%2C%22d_color_2%22%3A%22rgba(39%2C145%2C244%2C0.56)%22%7D%2C%7B%22d_color_1%22%3A%22%23ffffff%22%2C%22d_color_2%22%3A%22%23f8f9fa%22%7D%5D&#8221; t_flip_h=&#8221;true&#8221; pix_visibility=&#8221;1&#8243; css=&#8221;.vc_custom_1587702645277{padding-top: 120px !important;padding-bottom: 80px !important;}&#8221; t_custom_height=&#8221;100px&#8221;][vc_row full_width=&#8221;stretch_row&#8221; pix_particles_check=&#8221;&#8221; pix_visibility=&#8221;1&#8243;][vc_column content_align=&#8221;text-center&#8221; offset=&#8221;vc_col-lg-offset-1 vc_col-lg-10&#8243;]<span class=\"pix-badge-element h5 d-inline-flex mr-1 animate-in\" data-anim-type=\"fade-in-up\" data-anim-delay=\"0\"><span class=\"badge font-weight-bold secondary-font badge-pill bg-dark-opacity-8  vc_custom_1709745056925  \" style=\" \"><span class=\"text-white\" style=\"\">Prodlu\u017eov\u00e1n\u00ed \u0159as<\/span><\/span><\/span><div id=\"el1709745013958-14767a63-1faa\" class=\"mb-3 text-center  vc_custom_1710155833553\"><h2 class=\"mb-32 pix-sliding-headline-2 animate-in font-weight-bold secondary-font \" data-anim-type=\"pix-sliding-text\" pix-anim-delay=\"500\" data-class=\"secondary-font text-white\" style=\"\"><span class=\"slide-in-container \"><span class=\"pix-sliding-item secondary-font text-white\" style=\"transition-delay: 0ms;\">Cen\u00edk&#32;<\/span><\/span> <span class=\"slide-in-container \"><span class=\"pix-sliding-item secondary-font text-white\" style=\"transition-delay: 150ms;\">prodlu\u017eov\u00e1n\u00ed&#32;<\/span><\/span> <span class=\"slide-in-container \"><span class=\"pix-sliding-item secondary-font text-white\" style=\"transition-delay: 300ms;\">\u0159as&#32;<\/span><\/span> <span class=\"slide-in-container \"><span class=\"pix-sliding-item secondary-font text-white\" style=\"transition-delay: 450ms;\">Light&#32;<\/span><\/span> <span class=\"slide-in-container \"><span class=\"pix-sliding-item secondary-font text-white\" style=\"transition-delay: 600ms;\">volume&#32;<\/span><\/span> <span class=\"slide-in-container \"><span class=\"pix-sliding-item secondary-font text-white\" style=\"transition-delay: 750ms;\">2D&#32;<\/span><\/span> <span class=\"slide-in-container \"><span class=\"pix-sliding-item secondary-font text-white\" style=\"transition-delay: 900ms;\">\u2013&#32;<\/span><\/span> <span class=\"slide-in-container \"><span class=\"pix-sliding-item secondary-font text-white\" style=\"transition-delay: 1050ms;\">3D&#32;<\/span><\/span> <\/h2><\/div>[\/vc_column][\/vc_row][vc_row full_width=&#8221;stretch_row_content&#8221; pix_particles_check=&#8221;&#8221;][vc_column width=&#8221;1\/4&#8243;][\/vc_column][vc_column width=&#8221;1\/4&#8243;]<div class=\"card w-100 pix_pricing    animate-in  vc_custom_1728207364804\" data-anim-type=\"fade-in-up\" data-anim-delay=\"0\"><div class=\" bg-light-opacity-1 shadow shadow-hover scale-sm rounded-lg pix-p-20 rounded-lg2 pix-mb-20  bg-light-opacity-1\" ><span class=\"pix-badge-element h6 d-inline-flex mr-1 \"  ><span class=\"badge font-weight-bold secondary-font bg-dark-opacity-3  vc_custom_1728207364785  \" style=\" \"><span class=\"text-white\" style=\"\">Prodlu\u017eov\u00e1n\u00ed \u0159as<\/span><\/span><\/span><h2 class=\"pt-3 font-weight-bold text-white h2\" ><span class=\"currency\"><\/span><span>2100<\/span><sub class=\"text-small\">,- K\u010d<\/sub><\/h2><p class=\"m-0 text-24 font-weight-bold secondary-font text-white\" >Nov\u00fd set<\/p><\/div><div class=\"pix-px-20\"><div id=\"duo-icon-18452298\" class=\"slide-in-container w-100  \" ><div class=\"py-2 \"  ><div class=\"pix-feature-list   font-weight-bold     py-2 d-flex align-items-center\" ><\/div><\/div><\/div><\/div><div class=\"pix-mt-20\"><a  href=\"https:\/\/deniperez.com\/?page_id=13832\" class=\"btn mb-2     shadow-lg shadow-hover-lg fly-sm text-white  bg-light-opacity-1 btn-primary btn-custom-bg  d-block w-100  pix-hover-item       animate-in btn-md\"   data-anim-type=\"fade-in-up\" data-anim-delay=\"400\" ><i class=\"font-weight-bold pixicon-bag-2  pix-hover-left  mr-1\"><\/i> <span class=\"font-weight-bold \" >Objednat se<\/span><\/a><\/div><\/div>\n[\/vc_column][vc_column width=&#8221;1\/4&#8243;]<div class=\"card w-100 pix_pricing    animate-in  vc_custom_1728207376305\" data-anim-type=\"fade-in-up\" data-anim-delay=\"0\"><div class=\" bg-light-opacity-2 shadow shadow-hover scale-sm rounded-lg pix-p-20 rounded-lg2 pix-mb-20  bg-light-opacity-2\" ><span class=\"pix-badge-element h6 d-inline-flex mr-1 \"  ><span class=\"badge font-weight-bold secondary-font bg-dark-opacity-3  vc_custom_1728207376283  \" style=\" \"><span class=\"text-white\" style=\"\">Prodlu\u017eov\u00e1n\u00ed \u0159as<\/span><\/span><\/span><h2 class=\"pt-3 font-weight-bold text-white h2\" ><span class=\"currency\"><\/span><span>900 - 1000<\/span><sub class=\"text-small\">,- K\u010d<\/sub><\/h2><p class=\"m-0 text-24 font-weight-bold secondary-font text-white\" >Dopln\u011bn\u00ed \u0159as<\/p><\/div><div class=\"pix-px-20\"><div id=\"duo-icon-161026507\" class=\"slide-in-container w-100  \" ><div class=\"py-2 \"  ><div class=\"pix-feature-list   font-weight-bold     py-2 d-flex align-items-center\" ><\/div><\/div><\/div><\/div><div class=\"pix-mt-20\"><a  href=\"https:\/\/deniperez.com\/?page_id=13832\" class=\"btn mb-2     shadow-lg shadow-hover-lg fly-sm text-white  bg-light-opacity-1 btn-primary btn-custom-bg  d-block w-100  pix-hover-item       animate-in btn-md\"   data-anim-type=\"fade-in-up\" data-anim-delay=\"400\" ><i class=\"font-weight-bold pixicon-bag-2  pix-hover-left  mr-1\"><\/i> <span class=\"font-weight-bold \" >Objednat se<\/span><\/a><\/div><\/div>\n[\/vc_column][vc_column width=&#8221;1\/4&#8243;][\/vc_column][\/vc_row][\/vc_section]<\/p>\n<\/div>","protected":false},"excerpt":{"rendered":"[vc_section full_width=&#8221;stretch_row&#8221; pix_over_visibility=&#8221;&#8221; css=&#8221;.vc_custom_1710154664317{margin-top: -50px !important;padding-top: 60px !important;padding-bottom: 80px !important;background-color: #ffffff !important;}&#8221;][vc_row full_width=&#8221;stretch_row&#8221; content_placement=&#8221;middle&#8221; pix_particles_check=&#8221;&#8221; css=&#8221;.vc_custom_1590194617797{padding-top: 40px !important;padding-bottom: 40px !important;background-color: #ffffff !important;}&#8221;][vc_column width=&#8221;1\/2&#8243; responsive_css=&#8221;{&#8220;pix_res_sm_mb&#8220;:&#8220;50&#8220;}&#8221; css=&#8221;.vc_custom_1710258656122{margin-bottom: 1500px !important;padding-right: 20px !important;padding-left: 20px !important;}&#8221;][\/vc_column][vc_column width=&#8221;1\/2&#8243;][\/vc_column][\/vc_row][\/vc_section][vc_section full_width=&#8221;stretch_row&#8221; pix_bg_grdient=&#8221;bg-gradient-primary&#8221; pix_over_visibility=&#8221;&#8221;][vc_row full_width=&#8221;stretch_row&#8221; pix_particles_check=&#8221;&#8221; css=&#8221;.vc_custom_1590711282430{padding-top: 80px !important;}&#8221;][vc_column][\/vc_column][\/vc_row][vc_row&#8230;","protected":false},"author":1,"featured_media":0,"parent":0,"menu_order":0,"comment_status":"closed","ping_status":"closed","template":"","meta":{"om_disable_all_campaigns":false,"_monsterinsights_skip_tracking":false,"_monsterinsights_sitenote_active":false,"_monsterinsights_sitenote_note":"","_monsterinsights_sitenote_category":0,"footnotes":""},"aioseo_notices":[],"_links":{"self":[{"href":"https:\/\/deniperez.com\/index.php?rest_route=\/wp\/v2\/pages\/13545"}],"collection":[{"href":"https:\/\/deniperez.com\/index.php?rest_route=\/wp\/v2\/pages"}],"about":[{"href":"https:\/\/deniperez.com\/index.php?rest_route=\/wp\/v2\/types\/page"}],"author":[{"embeddable":true,"href":"https:\/\/deniperez.com\/index.php?rest_route=\/wp\/v2\/users\/1"}],"replies":[{"embeddable":true,"href":"https:\/\/deniperez.com\/index.php?rest_route=%2Fwp%2Fv2%2Fcomments&post=13545"}],"version-history":[{"count":21,"href":"https:\/\/deniperez.com\/index.php?rest_route=\/wp\/v2\/pages\/13545\/revisions"}],"predecessor-version":[{"id":14095,"href":"https:\/\/deniperez.com\/index.php?rest_route=\/wp\/v2\/pages\/13545\/revisions\/14095"}],"wp:attachment":[{"href":"https:\/\/deniperez.com\/index.php?rest_route=%2Fwp%2Fv2%2Fmedia&parent=13545"}],"curies":[{"name":"wp","href":"https:\/\/api.w.org\/{rel}","templated":true}]}}