{"id":13455,"date":"2024-01-06T15:14:42","date_gmt":"2024-01-06T15:14:42","guid":{"rendered":"https:\/\/deniperez.com\/?page_id=13455"},"modified":"2024-10-06T11:00:27","modified_gmt":"2024-10-06T10:00:27","slug":"kosmeticke-sluzby-2","status":"publish","type":"page","link":"https:\/\/deniperez.com\/?page_id=13455","title":{"rendered":"Kosmetick\u00e9 slu\u017eby"},"content":{"rendered":"<div class=\"wpb-content-wrapper\"><p>[vc_section full_width=&#8221;stretch_row&#8221; full_height=&#8221;yes&#8221; content_placement=&#8221;middle&#8221; pix_over_visibility=&#8221;&#8221; responsive_css=&#8221;{&#8220;pix_res_sm_pt&#8220;:&#8220;20&#8220;,&#8220;pix_res_sm_pb&#8220;:&#8220;60&#8220;,&#8220;pix_res_md_pt&#8220;:&#8220;40&#8220;,&#8220;pix_res_md_pb&#8220;:&#8220;80&#8220;}&#8221; css=&#8221;.vc_custom_1704552894488{margin-top: -48px !important;padding-bottom: 80px !important;background-color: #212529 !important;}&#8221; el_class=&#8221;bg-intro&#8221; section_name=&#8221;prehled sluzeb&#8221;][vc_row full_width=&#8221;stretch_row&#8221; content_placement=&#8221;middle&#8221; pix_particles_check=&#8221;&#8221;][vc_column content_align=&#8221;text-center&#8221; css=&#8221;.vc_custom_1643757636071{padding-top: 40px !important;padding-bottom: 40px !important;}&#8221; offset=&#8221;vc_col-lg-offset-2 vc_col-lg-8 vc_col-md-offset-1 vc_col-md-10&#8243;]<span class=\"pix-badge-element h6 d-inline-flex mr-1 animate-in\" data-anim-type=\"fade-in-left\" data-anim-delay=\"0\"><span class=\"badge font-weight-bold secondary-font badge-pill shadow bg-white  vc_custom_1704554738762  \" style=\" \"><span class=\"text-heading-default\" style=\"\">Kosmetick\u00e9 slu\u017eby<\/span><\/span><\/span><div id=\"el1643063248650-0a14a926-70a7\" class=\"pix-highlighted-element text-center  vc_custom_1704554345382\"><div class=\"d-inline-block\" style=\"max-width:700px;\"><h2 class=\"pix-highlighted-items animate-in\" style=\"\" data-anim-type=\"fade-in-up\" data-anim-delay=\"100\"><span id=\"el1643063248650-0a14a926-70a7-0\" class=\"\"><span class=\"pix-highlighted-text pix-highlight-item font-weight-normal  font-weight-bold heading-font text-gradient-primary\">P\u0159ehled v\u0161ech kosmetick\u00fdch slu\u017eeb<\/span><\/span><\/h2><\/div><\/div>[\/vc_column][\/vc_row][vc_row equal_height=&#8221;yes&#8221; pix_particles_check=&#8221;&#8221; css=&#8221;.vc_custom_1649286056109{padding-top: 40px !important;}&#8221;][vc_column width=&#8221;1\/3&#8243;]<div class=\"pix-content-box card      vc_custom_1649286242951 custom-responsive-176732142   rounded-10 shadow shadow-hover-lg fly-sm animate-in bg- w-100  \"  data-anim-type=\"fade-in-up\" data-anim-delay=\"0\"><div class=\"\" style=\"z-index:30;position:relative;\"><div class=\"d-inline-block \" ><div class=\"pix-img-el  vc_custom_1712562448955   scale-sm text-center d-inline-block   rounded-0\"  ><img fetchpriority=\"high\" decoding=\"async\" class=\"card-img2 pix-img-elem rounded-0  h-1002\" style=\"width:430;max-height:430;\" width=\"934\" height=\"933\" srcset=\"https:\/\/deniperez.com\/wp-content\/uploads\/2024\/04\/facialMaskTreatments.jpg 934w, https:\/\/deniperez.com\/wp-content\/uploads\/2024\/04\/facialMaskTreatments-300x300.jpg 300w, https:\/\/deniperez.com\/wp-content\/uploads\/2024\/04\/facialMaskTreatments-150x150.jpg 150w, https:\/\/deniperez.com\/wp-content\/uploads\/2024\/04\/facialMaskTreatments-768x767.jpg 768w, https:\/\/deniperez.com\/wp-content\/uploads\/2024\/04\/facialMaskTreatments-400x400.jpg 400w, https:\/\/deniperez.com\/wp-content\/uploads\/2024\/04\/facialMaskTreatments-75x75.jpg 75w, https:\/\/deniperez.com\/wp-content\/uploads\/2024\/04\/facialMaskTreatments-460x460.jpg 460w\" sizes=\"(max-width: 934px) 100vw, 934px\" src=\"https:\/\/deniperez.com\/wp-content\/uploads\/2024\/04\/facialMaskTreatments.jpg\" alt=\"Image link\" \/><\/div><\/div><span class=\"pix-badge-element h6 d-inline-flex mr-1 animate-in\" data-anim-type=\"fade-in-up\" data-anim-delay=\"300\"><span class=\"badge font-weight-bold secondary-font bg-green  vc_custom_1704554403019  \" style=\" \"><span class=\"text-white\" style=\"\">Kosmetick\u00e9 slu\u017eby<\/span><\/span><\/span><div id=\"1643071775632-f8d9ca4d-0597\" class=\"pix-feature-el text-left  vc_custom_1712560883922\"><h5 class=\"font-weight-bold  secondary-font text-heading-default animate-in\" style=\"\" data-anim-type=\"fade-in-up\" data-anim-delay=\"150\">Kosmetick\u00e9 o\u0161et\u0159en\u00ed klasik<\/h5><div class=\"text-text-gray text-18     animate-in\" style=\"padding-top:10px;\" data-anim-type=\"fade-in-up\" data-anim-delay=\"250\"><\/div><\/div><a  href=\"https:\/\/deniperez.com\/?page_id=13618\" class=\"btn mb-2     btn-gray-7 d-inline-block pix-hover-item       animate-in btn-normal\"   data-anim-type=\"fade-in-up\" data-anim-delay=\"150\" ><i class=\"font-weight-bold pixicon-angle-circle-right  pix-hover-left  mr-1\"><\/i> <span class=\"font-weight-bold \" >V\u00edce o slu\u017eb\u011b<\/span><\/a><\/div><\/div><div class=\"pix-content-box card      vc_custom_1649286242951 custom-responsive-186660656   rounded-10 shadow shadow-hover-lg fly-sm animate-in bg- w-100  \"  data-anim-type=\"fade-in-up\" data-anim-delay=\"0\"><div class=\"\" style=\"z-index:30;position:relative;\"><div class=\"d-inline-block \" ><div class=\"pix-img-el  vc_custom_1712562425580   scale-sm text-center d-inline-block   rounded-0\"  ><img decoding=\"async\" class=\"card-img2 pix-img-elem rounded-0  h-1002\" style=\"width:430;max-height:430;\" width=\"1280\" height=\"1280\" srcset=\"https:\/\/deniperez.com\/wp-content\/uploads\/2024\/04\/skin_treat.jpg 1280w, https:\/\/deniperez.com\/wp-content\/uploads\/2024\/04\/skin_treat-300x300.jpg 300w, https:\/\/deniperez.com\/wp-content\/uploads\/2024\/04\/skin_treat-1024x1024.jpg 1024w, https:\/\/deniperez.com\/wp-content\/uploads\/2024\/04\/skin_treat-150x150.jpg 150w, https:\/\/deniperez.com\/wp-content\/uploads\/2024\/04\/skin_treat-768x768.jpg 768w, https:\/\/deniperez.com\/wp-content\/uploads\/2024\/04\/skin_treat-400x400.jpg 400w, https:\/\/deniperez.com\/wp-content\/uploads\/2024\/04\/skin_treat-75x75.jpg 75w, https:\/\/deniperez.com\/wp-content\/uploads\/2024\/04\/skin_treat-460x460.jpg 460w\" sizes=\"(max-width: 1280px) 100vw, 1280px\" src=\"https:\/\/deniperez.com\/wp-content\/uploads\/2024\/04\/skin_treat.jpg\" alt=\"Image link\" \/><\/div><\/div><span class=\"pix-badge-element h6 d-inline-flex mr-1 animate-in\" data-anim-type=\"fade-in-up\" data-anim-delay=\"300\"><span class=\"badge font-weight-bold secondary-font bg-green  vc_custom_1704554556390  \" style=\" \"><span class=\"text-white\" style=\"\">Kosmetick\u00e9 slu\u017eby<\/span><\/span><\/span><div id=\"1704550124786-261b09b4-4334\" class=\"pix-feature-el text-left  vc_custom_1712560903038\"><h5 class=\"font-weight-bold  secondary-font text-heading-default animate-in\" style=\"\" data-anim-type=\"fade-in-up\" data-anim-delay=\"150\">Kosmetick\u00e9 o\u0161et\u0159en\u00ed rozs\u00e1hl\u00e9<\/h5><div class=\"text-text-gray text-18     animate-in\" style=\"padding-top:10px;\" data-anim-type=\"fade-in-up\" data-anim-delay=\"250\"><\/div><\/div><a  href=\"https:\/\/deniperez.com\/?page_id=13628\" class=\"btn mb-2     btn-gray-7 btn-flat d-inline-block pix-hover-item       animate-in btn-normal\"   data-anim-type=\"fade-in-up\" data-anim-delay=\"150\" ><i class=\"font-weight-bold pixicon-angle-circle-right  pix-hover-left  mr-1\"><\/i> <span class=\"font-weight-bold \" >V\u00edce o slu\u017eb\u011b<\/span><\/a><\/div><\/div>[\/vc_column][vc_column width=&#8221;1\/3&#8243;]<div class=\"pix-content-box card      vc_custom_1649286236875 custom-responsive-55542219   rounded-10 shadow shadow-hover-lg fly-sm animate-in bg- w-100  \"  data-anim-type=\"fade-in-up\" data-anim-delay=\"0\"><div class=\"\" style=\"z-index:30;position:relative;\"><div class=\"d-inline-block \" ><div class=\"pix-img-el  vc_custom_1712562444612   scale-sm text-center d-inline-block   rounded-0\"  ><img decoding=\"async\" class=\"card-img2 pix-img-elem rounded-0  h-1002\" style=\"width:430;max-height:430;\" width=\"2560\" height=\"1920\" srcset=\"https:\/\/deniperez.com\/wp-content\/uploads\/2024\/04\/skin-spatula-for-blackhead-treatment-scaled.webp 2560w, https:\/\/deniperez.com\/wp-content\/uploads\/2024\/04\/skin-spatula-for-blackhead-treatment-300x225.webp 300w, https:\/\/deniperez.com\/wp-content\/uploads\/2024\/04\/skin-spatula-for-blackhead-treatment-1024x768.webp 1024w, https:\/\/deniperez.com\/wp-content\/uploads\/2024\/04\/skin-spatula-for-blackhead-treatment-768x576.webp 768w, https:\/\/deniperez.com\/wp-content\/uploads\/2024\/04\/skin-spatula-for-blackhead-treatment-1536x1152.webp 1536w, https:\/\/deniperez.com\/wp-content\/uploads\/2024\/04\/skin-spatula-for-blackhead-treatment-2048x1536.webp 2048w, https:\/\/deniperez.com\/wp-content\/uploads\/2024\/04\/skin-spatula-for-blackhead-treatment-600x450.webp 600w\" sizes=\"(max-width: 2560px) 100vw, 2560px\" src=\"https:\/\/deniperez.com\/wp-content\/uploads\/2024\/04\/skin-spatula-for-blackhead-treatment-scaled.webp\" alt=\"Image link\" \/><\/div><\/div><span class=\"pix-badge-element h6 d-inline-flex mr-1 animate-in\" data-anim-type=\"fade-in-up\" data-anim-delay=\"300\"><span class=\"badge font-weight-bold secondary-font bg-green  vc_custom_1704554417396  \" style=\" \"><span class=\"text-white\" style=\"\">Kosmetick\u00e9 slu\u017eby<\/span><\/span><\/span><div id=\"1644703589060-14c0621b-1964\" class=\"pix-feature-el text-left  vc_custom_1712560890400\"><h5 class=\"font-weight-bold  secondary-font text-heading-default animate-in\" style=\"\" data-anim-type=\"fade-in-up\" data-anim-delay=\"150\">Kosmetick\u00e9 o\u0161et\u0159en\u00ed v\u010detn\u011b ultrazvukov\u00e9 \u0161pachtle<\/h5><div class=\"text-text-gray text-18     animate-in\" style=\"padding-top:10px;\" data-anim-type=\"fade-in-up\" data-anim-delay=\"250\"><\/div><\/div><a  href=\"https:\/\/deniperez.com\/?page_id=13621\" class=\"btn mb-2     btn-gray-7 d-inline-block pix-hover-item       animate-in btn-normal\"   data-anim-type=\"fade-in-up\" data-anim-delay=\"150\" ><i class=\"font-weight-bold pixicon-angle-circle-right  pix-hover-left  mr-1\"><\/i> <span class=\"font-weight-bold \" >V\u00edce o slu\u017eb\u011b<\/span><\/a><\/div><\/div><div class=\"pix-content-box card      vc_custom_1649286236875 custom-responsive-170998820   rounded-10 shadow shadow-hover-lg fly-sm animate-in bg- w-100  \"  data-anim-type=\"fade-in-up\" data-anim-delay=\"0\"><div class=\"\" style=\"z-index:30;position:relative;\"><div class=\"d-inline-block \" ><div class=\"pix-img-el  vc_custom_1712562430819   scale-sm text-center d-inline-block   rounded-0\"  ><img loading=\"lazy\" decoding=\"async\" class=\"card-img2 pix-img-elem rounded-0  h-1002\" style=\"width:430;max-height:430;\" width=\"1001\" height=\"1000\" srcset=\"https:\/\/deniperez.com\/wp-content\/uploads\/2024\/04\/eye-brow.jpg 1001w, https:\/\/deniperez.com\/wp-content\/uploads\/2024\/04\/eye-brow-300x300.jpg 300w, https:\/\/deniperez.com\/wp-content\/uploads\/2024\/04\/eye-brow-150x150.jpg 150w, https:\/\/deniperez.com\/wp-content\/uploads\/2024\/04\/eye-brow-768x767.jpg 768w, https:\/\/deniperez.com\/wp-content\/uploads\/2024\/04\/eye-brow-400x400.jpg 400w, https:\/\/deniperez.com\/wp-content\/uploads\/2024\/04\/eye-brow-75x75.jpg 75w, https:\/\/deniperez.com\/wp-content\/uploads\/2024\/04\/eye-brow-460x460.jpg 460w\" sizes=\"(max-width: 1001px) 100vw, 1001px\" src=\"https:\/\/deniperez.com\/wp-content\/uploads\/2024\/04\/eye-brow.jpg\" alt=\"Image link\" \/><\/div><\/div><span class=\"pix-badge-element h6 d-inline-flex mr-1 animate-in\" data-anim-type=\"fade-in-up\" data-anim-delay=\"300\"><span class=\"badge font-weight-bold secondary-font bg-green  vc_custom_1704554581039  \" style=\" \"><span class=\"text-white\" style=\"\">Kosmetick\u00e9 slu\u017eby<\/span><\/span><\/span><div id=\"1704550131127-eaf49739-65d5\" class=\"pix-feature-el text-left  vc_custom_1712560908907\"><h5 class=\"font-weight-bold  secondary-font text-heading-default animate-in\" style=\"\" data-anim-type=\"fade-in-up\" data-anim-delay=\"150\">\u00daprava obo\u010d\u00ed pinzetou<\/h5><div class=\"text-text-gray text-18     animate-in\" style=\"padding-top:10px;\" data-anim-type=\"fade-in-up\" data-anim-delay=\"250\"><\/div><\/div><a  href=\"https:\/\/deniperez.com\/?page_id=13633\" class=\"btn mb-2     btn-gray-7 d-inline-block pix-hover-item       animate-in btn-normal\"   data-anim-type=\"fade-in-up\" data-anim-delay=\"150\" ><i class=\"font-weight-bold pixicon-angle-circle-right  pix-hover-left  mr-1\"><\/i> <span class=\"font-weight-bold \" >V\u00edce o slu\u017eb\u011b<\/span><\/a><\/div><\/div>[\/vc_column][vc_column width=&#8221;1\/3&#8243;]<div class=\"pix-content-box card      vc_custom_1649286249644 custom-responsive-110098244   rounded-10 shadow shadow-hover-lg fly-sm animate-in bg- w-100  \"  data-anim-type=\"fade-in-up\" data-anim-delay=\"0\"><div class=\"\" style=\"z-index:30;position:relative;\"><div class=\"d-inline-block \" ><div class=\"pix-img-el  vc_custom_1712562440156   scale-sm text-center d-inline-block   rounded-0\"  ><img loading=\"lazy\" decoding=\"async\" class=\"card-img2 pix-img-elem rounded-0  h-1002\" style=\"width:430;max-height:430;\" width=\"1080\" height=\"1080\" srcset=\"https:\/\/deniperez.com\/wp-content\/uploads\/2024\/04\/lifting.jpg 1080w, https:\/\/deniperez.com\/wp-content\/uploads\/2024\/04\/lifting-300x300.jpg 300w, https:\/\/deniperez.com\/wp-content\/uploads\/2024\/04\/lifting-1024x1024.jpg 1024w, https:\/\/deniperez.com\/wp-content\/uploads\/2024\/04\/lifting-150x150.jpg 150w, https:\/\/deniperez.com\/wp-content\/uploads\/2024\/04\/lifting-768x768.jpg 768w, https:\/\/deniperez.com\/wp-content\/uploads\/2024\/04\/lifting-400x400.jpg 400w, https:\/\/deniperez.com\/wp-content\/uploads\/2024\/04\/lifting-75x75.jpg 75w, https:\/\/deniperez.com\/wp-content\/uploads\/2024\/04\/lifting-460x460.jpg 460w\" sizes=\"(max-width: 1080px) 100vw, 1080px\" src=\"https:\/\/deniperez.com\/wp-content\/uploads\/2024\/04\/lifting.jpg\" alt=\"Image link\" \/><\/div><\/div><span class=\"pix-badge-element h6 d-inline-flex mr-1 animate-in\" data-anim-type=\"fade-in-up\" data-anim-delay=\"300\"><span class=\"badge font-weight-bold secondary-font bg-green  vc_custom_1704554471210  \" style=\" \"><span class=\"text-white\" style=\"\">Permanetn\u00ed make-up<\/span><\/span><\/span><div id=\"1643068410233-a340a3bc-d94c\" class=\"pix-feature-el text-left  vc_custom_1712560895903\"><h5 class=\"font-weight-bold  secondary-font text-heading-default animate-in\" style=\"\" data-anim-type=\"fade-in-up\" data-anim-delay=\"150\">Liftingov\u00e1 proced\u016fra<\/h5><div class=\"text-text-gray text-18     animate-in\" style=\"padding-top:10px;\" data-anim-type=\"fade-in-up\" data-anim-delay=\"250\"><\/div><\/div><a  href=\"https:\/\/deniperez.com\/?page_id=13625\" class=\"btn mb-2     btn-gray-7 d-inline-block pix-hover-item       animate-in btn-normal\"   data-anim-type=\"fade-in-up\" data-anim-delay=\"150\" ><i class=\"font-weight-bold pixicon-angle-circle-right  pix-hover-left  mr-1\"><\/i> <span class=\"font-weight-bold \" >V\u00edce o slu\u017eb\u011b<\/span><\/a><\/div><\/div><div class=\"pix-content-box card      vc_custom_1649286249644 custom-responsive-72617963   rounded-10 shadow shadow-hover-lg fly-sm animate-in bg- w-100  \"  data-anim-type=\"fade-in-up\" data-anim-delay=\"0\"><div class=\"\" style=\"z-index:30;position:relative;\"><div class=\"d-inline-block \" ><div class=\"pix-img-el  vc_custom_1712562435076   scale-sm text-center d-inline-block   rounded-0\"  ><img loading=\"lazy\" decoding=\"async\" class=\"card-img2 pix-img-elem rounded-0  h-1002\" style=\"width:430;max-height:430;\" width=\"410\" height=\"408\" srcset=\"https:\/\/deniperez.com\/wp-content\/uploads\/2024\/04\/brow_wax.jpg 410w, https:\/\/deniperez.com\/wp-content\/uploads\/2024\/04\/brow_wax-300x300.jpg 300w, https:\/\/deniperez.com\/wp-content\/uploads\/2024\/04\/brow_wax-150x150.jpg 150w, https:\/\/deniperez.com\/wp-content\/uploads\/2024\/04\/brow_wax-75x75.jpg 75w\" sizes=\"(max-width: 410px) 100vw, 410px\" src=\"https:\/\/deniperez.com\/wp-content\/uploads\/2024\/04\/brow_wax.jpg\" alt=\"Image link\" \/><\/div><\/div><span class=\"pix-badge-element h6 d-inline-flex mr-1 animate-in\" data-anim-type=\"fade-in-up\" data-anim-delay=\"300\"><span class=\"badge font-weight-bold secondary-font bg-green  vc_custom_1704554647809  \" style=\" \"><span class=\"text-white\" style=\"\">Kosmetick\u00e9 slu\u017eby<\/span><\/span><\/span><div id=\"1704550133408-b130e919-5912\" class=\"pix-feature-el text-left  vc_custom_1712560913407\"><h5 class=\"font-weight-bold  secondary-font text-heading-default animate-in\" style=\"\" data-anim-type=\"fade-in-up\" data-anim-delay=\"150\">\u00daprava obo\u010d\u00ed voskem<\/h5><div class=\"text-text-gray text-18     animate-in\" style=\"padding-top:10px;\" data-anim-type=\"fade-in-up\" data-anim-delay=\"250\"><\/div><\/div><a  href=\"https:\/\/deniperez.com\/?page_id=13637\" class=\"btn mb-2     btn-gray-7 d-inline-block pix-hover-item       animate-in btn-normal\"   data-anim-type=\"fade-in-up\" data-anim-delay=\"150\" ><i class=\"font-weight-bold pixicon-angle-circle-right  pix-hover-left  mr-1\"><\/i> <span class=\"font-weight-bold \" >V\u00edce o slu\u017eb\u011b<\/span><\/a><\/div><\/div>[\/vc_column][\/vc_row][\/vc_section]<\/p>\n<\/div>","protected":false},"excerpt":{"rendered":"[vc_section full_width=&#8221;stretch_row&#8221; full_height=&#8221;yes&#8221; content_placement=&#8221;middle&#8221; pix_over_visibility=&#8221;&#8221; responsive_css=&#8221;{&#8220;pix_res_sm_pt&#8220;:&#8220;20&#8220;,&#8220;pix_res_sm_pb&#8220;:&#8220;60&#8220;,&#8220;pix_res_md_pt&#8220;:&#8220;40&#8220;,&#8220;pix_res_md_pb&#8220;:&#8220;80&#8220;}&#8221; css=&#8221;.vc_custom_1704552894488{margin-top: -48px !important;padding-bottom: 80px !important;background-color: #212529 !important;}&#8221; el_class=&#8221;bg-intro&#8221; section_name=&#8221;prehled sluzeb&#8221;][vc_row full_width=&#8221;stretch_row&#8221; content_placement=&#8221;middle&#8221; pix_particles_check=&#8221;&#8221;][vc_column content_align=&#8221;text-center&#8221; css=&#8221;.vc_custom_1643757636071{padding-top: 40px !important;padding-bottom: 40px !important;}&#8221; offset=&#8221;vc_col-lg-offset-2 vc_col-lg-8 vc_col-md-offset-1 vc_col-md-10&#8243;][\/vc_column][\/vc_row][vc_row equal_height=&#8221;yes&#8221; pix_particles_check=&#8221;&#8221; css=&#8221;.vc_custom_1649286056109{padding-top: 40px !important;}&#8221;][vc_column width=&#8221;1\/3&#8243;][\/vc_column][vc_column width=&#8221;1\/3&#8243;][\/vc_column][vc_column width=&#8221;1\/3&#8243;][\/vc_column][\/vc_row][\/vc_section]","protected":false},"author":1,"featured_media":0,"parent":0,"menu_order":0,"comment_status":"closed","ping_status":"closed","template":"","meta":{"om_disable_all_campaigns":false,"_monsterinsights_skip_tracking":false,"_monsterinsights_sitenote_active":false,"_monsterinsights_sitenote_note":"","_monsterinsights_sitenote_category":0,"footnotes":""},"aioseo_notices":[],"_links":{"self":[{"href":"https:\/\/deniperez.com\/index.php?rest_route=\/wp\/v2\/pages\/13455"}],"collection":[{"href":"https:\/\/deniperez.com\/index.php?rest_route=\/wp\/v2\/pages"}],"about":[{"href":"https:\/\/deniperez.com\/index.php?rest_route=\/wp\/v2\/types\/page"}],"author":[{"embeddable":true,"href":"https:\/\/deniperez.com\/index.php?rest_route=\/wp\/v2\/users\/1"}],"replies":[{"embeddable":true,"href":"https:\/\/deniperez.com\/index.php?rest_route=%2Fwp%2Fv2%2Fcomments&post=13455"}],"version-history":[{"count":18,"href":"https:\/\/deniperez.com\/index.php?rest_route=\/wp\/v2\/pages\/13455\/revisions"}],"predecessor-version":[{"id":14100,"href":"https:\/\/deniperez.com\/index.php?rest_route=\/wp\/v2\/pages\/13455\/revisions\/14100"}],"wp:attachment":[{"href":"https:\/\/deniperez.com\/index.php?rest_route=%2Fwp%2Fv2%2Fmedia&parent=13455"}],"curies":[{"name":"wp","href":"https:\/\/api.w.org\/{rel}","templated":true}]}}